{"id":5144,"date":"2025-10-14T23:32:11","date_gmt":"2025-10-14T20:32:11","guid":{"rendered":"https:\/\/wristbandfactory.eu\/?post_type=product&#038;p=5144"},"modified":"2026-04-01T21:52:35","modified_gmt":"2026-04-01T18:52:35","slug":"numbered-plain-tyvek-wristbands","status":"publish","type":"product","link":"https:\/\/displayproducts.eu\/nb\/p\/numbered-plain-tyvek-wristbands\/","title":{"rendered":"Nummererte, enkle Tyvek-armb\u00e5nd"},"content":{"rendered":"<p>Effektiviser adgangskontrollen til arrangementet ditt og forbedre sikkerheten med v\u00e5re slitesterke, enkle Tyvek-armb\u00e5nd. Disse armb\u00e5ndene er designet for profesjonell bruk, og tilbyr en p\u00e5litelig og kostnadseffektiv l\u00f8sning for \u00e5 h\u00e5ndtere gjester, kontrollere adgang og forenkle identifikasjon ved ethvert sammenkomst.<\/p>\n<h3>Bygget for sikkerhet og synlighet<\/h3>\n<p>Armb\u00e5ndene v\u00e5re er laget av autentisk DuPont\u2122 Tyvek\u00ae, er vanntette, rivebestandige og har en sikker, barnesikker lukking. Hvert b\u00e5nd leveres med et unikt, forh\u00e5ndstrykt serienummer for \u00e5 forhindre svindel og forenkle gjestetelling.<\/p>\n<h3>Velg bredde: 19 mm vs. 25 mm<\/h3>\n<p>Velg st\u00f8rrelsen som passer best til synlighetskravene til arrangementet ditt:<\/p>\n<h3>19 mm standardbredde (bransjestandarden)<\/h3>\n<p>Det mest popul\u00e6re valget for 90%-arrangementer. Den tilbyr den perfekte balansen mellom komfort og synlighet.<\/p>\n<ul>\n<li><b>Best for:<\/b> Endagsfestivaler, konserter, nattklubber og private fester.<\/li>\n<li><b>Fordel:<\/b> Subtil p\u00e5 h\u00e5ndleddet, men uten trykk for sikkerhetspersonalet \u00e5 verifisere.<\/li>\n<\/ul>\n<h3>25 mm ekstra bred (maksimal synlighet)<\/h3>\n<p>Gir et st\u00f8rre overflateareal, noe som gj\u00f8r fargen og nummereringen synlige p\u00e5 st\u00f8rre avstand.<\/p>\n<ul>\n<li><b>Best for:<\/b> VIP-identifikasjon, overfylte steder eller arrangementer som krever h\u00e5ndskrevne notater om bandet.<\/li>\n<li><b>Fordel:<\/b> H\u00f8yere synlighet muliggj\u00f8r raskere behandling av publikum ved inngangspunkter.<\/li>\n<\/ul>\n<h3>Viktige funksjoner:<\/h3>\n<ul>\n<li><b>Sekvensiell nummerering:<\/b> Hvert b\u00e5nd har et unikt nummer for forbedret sikkerhet og gjestesporing.<\/li>\n<li><b>Ekte DuPont\u2122 Tyvek\u00ae:<\/b> Vanntett og rivebestandig materiale for p\u00e5litelig bruk ved arrangementer.<\/li>\n<li><b>Sikker lukking:<\/b> Sikkert engangslim forhindrer overf\u00f8ring mellom gjester.<\/li>\n<li><b>To breddealternativer:<\/b> Tilgjengelig i standard (19 mm) eller bred (25 mm) versjon.<\/li>\n<li><b>Livlige fargealternativer:<\/b> Tilgjengelig i neon-, metallic- og standardfarger for uten trykk visuell gjestesegmentering.<\/li>\n<li><b>Brukstilfelle:<\/b> Ideell for adgangskontroll, aldersverifisering og gjesteidentifikasjon.<\/li>\n<\/ul>","protected":false},"excerpt":{"rendered":"<ul>\n<li>Har unik sekvensiell nummerering for sikker tilgangskontroll og gjestesporing.<\/li>\n<li>Laget av ekte DuPont\u2122 Tyvek\u00ae (vanntett og rivebestandig).<\/li>\n<li>Bredt utvalg av livlige farger for uten trykk visuell gjesteidentifisering.<\/li>\n<li>Sikker lukking med klebemiddel forhindrer overf\u00f8ring mellom deltakere.<\/li>\n<\/ul>","protected":false},"featured_media":6111,"comment_status":"closed","ping_status":"closed","template":"","meta":[],"product_brand":[],"product_cat":[66,41,68],"product_tag":[],"class_list":{"0":"post-5144","1":"product","2":"type-product","3":"status-publish","4":"has-post-thumbnail","6":"product_cat-wristbands","7":"product_cat-tyvek","8":"product_cat-event-supplies","10":"first","11":"instock","12":"shipping-taxable","13":"purchasable","14":"product-type-simple"},"_links":{"self":[{"href":"https:\/\/displayproducts.eu\/nb\/wp-json\/wp\/v2\/product\/5144","targetHints":{"allow":["GET"]}}],"collection":[{"href":"https:\/\/displayproducts.eu\/nb\/wp-json\/wp\/v2\/product"}],"about":[{"href":"https:\/\/displayproducts.eu\/nb\/wp-json\/wp\/v2\/types\/product"}],"replies":[{"embeddable":true,"href":"https:\/\/displayproducts.eu\/nb\/wp-json\/wp\/v2\/comments?post=5144"}],"wp:featuredmedia":[{"embeddable":true,"href":"https:\/\/displayproducts.eu\/nb\/wp-json\/wp\/v2\/media\/6111"}],"wp:attachment":[{"href":"https:\/\/displayproducts.eu\/nb\/wp-json\/wp\/v2\/media?parent=5144"}],"wp:term":[{"taxonomy":"product_brand","embeddable":true,"href":"https:\/\/displayproducts.eu\/nb\/wp-json\/wp\/v2\/product_brand?post=5144"},{"taxonomy":"product_cat","embeddable":true,"href":"https:\/\/displayproducts.eu\/nb\/wp-json\/wp\/v2\/product_cat?post=5144"},{"taxonomy":"product_tag","embeddable":true,"href":"https:\/\/displayproducts.eu\/nb\/wp-json\/wp\/v2\/product_tag?post=5144"}],"curies":[{"name":"wp","href":"https:\/\/api.w.org\/{rel}","templated":true}]}}