{"id":5130,"date":"2025-10-13T13:22:52","date_gmt":"2025-10-13T10:22:52","guid":{"rendered":"https:\/\/wristbandfactory.eu\/?post_type=product&#038;p=5130"},"modified":"2026-04-01T21:52:35","modified_gmt":"2026-04-01T18:52:35","slug":"fluorescent-fabric-wristbands-uv-reactive","status":"publish","type":"product","link":"https:\/\/displayproducts.eu\/nb\/p\/fluorescent-fabric-wristbands-uv-reactive\/","title":{"rendered":"Fluorescerende stoffarmb\u00e5nd (UV-reaktive)"},"content":{"rendered":"<p data-path-to-node=\"8\">H\u00e5ndter sikkerheten for arrangementer i omgivelser med lite lys med v\u00e5re fluorescerende stoffarmb\u00e5nd. Dette er den ideelle l\u00f8sningen for nattklubber, konserter og kveldsfestivaler som krever p\u00e5litelig adgangskontroll med h\u00f8y synlighet.<\/p>\n<h3>UV\/Blacklight-funksjon med h\u00f8y synlighet<\/h3>\n<p data-path-to-node=\"10\">Armb\u00e5ndet er laget av myk polyester i sterke fluorescerende farger. Dette materialet er godt synlig i dagslys og <b>lyser sterkt under UV\/svart lys<\/b>, noe som forbedrer b\u00e5de sikkerhetskontrollene for ansatte og merkevarens tilstedev\u00e6relse i m\u00f8rket.<\/p>\n<h3>Konfigurer sikkerhetsl\u00e5sen din<\/h3>\n<p data-path-to-node=\"12\">S\u00f8rg for robust adgangskontroll ved \u00e5 velge l\u00e5sen som passer til arrangementets behov. Disse fluorescerende b\u00e5ndene er kompatible med hele v\u00e5rt utvalg av l\u00e5ser:<\/p>\n<ul data-path-to-node=\"13\">\n<li>\n<p data-path-to-node=\"13,0,0\"><b>H\u00f8ysikkerhetsl\u00e5s:<\/b> Den justerbare enveis sikkerhetslukkingen (laget av ABS) for \u00e5 forhindre forflytning og uautorisert adgang.<\/p>\n<\/li>\n<li>\n<p data-path-to-node=\"13,1,0\"><b>Gjenbrukbar l\u00e5s:<\/b> En justerbar perle for fleksibel bruk eller for arrangementer der armb\u00e5nd kan tas av.<\/p>\n<\/li>\n<li>\n<p data-path-to-node=\"13,2,0\"><b>Milj\u00f8vennlig bambusl\u00e5s:<\/b> En b\u00e6rekraftig engangsl\u00e5s som passer godt til alle stoffremmer.<\/p>\n<\/li>\n<\/ul>\n<p data-path-to-node=\"14\">Det slitesterke og komfortable polyesterb\u00e5ndet er den perfekte overflaten for din spesialtrykte logo, og sikrer at merkevaren din blir synlig selv i m\u00f8rket.<\/p>\n<h3 data-path-to-node=\"15\">Viktige funksjoner:<\/h3>\n<ul data-path-to-node=\"16\">\n<li>\n<p data-path-to-node=\"16,0,0\"><b>Materiale med h\u00f8y synlighet:<\/b> Lyser sterkt under UV\/svart lys for uten trykk identifisering i m\u00f8rket.<\/p>\n<\/li>\n<li>\n<p data-path-to-node=\"16,1,0\"><b>Flere l\u00e5sealternativer:<\/b> Velg mellom h\u00f8ysikkerhets- (engangs-), gjenbrukbare eller milj\u00f8vennlige bambuslukkinger.<\/p>\n<\/li>\n<li>\n<p data-path-to-node=\"16,2,0\"><b>Slitesterkt polyesterstoff:<\/b> Mykt, slitesterkt materiale designet for komfortabel bruk over lengre tid.<\/p>\n<\/li>\n<li>\n<p data-path-to-node=\"16,3,0\"><b>Fullstendig tilpassbar:<\/b> Ideell overflate for spesialtrykk av arrangementslogoen eller sponsorlogoen din.<\/p>\n<\/li>\n<li>\n<p data-path-to-node=\"16,4,0\"><b>Universell passform:<\/b> Den justerbare l\u00e5sedesignen passer komfortabelt p\u00e5 alle h\u00e5ndleddsst\u00f8rrelser.<\/p>\n<\/li>\n<\/ul>","protected":false},"excerpt":{"rendered":"<ul>\n<li>\n<p data-path-to-node=\"7,0,0\"><b>UV\/svartlysreaktiv:<\/b> Lyser sterkt i omgivelser med lite lys for uten trykk identifisering.<\/p>\n<\/li>\n<li>\n<p data-path-to-node=\"7,1,0\"><b>L\u00e5sealternativer:<\/b> Velg mellom en h\u00f8ysikkerhetsl\u00e5s, en gjenbrukbar perle eller en milj\u00f8vennlig bambusl\u00e5s.<\/p>\n<\/li>\n<li>\n<p data-path-to-node=\"7,2,0\"><b>Slitesterk og komfortabel:<\/b> Laget av myk og slitesterk polyester for komfortabel bruk i flere dager.<\/p>\n<\/li>\n<li>\n<p data-path-to-node=\"7,3,0\"><b>Fullstendig tilpassbar:<\/b> Det perfekte lerretet for din spesialtrykte logo eller melding til et arrangement.<\/p>\n<\/li>\n<\/ul>","protected":false},"featured_media":6383,"comment_status":"closed","ping_status":"closed","template":"","meta":[],"product_brand":[],"product_cat":[66,47,68],"product_tag":[],"class_list":{"0":"post-5130","1":"product","2":"type-product","3":"status-publish","4":"has-post-thumbnail","6":"product_cat-wristbands","7":"product_cat-fabric-wristbands","8":"product_cat-event-supplies","10":"first","11":"instock","12":"shipping-taxable","13":"purchasable","14":"product-type-simple"},"_links":{"self":[{"href":"https:\/\/displayproducts.eu\/nb\/wp-json\/wp\/v2\/product\/5130","targetHints":{"allow":["GET"]}}],"collection":[{"href":"https:\/\/displayproducts.eu\/nb\/wp-json\/wp\/v2\/product"}],"about":[{"href":"https:\/\/displayproducts.eu\/nb\/wp-json\/wp\/v2\/types\/product"}],"replies":[{"embeddable":true,"href":"https:\/\/displayproducts.eu\/nb\/wp-json\/wp\/v2\/comments?post=5130"}],"wp:featuredmedia":[{"embeddable":true,"href":"https:\/\/displayproducts.eu\/nb\/wp-json\/wp\/v2\/media\/6383"}],"wp:attachment":[{"href":"https:\/\/displayproducts.eu\/nb\/wp-json\/wp\/v2\/media?parent=5130"}],"wp:term":[{"taxonomy":"product_brand","embeddable":true,"href":"https:\/\/displayproducts.eu\/nb\/wp-json\/wp\/v2\/product_brand?post=5130"},{"taxonomy":"product_cat","embeddable":true,"href":"https:\/\/displayproducts.eu\/nb\/wp-json\/wp\/v2\/product_cat?post=5130"},{"taxonomy":"product_tag","embeddable":true,"href":"https:\/\/displayproducts.eu\/nb\/wp-json\/wp\/v2\/product_tag?post=5130"}],"curies":[{"name":"wp","href":"https:\/\/api.w.org\/{rel}","templated":true}]}}