{"id":5108,"date":"2025-10-06T22:07:55","date_gmt":"2025-10-06T19:07:55","guid":{"rendered":"https:\/\/wristbandfactory.eu\/?post_type=product&#038;p=5108"},"modified":"2026-04-01T21:52:35","modified_gmt":"2026-04-01T18:52:35","slug":"custom-engraved-printed-wooden-medals","status":"publish","type":"product","link":"https:\/\/displayproducts.eu\/nb\/p\/custom-engraved-printed-wooden-medals\/","title":{"rendered":"Spesialgraverte og trykte tremedaljer"},"content":{"rendered":"<p>Omfavn en naturlig og b\u00e6rekraftig estetikk for prisene dine med v\u00e5re spesialtilpassede tremedaljer. Disse medaljene er perfekte for utend\u00f8rsarrangementer, milj\u00f8bevisste merkevarer og unike anerkjennelser, og tilbyr et varmt og rustikt alternativ til tradisjonelle metallpriser. De kan lages i enhver tilpasset form og gir en minneverdig og milj\u00f8vennlig m\u00e5te \u00e5 feire prestasjoner p\u00e5.<\/p>\n<p><b>Allsidige designalternativer<\/b> Vi tilbyr tre forskjellige metoder for \u00e5 bringe designet ditt til live p\u00e5 treflaten:<\/p>\n<ol start=\"1\">\n<li><b>Gravert logo:<\/b> For et klassisk, rustikt utseende lasergravers designen din direkte i treverket, noe som skaper en vakker og taktil finish som fremhever den naturlige \u00e5ren.<\/li>\n<li><b>Silketrykk:<\/b> Ideelt for dristige logoer i ensfargede farger som skiller seg tydelig ut mot treverket.<\/li>\n<li><b>UV-trykk i fullfarge:<\/b> For livlige og komplekse kunstverk, p\u00e5f\u00f8rer v\u00e5r avanserte UV-trykkprosess ditt fullfargede design direkte p\u00e5 treflaten med presisjon og holdbarhet.<\/li>\n<\/ol>\n<p>Hver medalje kan ytterligere tilpasses med individuelle navn og tall gravert p\u00e5 baksiden.<\/p>\n<p><b>Premium og b\u00e6rekraftige b\u00e5nd<\/b> For \u00e5 fullf\u00f8re utmerkelsen inkluderer hver medalje et f\u00f8rsteklasses 80 cm langt b\u00e5nd, trykt i fullfarge p\u00e5 begge sider. Du kan velge mellom et standard l\u00f8kkesydd polyesterb\u00e5nd eller et <b>milj\u00f8vennlig rPET-b\u00e5nd<\/b> laget av resirkulerte materialer, noe som ytterligere forbedrer arrangementets b\u00e6rekraftige troverdighet.<\/p>\n<p><b>Viktige funksjoner:<\/b><\/p>\n<ul>\n<li><b>Naturlig tremateriale:<\/b> Gir en unik, rustikk og milj\u00f8vennlig estetikk.<\/li>\n<li><b>Tre designalternativer:<\/b> Velg mellom lasergravering, 1-farges silketrykk eller UV-trykk i fullfarge.<\/li>\n<li><b>Helt tilpasset form:<\/b> Lag en medalje i hvilken som helst form som passer perfekt til arrangementet eller merkevaren din.<\/li>\n<li><b>Fullfargetrykte b\u00e5nd inkludert:<\/b> Designet ditt er trykket p\u00e5 begge sider av b\u00e5ndet.<\/li>\n<li><b>Milj\u00f8vennlig rPET-b\u00e5ndalternativ:<\/b> Et b\u00e6rekraftig b\u00e5ndvalg laget av resirkulerte materialer.<\/li>\n<li><b>Individuelt navn og nummergravering:<\/b> Personaliser hver medalje for mottakeren p\u00e5 baksiden.<\/li>\n<\/ul>","protected":false},"excerpt":{"rendered":"<p>Velg en unik og b\u00e6rekraftig pris med v\u00e5re spesialtilpassede tremedaljer. Designet ditt kan graveres, silketrykkes eller UV-trykkes i livlige farger, og de kan lages i alle former.<\/p>","protected":false},"featured_media":6458,"comment_status":"closed","ping_status":"closed","template":"","meta":[],"product_brand":[],"product_cat":[102,45],"product_tag":[],"class_list":{"0":"post-5108","1":"product","2":"type-product","3":"status-publish","4":"has-post-thumbnail","6":"product_cat-medals","7":"product_cat-other","9":"first","10":"instock","11":"shipping-taxable","12":"purchasable","13":"product-type-simple"},"_links":{"self":[{"href":"https:\/\/displayproducts.eu\/nb\/wp-json\/wp\/v2\/product\/5108","targetHints":{"allow":["GET"]}}],"collection":[{"href":"https:\/\/displayproducts.eu\/nb\/wp-json\/wp\/v2\/product"}],"about":[{"href":"https:\/\/displayproducts.eu\/nb\/wp-json\/wp\/v2\/types\/product"}],"replies":[{"embeddable":true,"href":"https:\/\/displayproducts.eu\/nb\/wp-json\/wp\/v2\/comments?post=5108"}],"wp:featuredmedia":[{"embeddable":true,"href":"https:\/\/displayproducts.eu\/nb\/wp-json\/wp\/v2\/media\/6458"}],"wp:attachment":[{"href":"https:\/\/displayproducts.eu\/nb\/wp-json\/wp\/v2\/media?parent=5108"}],"wp:term":[{"taxonomy":"product_brand","embeddable":true,"href":"https:\/\/displayproducts.eu\/nb\/wp-json\/wp\/v2\/product_brand?post=5108"},{"taxonomy":"product_cat","embeddable":true,"href":"https:\/\/displayproducts.eu\/nb\/wp-json\/wp\/v2\/product_cat?post=5108"},{"taxonomy":"product_tag","embeddable":true,"href":"https:\/\/displayproducts.eu\/nb\/wp-json\/wp\/v2\/product_tag?post=5108"}],"curies":[{"name":"wp","href":"https:\/\/api.w.org\/{rel}","templated":true}]}}