{"id":5103,"date":"2025-10-06T22:03:40","date_gmt":"2025-10-06T19:03:40","guid":{"rendered":"https:\/\/wristbandfactory.eu\/?post_type=product&#038;p=5103"},"modified":"2026-04-01T21:52:35","modified_gmt":"2026-04-01T18:52:35","slug":"custom-3d-medals-with-uv-color-printing","status":"publish","type":"product","link":"https:\/\/displayproducts.eu\/nb\/p\/custom-3d-medals-with-uv-color-printing\/","title":{"rendered":"Tilpassede 3D-medaljer med UV-fargetrykk"},"content":{"rendered":"<p>L\u00e5s opp uovertrufne designmuligheter med v\u00e5re spesialtilpassede 3D-medaljer med UV-fargetrykk. Denne banebrytende teknikken kombinerer den taktile dybden til en st\u00f8pt 3D-relieffmedalje med de livlige detaljene til fullfargetrykk, og skaper en pris med fantastisk visuell og teksturell effekt som garantert vil imponere.<\/p>\n<p><b>Farge m\u00f8ter tekstur<\/b> I motsetning til tradisjonelle metoder, p\u00e5f\u00f8rer UV-trykk ditt fullfargede design direkte p\u00e5 medaljens overflate, og tilpasser seg perfekt de hevede og fordypede omr\u00e5dene i ditt tilpassede 3D-design. Dette gir mulighet for at intrikate, fargerike logoer og kunstverk kan sameksistere med et taktilt, metallisk relieff. Selve medaljen er laget av f\u00f8rsteklasses sinklegering, noe som gir mulighet for intrikate tilpassede former og utskj\u00e6ringer.<\/p>\n<p><b>Premium fargeb\u00e5nd<\/b> Som et supplement til premiummedaljen inkluderer hver utmerkelse et h\u00f8ykvalitetsb\u00e5nd trykt i livlige farger p\u00e5 begge sider. Velg mellom klassisk polyester eller et milj\u00f8vennlig <b>rPET-b\u00e5nd<\/b> laget av resirkulerte materialer for \u00e5 samsvare med organisasjonens b\u00e6rekraftsm\u00e5l.<\/p>\n<p><b>Fullstendige tilpasningsalternativer<\/b><\/p>\n<ul>\n<li><b>Medalje:<\/b> Designet ditt kan lages i en hvilken som helst tilpasset form opptil 65 mm. Velg mellom 8 forskjellige platingfarger for metallbasen. Du kan eventuelt legge til et hevet eller senket logodesign p\u00e5 baksiden, samt gravere individuelle navn og numre.<\/li>\n<li><b>B\u00e5nd:<\/b> Inkluderer et l\u00f8kkesydd 80 cm b\u00e5nd med fullfargetrykk p\u00e5 begge sider.<\/li>\n<\/ul>\n<p>&nbsp;<\/p>\n<p><b>Pakken \u00ab\u00c5 vinne medaljer\u00bb<\/b> V\u00e5r unike pakke \u00abVinnermedaljer\u00bb er ogs\u00e5 tilgjengelig, slik at du kan inkludere et sett med 1.-, 2.- og 3.-plassmedaljer i bestillingen din for \u00e5 lage et komplett premiesett for konkurransen din.<\/p>\n<p><b>Viktige funksjoner:<\/b><\/p>\n<ul>\n<li><b>UV-utskrift p\u00e5 3D-overflater:<\/b> Fullfargede design p\u00e5f\u00f8rt direkte p\u00e5 det hevede og innfelte metallet.<\/li>\n<li><b>Premium sinklegeringsmateriale:<\/b> Tillater intrikate 3D-relieffformer og tilpassede utskj\u00e6ringer.<\/li>\n<li><b>Fullfargetrykte b\u00e5nd inkludert:<\/b> Designet ditt trykkes p\u00e5 begge sider av b\u00e5ndet.<\/li>\n<li><b>Milj\u00f8vennlig rPET-b\u00e5ndalternativ:<\/b> Et b\u00e6rekraftig b\u00e5ndvalg laget av resirkulerte materialer.<\/li>\n<li><b>Helt tilpasset form:<\/b> Medaljen din kan st\u00f8pes i hvilken som helst form for \u00e5 representere merkevaren eller arrangementet ditt.<\/li>\n<li><b>Pakken \u00abVinn medaljer\u00bb er tilgjengelig:<\/b> Inkluder uten trykkt medaljer for 1., 2. og 3. plass.<\/li>\n<li><b>Individuelt navn og nummergravering:<\/b> Tilpass hver medalje for mottakeren.<\/li>\n<li><b>8 forskjellige platingfarger:<\/b> Velg den perfekte metalliske finishen til designet ditt.<\/li>\n<\/ul>\n<p>&nbsp;<\/p>\n<h3><\/h3>","protected":false},"excerpt":{"rendered":"<p>Opplev neste niv\u00e5 av medaljedesign med v\u00e5re UV-trykte 3D-medaljer. Denne teknikken trykker livlige fargedesign direkte p\u00e5 de hevede og innfelte metalloverflatene.<\/p>","protected":false},"featured_media":6447,"comment_status":"closed","ping_status":"closed","template":"","meta":[],"product_brand":[],"product_cat":[68,102,45],"product_tag":[],"class_list":{"0":"post-5103","1":"product","2":"type-product","3":"status-publish","4":"has-post-thumbnail","6":"product_cat-event-supplies","7":"product_cat-medals","8":"product_cat-other","10":"first","11":"instock","12":"shipping-taxable","13":"purchasable","14":"product-type-simple"},"_links":{"self":[{"href":"https:\/\/displayproducts.eu\/nb\/wp-json\/wp\/v2\/product\/5103","targetHints":{"allow":["GET"]}}],"collection":[{"href":"https:\/\/displayproducts.eu\/nb\/wp-json\/wp\/v2\/product"}],"about":[{"href":"https:\/\/displayproducts.eu\/nb\/wp-json\/wp\/v2\/types\/product"}],"replies":[{"embeddable":true,"href":"https:\/\/displayproducts.eu\/nb\/wp-json\/wp\/v2\/comments?post=5103"}],"wp:featuredmedia":[{"embeddable":true,"href":"https:\/\/displayproducts.eu\/nb\/wp-json\/wp\/v2\/media\/6447"}],"wp:attachment":[{"href":"https:\/\/displayproducts.eu\/nb\/wp-json\/wp\/v2\/media?parent=5103"}],"wp:term":[{"taxonomy":"product_brand","embeddable":true,"href":"https:\/\/displayproducts.eu\/nb\/wp-json\/wp\/v2\/product_brand?post=5103"},{"taxonomy":"product_cat","embeddable":true,"href":"https:\/\/displayproducts.eu\/nb\/wp-json\/wp\/v2\/product_cat?post=5103"},{"taxonomy":"product_tag","embeddable":true,"href":"https:\/\/displayproducts.eu\/nb\/wp-json\/wp\/v2\/product_tag?post=5103"}],"curies":[{"name":"wp","href":"https:\/\/api.w.org\/{rel}","templated":true}]}}