{"id":5098,"date":"2025-10-06T21:55:28","date_gmt":"2025-10-06T18:55:28","guid":{"rendered":"https:\/\/wristbandfactory.eu\/?post_type=product&#038;p=5098"},"modified":"2026-04-01T21:52:35","modified_gmt":"2026-04-01T18:52:35","slug":"standard-shape-medals-with-full-color-doming","status":"publish","type":"product","link":"https:\/\/displayproducts.eu\/nb\/p\/standard-shape-medals-with-full-color-doming\/","title":{"rendered":"Standardformede medaljer med fullfarget kuppel"},"content":{"rendered":"<p>For arrangementer som krever en rask, uten trykk og sv\u00e6rt kostnadseffektiv prisl\u00f8sning, er v\u00e5re standardformede jernmedaljer det perfekte valget. Ved \u00e5 bruke en standard 50 mm medaljeform (f.eks. rund), kan vi tilby v\u00e5r laveste pris og raskeste behandlingstider, samtidig som vi tilbyr et vakkert, fargerikt spesialdesign for arrangementet ditt.<\/p>\n<p><b>Maksimal effekt p\u00e5 et minimalt budsjett<\/b> Disse medaljene er det ideelle valget for deltakerpremier, skoleidrettsdager eller ethvert arrangement som trenger et stort antall medaljer av h\u00f8y kvalitet til en rimelig pris. Fronten har et livlig, fargerikt design, beskyttet av en blank og slitesterk kuppel. Medaljebasen er laget av massivt jern, noe som gir den en tilfredsstillende vekt og f\u00f8lelse.<\/p>\n<p><b>Uten trykk og str\u00f8mlinjeformet tilpasning<\/b><\/p>\n<ul>\n<li><b>Medalje:<\/b> Medaljen kommer i en standard 50 mm form. Du kan velge mellom 8 forskjellige platingfarger for metallet og personliggj\u00f8re baksiden med en gravert logo eller individuelle navn og tall.<\/li>\n<li><b>B\u00e5nd:<\/b> Hver medalje inkluderer et 80 cm polyesterb\u00e5nd med V-s\u00f8mmer. B\u00e5ndene kan produseres i opptil 3 farger etter eget valg, og du kan legge til silketrykklogoen din p\u00e5 \u00e9n eller begge sider.<\/li>\n<\/ul>\n<p>&nbsp;<\/p>\n<p><b>Pakken \u00ab\u00c5 vinne medaljer\u00bb<\/b> Selv med v\u00e5rt mest budsjettvennlige alternativ kan du fortsatt feire dine beste ut\u00f8vere. V\u00e5r unike \u00abVinnermedaljer\u00bb-pakke er tilgjengelig, slik at du kan inkludere et sett med 1.-, 2.- og 3.-plassmedaljer i bestillingen din.<\/p>\n<p><b>Viktige funksjoner:<\/b><\/p>\n<ul>\n<li><b>Det mest kostnadseffektive medaljealternativet:<\/b> V\u00e5r beste verdi for store bestillinger og stramme budsjetter.<\/li>\n<li><b>Standard 50 mm form:<\/b> Tillater raskere produksjon og lavere kostnader.<\/li>\n<li><b>Fullfarget kuppelfinish:<\/b> Fremhever din komplekse, fargerike logo med et beskyttende, glanset lag.<\/li>\n<li><b>Pakken \u00abVinn medaljer\u00bb er tilgjengelig:<\/b> Inkluder uten trykkt medaljer for 1., 2. og 3. plass.<\/li>\n<li><b>Individuelt navn og nummergravering:<\/b> Tilpass hver medalje for mottakeren.<\/li>\n<li><b>Valgfri gravert logo p\u00e5 baksiden:<\/b> Legg til ekstra merkevarebygging p\u00e5 baksiden av medaljen.<\/li>\n<li><b>Tilpassbare V-sydde b\u00e5nd inkludert:<\/b> Velg farger og legg til logoen din.<\/li>\n<li><b>8 forskjellige platingfarger:<\/b> Velg den perfekte metalliske finishen til medaljen din.<\/li>\n<\/ul>\n<p>&nbsp;<\/p>\n<h3><\/h3>","protected":false},"excerpt":{"rendered":"<p>V\u00e5r raskeste og rimeligste prisl\u00f8sning. Disse jernmedaljene i standard form har din livlige, fargerike kuppellogo, og gir maksimal effekt p\u00e5 et minimalt budsjett.<\/p>","protected":false},"featured_media":6643,"comment_status":"closed","ping_status":"closed","template":"","meta":[],"product_brand":[],"product_cat":[68,102,45],"product_tag":[],"class_list":{"0":"post-5098","1":"product","2":"type-product","3":"status-publish","4":"has-post-thumbnail","6":"product_cat-event-supplies","7":"product_cat-medals","8":"product_cat-other","10":"first","11":"instock","12":"shipping-taxable","13":"purchasable","14":"product-type-simple"},"_links":{"self":[{"href":"https:\/\/displayproducts.eu\/nb\/wp-json\/wp\/v2\/product\/5098","targetHints":{"allow":["GET"]}}],"collection":[{"href":"https:\/\/displayproducts.eu\/nb\/wp-json\/wp\/v2\/product"}],"about":[{"href":"https:\/\/displayproducts.eu\/nb\/wp-json\/wp\/v2\/types\/product"}],"replies":[{"embeddable":true,"href":"https:\/\/displayproducts.eu\/nb\/wp-json\/wp\/v2\/comments?post=5098"}],"wp:featuredmedia":[{"embeddable":true,"href":"https:\/\/displayproducts.eu\/nb\/wp-json\/wp\/v2\/media\/6643"}],"wp:attachment":[{"href":"https:\/\/displayproducts.eu\/nb\/wp-json\/wp\/v2\/media?parent=5098"}],"wp:term":[{"taxonomy":"product_brand","embeddable":true,"href":"https:\/\/displayproducts.eu\/nb\/wp-json\/wp\/v2\/product_brand?post=5098"},{"taxonomy":"product_cat","embeddable":true,"href":"https:\/\/displayproducts.eu\/nb\/wp-json\/wp\/v2\/product_cat?post=5098"},{"taxonomy":"product_tag","embeddable":true,"href":"https:\/\/displayproducts.eu\/nb\/wp-json\/wp\/v2\/product_tag?post=5098"}],"curies":[{"name":"wp","href":"https:\/\/api.w.org\/{rel}","templated":true}]}}