{"id":5093,"date":"2025-10-06T21:50:00","date_gmt":"2025-10-06T18:50:00","guid":{"rendered":"https:\/\/wristbandfactory.eu\/?post_type=product&#038;p=5093"},"modified":"2026-04-01T21:52:04","modified_gmt":"2026-04-01T18:52:04","slug":"custom-iron-medals-with-full-color-doming","status":"publish","type":"product","link":"https:\/\/displayproducts.eu\/nb\/p\/custom-iron-medals-with-full-color-doming\/","title":{"rendered":"Tilpassede jernmedaljer med fullfarget doming"},"content":{"rendered":"<p>Oppn\u00e5 en livlig, fargerik utmerkelse til en eksepsjonell pris med v\u00e5re spesialtilpassede jernmedaljer med doming. Dette alternativet er den perfekte l\u00f8sningen for \u00e5 bringe komplekse logoer, bilder og gradienter til live p\u00e5 en kostnadseffektiv medalje, noe som gj\u00f8r den ideell for store arrangementer, reklamekampanjer og turneringer der b\u00e5de budsjett og visuell effekt er viktig.<\/p>\n<p><b>Fullfarge p\u00e5 et smart budsjett<\/b> Denne medaljen kombinerer en slitesterk jernbase med en moderne, fullfarget kuppelformet overflate. Kuppelformingsprosessen inneb\u00e6rer \u00e5 p\u00e5f\u00f8re en klar, ripebestandig polyuretanharpiks over det trykte designet, noe som beskytter det og gir det en blank 3D-effekt. Ved \u00e5 bruke en jernbase kan vi tilby denne str\u00e5lende, fullfargede stilen til en mer tilgjengelig pris. Disse medaljene kan lages i enhver tilpasset form opptil 50 mm.<\/p>\n<p><b>Fullstendige tilpasningsalternativer<\/b><\/p>\n<ul>\n<li><b>Medalje:<\/b> Designet ditt kan lages i en hvilken som helst tilpasset form. Velg mellom 8 forskjellige platingfarger for metallkanten og personliggj\u00f8r hver medalje med individuelle navn, tall eller en gravert logo p\u00e5 baksiden.<\/li>\n<li><b>B\u00e5nd:<\/b> Hver medalje inkluderer et 80 cm polyesterb\u00e5nd med V-s\u00f8mmer. B\u00e5ndene kan produseres i opptil 3 farger etter eget valg, og du kan legge til silketrykklogoen din p\u00e5 \u00e9n eller begge sider.<\/li>\n<\/ul>\n<p>&nbsp;<\/p>\n<p><b>Pakken \u00ab\u00c5 vinne medaljer\u00bb<\/b> V\u00e5r unike pakke \u00abVinnermedaljer\u00bb er ogs\u00e5 tilgjengelig for denne medaljetypen, slik at du kan inkludere et sett med 1.-, 2.- og 3.-plassmedaljer i bestillingen din for \u00e5 lage en komplett og rimelig prisl\u00f8sning.<\/p>\n<p><b>Viktige funksjoner:<\/b><\/p>\n<ul>\n<li><b>Kostnadseffektiv jernbase:<\/b> Det ideelle valget for store bestillinger og budsjettbevisste arrangementer.<\/li>\n<li><b>Fullfarget kuppelfinish:<\/b> Gjengir komplekse logoer, bilder og fargegradienter perfekt.<\/li>\n<li><b>Ripebestandig blank kuppel:<\/b> Beskytter designet ditt og gir et f\u00f8rsteklasses 3D-utseende.<\/li>\n<li><b>Helt tilpasset form:<\/b> Lag en unik medalje som representerer merkevaren eller arrangementet ditt.<\/li>\n<li><b>Pakken \u00abVinn medaljer\u00bb er tilgjengelig:<\/b> Inkluder uten trykkt medaljer for 1., 2. og 3. plass.<\/li>\n<li><b>Individuelt navn og nummergravering:<\/b> Tilpass hver medalje for mottakeren.<\/li>\n<li><b>Valgfri gravert logo p\u00e5 baksiden:<\/b> Legg til ekstra merkevarebygging p\u00e5 baksiden av medaljen.<\/li>\n<li><b>Tilpassbare V-sydde b\u00e5nd inkludert:<\/b> Velg farger og legg til logoen din.<\/li>\n<\/ul>","protected":false},"excerpt":{"rendered":"<p>F\u00e5 livlige, fargerike spesialtilpassede medaljer til en usl\u00e5elig pris. V\u00e5re jernmedaljer med blank kuppelfinish er perfekte for \u00e5 gjengi komplekse logoer p\u00e5 en budsjettvennlig pris.<\/p>","protected":false},"featured_media":6464,"comment_status":"closed","ping_status":"closed","template":"","meta":[],"product_brand":[],"product_cat":[68,102,45],"product_tag":[],"class_list":{"0":"post-5093","1":"product","2":"type-product","3":"status-publish","4":"has-post-thumbnail","6":"product_cat-event-supplies","7":"product_cat-medals","8":"product_cat-other","10":"first","11":"instock","12":"shipping-taxable","13":"purchasable","14":"product-type-simple"},"_links":{"self":[{"href":"https:\/\/displayproducts.eu\/nb\/wp-json\/wp\/v2\/product\/5093","targetHints":{"allow":["GET"]}}],"collection":[{"href":"https:\/\/displayproducts.eu\/nb\/wp-json\/wp\/v2\/product"}],"about":[{"href":"https:\/\/displayproducts.eu\/nb\/wp-json\/wp\/v2\/types\/product"}],"replies":[{"embeddable":true,"href":"https:\/\/displayproducts.eu\/nb\/wp-json\/wp\/v2\/comments?post=5093"}],"wp:featuredmedia":[{"embeddable":true,"href":"https:\/\/displayproducts.eu\/nb\/wp-json\/wp\/v2\/media\/6464"}],"wp:attachment":[{"href":"https:\/\/displayproducts.eu\/nb\/wp-json\/wp\/v2\/media?parent=5093"}],"wp:term":[{"taxonomy":"product_brand","embeddable":true,"href":"https:\/\/displayproducts.eu\/nb\/wp-json\/wp\/v2\/product_brand?post=5093"},{"taxonomy":"product_cat","embeddable":true,"href":"https:\/\/displayproducts.eu\/nb\/wp-json\/wp\/v2\/product_cat?post=5093"},{"taxonomy":"product_tag","embeddable":true,"href":"https:\/\/displayproducts.eu\/nb\/wp-json\/wp\/v2\/product_tag?post=5093"}],"curies":[{"name":"wp","href":"https:\/\/api.w.org\/{rel}","templated":true}]}}