{"id":5088,"date":"2025-10-06T21:44:18","date_gmt":"2025-10-06T18:44:18","guid":{"rendered":"https:\/\/wristbandfactory.eu\/?post_type=product&#038;p=5088"},"modified":"2026-04-01T21:52:35","modified_gmt":"2026-04-01T18:52:35","slug":"custom-medals-with-full-color-doming","status":"publish","type":"product","link":"https:\/\/displayproducts.eu\/nb\/p\/custom-medals-with-full-color-doming\/","title":{"rendered":"Tilpassede medaljer med fullfargede kuppelformede medaljer"},"content":{"rendered":"<p>For design som krever livlige fargedetaljer, er v\u00e5re spesialtilpassede medaljer med doming den ideelle l\u00f8sningen. Denne teknikken muliggj\u00f8r perfekt reproduksjon av komplekse logoer, gradienter og til og med fotografiske bilder, som deretter beskyttes av en krystallklar, ripebestandig kuppel. Det er det ultimate valget for moderne, i\u00f8ynefallende priser.<\/p>\n<p><b>Livlig fullfarget finish<\/b> Domingprosessen inneb\u00e6rer \u00e5 p\u00e5f\u00f8re en klar polyuretanharpiks over et fargetrykket design. Dette skaper en slitesterk, blank 3D-bobleeffekt som forbedrer kunstverket ditt og beskytter det mot slitasje. Medaljebasen er laget av en f\u00f8rsteklasses sinklegering, noe som gj\u00f8r at selve medaljen kan st\u00f8pes i enhver intrikate form, med fine detaljer og spesialtilpassede utskj\u00e6ringer (hull) som rammer inn det fargerike designet ditt perfekt.<\/p>\n<p><b>Fullstendige tilpasningsalternativer<\/b><\/p>\n<ul>\n<li><b>Medalje:<\/b> Designet ditt kan lages i en hvilken som helst tilpasset form. Velg mellom 8 forskjellige platingfarger for metallbasen. Du kan eventuelt legge til et hevet eller senket logodesign p\u00e5 baksiden, samt gravere individuelle navn og numre.<\/li>\n<li><b>B\u00e5nd:<\/b> Hver medalje inkluderer et l\u00f8kkesydd 80 cm polyesterb\u00e5nd. B\u00e5ndene kan produseres i opptil 3 farger etter eget valg, og du kan legge til silketrykklogoen din p\u00e5 \u00e9n eller begge sider.<\/li>\n<\/ul>\n<p>&nbsp;<\/p>\n<p><b>Pakken \u00ab\u00c5 vinne medaljer\u00bb<\/b> V\u00e5r unike \u00abVinnermedaljer\u00bb-pakke er ogs\u00e5 tilgjengelig for denne medaljetypen. For enhver bestilling kan du velge \u00e5 f\u00e5 tre medaljer produsert med klassisk gull-, s\u00f8lv- og bronsebelegg for 1., 2. og 3. plass, noe som skaper et komplett sett med premier for konkurransen din.<\/p>\n<p><b>Viktige funksjoner:<\/b><\/p>\n<ul>\n<li><b>Fullfarget kuppelfinish:<\/b> Perfekt for komplekse logoer, fotografiske bilder og fargegradienter.<\/li>\n<li><b>Premium sinklegeringsmateriale:<\/b> Tillater intrikate, tilpassede former og utskj\u00e6ringer for medaljebasen.<\/li>\n<li><b>Ripebestandig blank kuppel:<\/b> Beskytter designet og gir et f\u00f8rsteklasses 3D-utseende.<\/li>\n<li><b>Helt tilpasset form:<\/b> Medaljen din kan st\u00f8pes i hvilken som helst form for \u00e5 representere merkevaren eller arrangementet ditt.<\/li>\n<li><b>Pakken \u00abVinn medaljer\u00bb er tilgjengelig:<\/b> Legg uten trykkt til 1., 2. og 3. plass-medaljer i bestillingen din.<\/li>\n<li><b>Individuelt navn og nummergravering:<\/b> Tilpass hver medalje for mottakeren.<\/li>\n<li><b>Tilpassbare l\u00f8kkesydde b\u00e5nd inkludert:<\/b> Velg farger og legg til logoen din.<\/li>\n<li><b>8 platingfarger for medaljebase:<\/b> Velg den perfekte metalliske finishen som komplementerer designet ditt.<\/li>\n<\/ul>","protected":false},"excerpt":{"rendered":"<p>Gi liv til dine livlige, fargerike design med v\u00e5re spesialtilpassede kuppelmedaljer. De er laget av f\u00f8rsteklasses sinklegering og har en blank, beskyttende kuppel over din trykte logo eller bilde.<\/p>","protected":false},"featured_media":6471,"comment_status":"closed","ping_status":"closed","template":"","meta":[],"product_brand":[],"product_cat":[102,45],"product_tag":[],"class_list":{"0":"post-5088","1":"product","2":"type-product","3":"status-publish","4":"has-post-thumbnail","6":"product_cat-medals","7":"product_cat-other","9":"first","10":"instock","11":"shipping-taxable","12":"purchasable","13":"product-type-simple"},"_links":{"self":[{"href":"https:\/\/displayproducts.eu\/nb\/wp-json\/wp\/v2\/product\/5088","targetHints":{"allow":["GET"]}}],"collection":[{"href":"https:\/\/displayproducts.eu\/nb\/wp-json\/wp\/v2\/product"}],"about":[{"href":"https:\/\/displayproducts.eu\/nb\/wp-json\/wp\/v2\/types\/product"}],"replies":[{"embeddable":true,"href":"https:\/\/displayproducts.eu\/nb\/wp-json\/wp\/v2\/comments?post=5088"}],"wp:featuredmedia":[{"embeddable":true,"href":"https:\/\/displayproducts.eu\/nb\/wp-json\/wp\/v2\/media\/6471"}],"wp:attachment":[{"href":"https:\/\/displayproducts.eu\/nb\/wp-json\/wp\/v2\/media?parent=5088"}],"wp:term":[{"taxonomy":"product_brand","embeddable":true,"href":"https:\/\/displayproducts.eu\/nb\/wp-json\/wp\/v2\/product_brand?post=5088"},{"taxonomy":"product_cat","embeddable":true,"href":"https:\/\/displayproducts.eu\/nb\/wp-json\/wp\/v2\/product_cat?post=5088"},{"taxonomy":"product_tag","embeddable":true,"href":"https:\/\/displayproducts.eu\/nb\/wp-json\/wp\/v2\/product_tag?post=5088"}],"curies":[{"name":"wp","href":"https:\/\/api.w.org\/{rel}","templated":true}]}}