{"id":5083,"date":"2025-10-06T21:37:53","date_gmt":"2025-10-06T18:37:53","guid":{"rendered":"https:\/\/wristbandfactory.eu\/?post_type=product&#038;p=5083"},"modified":"2026-04-01T21:52:35","modified_gmt":"2026-04-01T18:52:35","slug":"custom-3d-relief-iron-medals","status":"publish","type":"product","link":"https:\/\/displayproducts.eu\/nb\/p\/custom-3d-relief-iron-medals\/","title":{"rendered":"Tilpassede 3D-relieffjernmedaljer"},"content":{"rendered":"<p>F\u00e5 et klassisk, eksklusivt utseende for prisene dine uten den h\u00f8ye prisen. V\u00e5re spesialtilpassede 3D-relieffjernmedaljer tilbyr den sofistikerte estetikken til et ikke-emaljert, st\u00f8pt design kombinert med de kostnadseffektive fordelene med jern, noe som gj\u00f8r dem til det ideelle valget for store arrangementer, konkurranser og turneringer.<\/p>\n<p><b>Klassisk metall til en god pris<\/b> Denne medaljestilen fokuserer p\u00e5 3D-teksturen og detaljene i selve metallet, og skaper en tidl\u00f8s pris med en taktil, relieffaktig finish. Ved \u00e5 bruke jern kan vi tilby denne elegante stilen til en tilgjengelig pris. Selv om jern er mer budsjettvennlig og ikke tillater utskj\u00e6ringer som sinklegering, gir det fortsatt en slitesterk, tung f\u00f8lelse og en vakker, detaljert finish for design opptil 50 mm.<\/p>\n<p><b>Fullstendige tilpasningsalternativer<\/b><\/p>\n<ul>\n<li><b>Medalje:<\/b> Designet ditt kan lages i en hvilken som helst spesialtilpasset form. Velg mellom 8 forskjellige platingfarger og personliggj\u00f8r hver medalje med individuelle navn, tall eller en gravert logo p\u00e5 baksiden.<\/li>\n<li><b>B\u00e5nd:<\/b> Hver medalje inkluderer et 80 cm polyesterb\u00e5nd med V-s\u00f8mmer. B\u00e5ndene kan produseres i opptil 3 farger etter eget valg, og du kan legge til silketrykklogoen din p\u00e5 \u00e9n eller begge sider.<\/li>\n<\/ul>\n<p>&nbsp;<\/p>\n<p><b>Pakken \u00ab\u00c5 vinne medaljer\u00bb<\/b> V\u00e5r unike pakke \u00abVinnermedaljer\u00bb er ogs\u00e5 tilgjengelig for denne medaljetypen, slik at du kan inkludere et sett med 1.-, 2.- og 3.-plassmedaljer i bestillingen din, noe som gir betydelig verdi for konkurransearrangementer.<\/p>\n<p><b>Viktige funksjoner:<\/b><\/p>\n<ul>\n<li><b>Kostnadseffektivt jernmateriale:<\/b> Det perfekte valget for \u00e5 oppn\u00e5 et klassisk utseende p\u00e5 budsjett.<\/li>\n<li><b>Klassisk 3D-relieffdesign:<\/b> En ikke-emaljert helmetallfinish for en sofistikert f\u00f8lelse.<\/li>\n<li><b>Helt tilpasset form:<\/b> Medaljen din kan lages i hvilken som helst form for \u00e5 representere merkevaren eller arrangementet ditt.<\/li>\n<li><b>Pakken \u00abVinn medaljer\u00bb er tilgjengelig:<\/b> Inkluder uten trykkt medaljer for 1., 2. og 3. plass.<\/li>\n<li><b>Individuelt navn og nummergravering:<\/b> Tilpass hver medalje for mottakeren.<\/li>\n<li><b>Valgfri gravert logo p\u00e5 baksiden:<\/b> Legg til ekstra merkevarebygging p\u00e5 baksiden av medaljen.<\/li>\n<li><b>Tilpassbare V-sydde b\u00e5nd inkludert:<\/b> Velg farger og legg til logoen din.<\/li>\n<li><b>8 forskjellige platingfarger:<\/b> Velg den perfekte metalliske finishen til designet ditt.<\/li>\n<\/ul>","protected":false},"excerpt":{"rendered":"<p>F\u00e5 en tidl\u00f8s, klassisk utmerkelse til en god pris med v\u00e5re 3D-relieffjernmedaljer. Disse uemaljerede medaljene har et detaljert metallisk design, perfekt for et eksklusivt utseende p\u00e5 et budsjett.<\/p>","protected":false},"featured_media":6451,"comment_status":"closed","ping_status":"closed","template":"","meta":[],"product_brand":[],"product_cat":[102],"product_tag":[],"class_list":{"0":"post-5083","1":"product","2":"type-product","3":"status-publish","4":"has-post-thumbnail","6":"product_cat-medals","8":"first","9":"instock","10":"shipping-taxable","11":"purchasable","12":"product-type-simple"},"_links":{"self":[{"href":"https:\/\/displayproducts.eu\/nb\/wp-json\/wp\/v2\/product\/5083","targetHints":{"allow":["GET"]}}],"collection":[{"href":"https:\/\/displayproducts.eu\/nb\/wp-json\/wp\/v2\/product"}],"about":[{"href":"https:\/\/displayproducts.eu\/nb\/wp-json\/wp\/v2\/types\/product"}],"replies":[{"embeddable":true,"href":"https:\/\/displayproducts.eu\/nb\/wp-json\/wp\/v2\/comments?post=5083"}],"wp:featuredmedia":[{"embeddable":true,"href":"https:\/\/displayproducts.eu\/nb\/wp-json\/wp\/v2\/media\/6451"}],"wp:attachment":[{"href":"https:\/\/displayproducts.eu\/nb\/wp-json\/wp\/v2\/media?parent=5083"}],"wp:term":[{"taxonomy":"product_brand","embeddable":true,"href":"https:\/\/displayproducts.eu\/nb\/wp-json\/wp\/v2\/product_brand?post=5083"},{"taxonomy":"product_cat","embeddable":true,"href":"https:\/\/displayproducts.eu\/nb\/wp-json\/wp\/v2\/product_cat?post=5083"},{"taxonomy":"product_tag","embeddable":true,"href":"https:\/\/displayproducts.eu\/nb\/wp-json\/wp\/v2\/product_tag?post=5083"}],"curies":[{"name":"wp","href":"https:\/\/api.w.org\/{rel}","templated":true}]}}