{"id":5080,"date":"2025-10-06T21:31:57","date_gmt":"2025-10-06T18:31:57","guid":{"rendered":"https:\/\/wristbandfactory.eu\/?post_type=product&#038;p=5080"},"modified":"2026-04-01T21:52:35","modified_gmt":"2026-04-01T18:52:35","slug":"custom-3d-relief-zinc-alloy-medals","status":"publish","type":"product","link":"https:\/\/displayproducts.eu\/nb\/p\/custom-3d-relief-zinc-alloy-medals\/","title":{"rendered":"Tilpassede 3D-relieffmedaljer i sinklegering"},"content":{"rendered":"<p>Omfavn en tidl\u00f8s og sofistikert estetikk med v\u00e5re spesialtilpassede 3D-relieffmedaljer i sinklegering. Perfekt for bedriftsanerkjennelse, jubileer og prestisjefylte priser. Disse medaljene er uten emalje for \u00e5 fremheve de fantastiske detaljene og teksturen til selve det st\u00f8pte metallet. Resultatet er en klassisk pris med en taktil f\u00f8lelse av h\u00f8y kvalitet.<\/p>\n<p><b>Ren metallisk eleganse<\/b> Det ikke-emaljerte relieffdesignet skaper en 3D-effekt med h\u00f8y kontrast og hevede og innfelte omr\u00e5der, som fremhever den valgte platingfinishen p\u00e5 en vakker m\u00e5te. Vi bruker en f\u00f8rsteklasses sinklegering, som er viktig for denne stilen, da den gir mulighet for utrolig fine detaljer og tilpassede utskj\u00e6ringer (hull) \u2013 perfekt for komplekse logoer eller intrikate bilder som en ren metallisk finish vil fremheve.<\/p>\n<p><b>Fullstendige tilpasningsalternativer<\/b><\/p>\n<ul>\n<li><b>Medalje:<\/b> Designet ditt kan lages i alle former opptil 65 mm. Velg mellom 8 forskjellige platingfarger. Du kan eventuelt legge til et hevet eller senket logodesign p\u00e5 baksiden, samt gravere individuelle navn og numre.<\/li>\n<li><b>B\u00e5nd:<\/b> Hver medalje inkluderer et l\u00f8kkesydd 80 cm polyesterb\u00e5nd. B\u00e5ndene kan produseres i opptil 3 farger etter eget valg, og du kan legge til silketrykklogoen din p\u00e5 \u00e9n eller begge sider.<\/li>\n<\/ul>\n<p>&nbsp;<\/p>\n<p><b>Pakken \u00ab\u00c5 vinne medaljer\u00bb<\/b> Denne klassiske medaljestilen er ogs\u00e5 tilgjengelig med v\u00e5r unike \u00abVinnermedaljer\u00bb-pakke. For enhver bestilling kan du velge \u00e5 f\u00e5 tre medaljer produsert i klassiske gull-, s\u00f8lv- og bronsebeleggtoner for 1., 2. og 3. plass, komplett med unike navn eller tall.<\/p>\n<p><b>Viktige funksjoner:<\/b><\/p>\n<ul>\n<li><b>Fantastisk 3D-relieffdesign:<\/b> En ikke-emaljert helmetallfinish for et klassisk og elegant utseende.<\/li>\n<li><b>Premium sinklegeringsmateriale:<\/b> Tillater intrikate detaljer og tilpassede utskj\u00e6ringer.<\/li>\n<li><b>Helt tilpasset form:<\/b> Medaljen din kan st\u00f8pes i hvilken som helst form for \u00e5 representere merkevaren eller arrangementet ditt.<\/li>\n<li><b>Pakken \u00abVinn medaljer\u00bb er tilgjengelig:<\/b> Legg uten trykkt til 1., 2. og 3. plass-medaljer i bestillingen din.<\/li>\n<li><b>Individuelt navn og nummergravering:<\/b> Tilpass hver medalje for mottakeren.<\/li>\n<li><b>Tilpassbare l\u00f8kkesydde b\u00e5nd inkludert:<\/b> Velg farger og legg til logoen din.<\/li>\n<li><b>8 forskjellige platingfarger:<\/b> Velg den perfekte finishen som utfyller 3D-designet.<\/li>\n<li><b>Ideell for bedrifts- og prestisjefylte priser:<\/b> Et sofistikert valg for formell anerkjennelse.<\/li>\n<\/ul>","protected":false},"excerpt":{"rendered":"<p>For en klassisk og elegant utmerkelse, velg v\u00e5re spesialtilpassede 3D-relieffmedaljer. Laget av f\u00f8rsteklasses sinklegering, viser disse ikke-emaljerede medaljene frem designet ditt med fantastiske metalliske detaljer.<\/p>","protected":false},"featured_media":6455,"comment_status":"closed","ping_status":"closed","template":"","meta":[],"product_brand":[],"product_cat":[68,102,45],"product_tag":[],"class_list":{"0":"post-5080","1":"product","2":"type-product","3":"status-publish","4":"has-post-thumbnail","6":"product_cat-event-supplies","7":"product_cat-medals","8":"product_cat-other","10":"first","11":"instock","12":"shipping-taxable","13":"purchasable","14":"product-type-simple"},"_links":{"self":[{"href":"https:\/\/displayproducts.eu\/nb\/wp-json\/wp\/v2\/product\/5080","targetHints":{"allow":["GET"]}}],"collection":[{"href":"https:\/\/displayproducts.eu\/nb\/wp-json\/wp\/v2\/product"}],"about":[{"href":"https:\/\/displayproducts.eu\/nb\/wp-json\/wp\/v2\/types\/product"}],"replies":[{"embeddable":true,"href":"https:\/\/displayproducts.eu\/nb\/wp-json\/wp\/v2\/comments?post=5080"}],"wp:featuredmedia":[{"embeddable":true,"href":"https:\/\/displayproducts.eu\/nb\/wp-json\/wp\/v2\/media\/6455"}],"wp:attachment":[{"href":"https:\/\/displayproducts.eu\/nb\/wp-json\/wp\/v2\/media?parent=5080"}],"wp:term":[{"taxonomy":"product_brand","embeddable":true,"href":"https:\/\/displayproducts.eu\/nb\/wp-json\/wp\/v2\/product_brand?post=5080"},{"taxonomy":"product_cat","embeddable":true,"href":"https:\/\/displayproducts.eu\/nb\/wp-json\/wp\/v2\/product_cat?post=5080"},{"taxonomy":"product_tag","embeddable":true,"href":"https:\/\/displayproducts.eu\/nb\/wp-json\/wp\/v2\/product_tag?post=5080"}],"curies":[{"name":"wp","href":"https:\/\/api.w.org\/{rel}","templated":true}]}}