{"id":5078,"date":"2025-10-06T21:26:17","date_gmt":"2025-10-06T18:26:17","guid":{"rendered":"https:\/\/wristbandfactory.eu\/?post_type=product&#038;p=5078"},"modified":"2026-04-01T21:52:35","modified_gmt":"2026-04-01T18:52:35","slug":"custom-iron-medals-with-soft-enamel","status":"publish","type":"product","link":"https:\/\/displayproducts.eu\/nb\/p\/custom-iron-medals-with-soft-enamel\/","title":{"rendered":"Tilpassede jernmedaljer med myk emalje"},"content":{"rendered":"<p>Lag vakre, spesiallagde premier til arrangementet ditt uten \u00e5 sprenge budsjettet. V\u00e5re spesiallagde jernmedaljer er den perfekte kostnadseffektive l\u00f8sningen for l\u00f8p, turneringer og bedriftsarrangementer med et stort antall deltakere. De tilbyr utmerket verdi, samtidig som de gir utseendet og f\u00f8lelsen av en spesiallaget pris av h\u00f8y kvalitet.<\/p>\n<p><b>Klassisk finish og design<\/b> Jern er billigere enn sinklegering, noe som gir en mer tilgjengelig pris, spesielt ved store bestillinger. Disse medaljene har en tradisjonell myk emaljefinish, der emaljemalingen sitter litt innfelt, noe som skaper en behagelig, teksturert f\u00f8lelse. Selv om jern ikke passer til design med utskj\u00e6ringer eller samme niv\u00e5 av intrikate detaljer som sinklegering, er det et slitesterkt og p\u00e5litelig materiale for et bredt spekter av tilpassede former opptil 50 mm.<\/p>\n<p><b>Fullstendige tilpasningsalternativer<\/b><\/p>\n<ul>\n<li><b>Medalje:<\/b> Designet ditt kan lages i en hvilken som helst spesialtilpasset form. Velg mellom 8 forskjellige platingfarger og personliggj\u00f8r hver medalje med individuelle navn og tall p\u00e5 baksiden.<\/li>\n<li><b>B\u00e5nd:<\/b> Hver medalje inkluderer et 80 cm polyesterb\u00e5nd med V-s\u00f8mmer. B\u00e5ndene kan produseres i opptil 3 farger etter eget valg, og du kan legge til silketrykklogoen din p\u00e5 \u00e9n eller begge sider.<\/li>\n<\/ul>\n<p>&nbsp;<\/p>\n<p><b>Pakken \u00ab\u00c5 vinne medaljer\u00bb<\/b> Selv p\u00e5 et budsjett kan du feire de beste lagene. V\u00e5r unike \u00abVinnermedaljer\u00bb-pakke er tilgjengelig for jernmedaljer, slik at du kan inkludere et sett med 1.-, 2.- og 3.-plassmedaljer i bestillingen din, komplett med unike navn eller tall.<\/p>\n<p><b>Viktige funksjoner:<\/b><\/p>\n<ul>\n<li><b>Kostnadseffektivt jernmateriale:<\/b> Et utmerket valg for arrangementer med stor deltakelse eller et stramt budsjett.<\/li>\n<li><b>Klassisk myk emaljefinish:<\/b> Gir designet ditt et teksturert og dimensjonalt utseende.<\/li>\n<li><b>Helt tilpasset form:<\/b> Medaljen din kan lages i hvilken som helst form for \u00e5 representere merkevaren eller arrangementet ditt.<\/li>\n<li><b>Pakken \u00abVinn medaljer\u00bb er tilgjengelig:<\/b> Legg uten trykkt til 1., 2. og 3. plass-medaljer i bestillingen din.<\/li>\n<li><b>Individuelt navn og nummergravering:<\/b> Tilpass hver medalje for mottakeren.<\/li>\n<li><b>Tilpassbare V-sydde b\u00e5nd inkludert:<\/b> Velg farger og legg til logoen din.<\/li>\n<li><b>8 forskjellige platingfarger:<\/b> Velg den perfekte finishen som matcher designet ditt.<\/li>\n<li><b>Ideell for store bestillinger:<\/b> En pris av h\u00f8y kvalitet som tilbyr fantastisk verdi.<\/li>\n<\/ul>","protected":false},"excerpt":{"rendered":"<p>Et godt valg for arrangementet ditt. V\u00e5re spesiallagde jernmedaljer har en klassisk myk emaljefinish og kan lages i alle former, noe som gir en pris av h\u00f8y kvalitet til en budsjettvennlig pris.<\/p>","protected":false},"featured_media":6462,"comment_status":"closed","ping_status":"closed","template":"","meta":[],"product_brand":[],"product_cat":[68,102],"product_tag":[],"class_list":{"0":"post-5078","1":"product","2":"type-product","3":"status-publish","4":"has-post-thumbnail","6":"product_cat-event-supplies","7":"product_cat-medals","9":"first","10":"instock","11":"shipping-taxable","12":"purchasable","13":"product-type-simple"},"_links":{"self":[{"href":"https:\/\/displayproducts.eu\/nb\/wp-json\/wp\/v2\/product\/5078","targetHints":{"allow":["GET"]}}],"collection":[{"href":"https:\/\/displayproducts.eu\/nb\/wp-json\/wp\/v2\/product"}],"about":[{"href":"https:\/\/displayproducts.eu\/nb\/wp-json\/wp\/v2\/types\/product"}],"replies":[{"embeddable":true,"href":"https:\/\/displayproducts.eu\/nb\/wp-json\/wp\/v2\/comments?post=5078"}],"wp:featuredmedia":[{"embeddable":true,"href":"https:\/\/displayproducts.eu\/nb\/wp-json\/wp\/v2\/media\/6462"}],"wp:attachment":[{"href":"https:\/\/displayproducts.eu\/nb\/wp-json\/wp\/v2\/media?parent=5078"}],"wp:term":[{"taxonomy":"product_brand","embeddable":true,"href":"https:\/\/displayproducts.eu\/nb\/wp-json\/wp\/v2\/product_brand?post=5078"},{"taxonomy":"product_cat","embeddable":true,"href":"https:\/\/displayproducts.eu\/nb\/wp-json\/wp\/v2\/product_cat?post=5078"},{"taxonomy":"product_tag","embeddable":true,"href":"https:\/\/displayproducts.eu\/nb\/wp-json\/wp\/v2\/product_tag?post=5078"}],"curies":[{"name":"wp","href":"https:\/\/api.w.org\/{rel}","templated":true}]}}