{"id":5071,"date":"2025-10-06T21:16:24","date_gmt":"2025-10-06T18:16:24","guid":{"rendered":"https:\/\/wristbandfactory.eu\/?post_type=product&#038;p=5071"},"modified":"2026-04-01T21:52:35","modified_gmt":"2026-04-01T18:52:35","slug":"custom-shape-zinc-alloy-medals","status":"publish","type":"product","link":"https:\/\/displayproducts.eu\/nb\/p\/custom-shape-zinc-alloy-medals\/","title":{"rendered":"Tilpassede formede sinklegeringsmedaljer"},"content":{"rendered":"<p>Anerkjenn prestasjon med en virkelig unik og f\u00f8rsteklasses utmerkelse. V\u00e5re spesialformede sinklegeringsmedaljer er det perfekte valget for sportsarrangementer, bedriftspriser og konkurranser, og tilbyr enest\u00e5ende designfrihet og en h\u00f8ykvalitets finish som vil bli verdsatt av mottakerne.<\/p>\n<p><b>Overlegent materiale og detaljer<\/b> Vi bruker sinklegering, et materiale som er lettere og mer slitesterkt enn jern. Viktigst av alt, det muliggj\u00f8r st\u00f8ping med mye finere detaljer, noe som gj\u00f8r det til det beste valget for design med intrikate funksjoner eller utskj\u00e6ringer (hull) i medaljedesignet. Forsiden av hver medalje har et slitesterkt imitert hard emaljedesign med en glatt, glasslignende overflate.<\/p>\n<p><b>Fullstendige tilpasningsalternativer<\/b><\/p>\n<ul>\n<li><b>Medalje:<\/b> Designet ditt kan lages i alle former opptil 65 mm. Velg mellom 8 forskjellige platingfarger. Du kan eventuelt legge til et hevet eller senket logodesign p\u00e5 baksiden, samt gravere individuelle navn og numre.<\/li>\n<li><b>B\u00e5nd:<\/b> Hver medalje inkluderer et l\u00f8kkesydd 80 cm polyesterb\u00e5nd. B\u00e5ndene kan produseres i opptil 3 farger etter eget valg, og du kan legge til silketrykklogoen din p\u00e5 \u00e9n eller begge sider.<\/li>\n<\/ul>\n<p>&nbsp;<\/p>\n<p><b>Pakken \u00ab\u00c5 vinne medaljer\u00bb<\/b> Vi tilbyr en unik pakke med \u00abvinnermedaljer\u00bb, perfekt for konkurranser. For enhver bestilling kan du velge \u00e5 f\u00e5 tre medaljer produsert i klassiske gull-, s\u00f8lv- og bronsebeleggtoner for 1., 2. og 3. plass, komplett med unike navn eller numre. For eksempel vil en bestilling p\u00e5 100 medaljer inkludere 97 i hoveddesignet ditt og 3 i vinnerens beleggsett.<\/p>\n<p><b>Viktige funksjoner:<\/b><\/p>\n<ul>\n<li><b>Helt tilpasset form:<\/b> Medaljen din kan st\u00f8pes i enhver form, ikke bare en standard sirkel.<\/li>\n<li><b>Premium sinklegeringsmateriale:<\/b> Tillater fine, intrikate detaljer og tilpassede utskj\u00e6ringer.<\/li>\n<li><b>Glatt hard emaljefinish:<\/b> Gir en glasslignende overflate av h\u00f8y kvalitet.<\/li>\n<li><b>Pakken \u00abVinn medaljer\u00bb er tilgjengelig:<\/b> Legg uten trykkt til 1., 2. og 3. plass-medaljer i bestillingen din.<\/li>\n<li><b>Individuelt navn og nummergravering:<\/b> Tilpass hver medalje for mottakeren.<\/li>\n<li><b>Tilpassbare b\u00e5nd inkludert:<\/b> Velg farger og legg til logoen din p\u00e5 de 80 cm lange b\u00e5ndene.<\/li>\n<li><b>8 forskjellige platingfarger:<\/b> Velg den perfekte finishen som matcher designet ditt.<\/li>\n<li><b>Valgfritt logodesign p\u00e5 baksiden:<\/b> Legg til ekstra merkevarebygging med en hevet eller senket logo.<\/li>\n<\/ul>","protected":false},"excerpt":{"rendered":"<p>Lag fantastiske, helt spesialtilpassede premier med v\u00e5re medaljer i sinklegering. Med en glatt, hard emaljefinish og intrikate detaljer kan de lages i enhver form for \u00e5 representere arrangementet ditt.<\/p>","protected":false},"featured_media":6483,"comment_status":"closed","ping_status":"closed","template":"","meta":[],"product_brand":[],"product_cat":[68,102],"product_tag":[],"class_list":{"0":"post-5071","1":"product","2":"type-product","3":"status-publish","4":"has-post-thumbnail","6":"product_cat-event-supplies","7":"product_cat-medals","9":"first","10":"instock","11":"shipping-taxable","12":"purchasable","13":"product-type-simple"},"_links":{"self":[{"href":"https:\/\/displayproducts.eu\/nb\/wp-json\/wp\/v2\/product\/5071","targetHints":{"allow":["GET"]}}],"collection":[{"href":"https:\/\/displayproducts.eu\/nb\/wp-json\/wp\/v2\/product"}],"about":[{"href":"https:\/\/displayproducts.eu\/nb\/wp-json\/wp\/v2\/types\/product"}],"replies":[{"embeddable":true,"href":"https:\/\/displayproducts.eu\/nb\/wp-json\/wp\/v2\/comments?post=5071"}],"wp:featuredmedia":[{"embeddable":true,"href":"https:\/\/displayproducts.eu\/nb\/wp-json\/wp\/v2\/media\/6483"}],"wp:attachment":[{"href":"https:\/\/displayproducts.eu\/nb\/wp-json\/wp\/v2\/media?parent=5071"}],"wp:term":[{"taxonomy":"product_brand","embeddable":true,"href":"https:\/\/displayproducts.eu\/nb\/wp-json\/wp\/v2\/product_brand?post=5071"},{"taxonomy":"product_cat","embeddable":true,"href":"https:\/\/displayproducts.eu\/nb\/wp-json\/wp\/v2\/product_cat?post=5071"},{"taxonomy":"product_tag","embeddable":true,"href":"https:\/\/displayproducts.eu\/nb\/wp-json\/wp\/v2\/product_tag?post=5071"}],"curies":[{"name":"wp","href":"https:\/\/api.w.org\/{rel}","templated":true}]}}