{"id":5067,"date":"2025-10-06T16:53:44","date_gmt":"2025-10-06T13:53:44","guid":{"rendered":"https:\/\/wristbandfactory.eu\/?post_type=product&#038;p=5067"},"modified":"2026-04-01T21:52:04","modified_gmt":"2026-04-01T18:52:04","slug":"sound-activated-led-glow-glasses","status":"publish","type":"product","link":"https:\/\/displayproducts.eu\/nb\/p\/sound-activated-led-glow-glasses\/","title":{"rendered":"Lydaktiverte og LED-lysende briller"},"content":{"rendered":"<p>Bli festens midtpunkt med v\u00e5re elektriserende LED-gl\u00f8debriller. Perfekte som varer, til reklamearrangementer eller bare for moro skyld \u2013 disse brillene er en garantert m\u00e5te \u00e5 gj\u00f8re et minneverdig inntrykk p\u00e5. De har en lys, gl\u00f8dende EL-tr\u00e5dramme i et klassisk og komfortabelt plastdesign i wayfarer-stil. Linsene er enkle, noe som sikrer klart syn mens du lyser opp natten.<\/p>\n<p>For B2B-kunder er disse brillene et fantastisk merkevareverkt\u00f8y. Innfatningen og fargen p\u00e5 EL-ledningen kan tilpasses for \u00e5 matche bedriftens identitet eller arrangementstema. Vi tilbyr to funksjonelle versjoner som passer til enhver anledning.<\/p>\n<p><b>Velg din funksjon:<\/b><\/p>\n<ol start=\"1\">\n<li><b>Knappstyrt:<\/b> Denne versjonen tilbyr manuell kontroll over lysmodusene, vanligvis inkludert fast lys, sakte blinking og rask blinking, slik at brukeren kan velge sin foretrukne stil.<\/li>\n<li><b>Lydaktivert:<\/b> Den ultimate festmodusen. Denne versjonen har en innebygd sensor som f\u00e5r lysene til \u00e5 pulsere og blinke synkront med musikkens rytme, noe som skaper en dynamisk og interaktiv opplevelse.<\/li>\n<\/ol>\n<p>Disse brillene er drevet av en diskr\u00e9 batteripakke som bruker to AAA-batterier, og er bygget for \u00e5 vare. Vi st\u00e5r inne for kvaliteten deres med en <b>2 \u00e5rs garanti<\/b> og full <b>CE- og ROHS-sertifisering<\/b>, noe som gj\u00f8r dem til et p\u00e5litelig valg for det europeiske markedet.<\/p>\n<p><b>Viktige funksjoner:<\/b><\/p>\n<ul>\n<li><b>To versjoner tilgjengelig:<\/b> Velg mellom modeller med manuelle knappekontroller eller interaktive lydaktiverte modeller.<\/li>\n<li><b>10 livlige gl\u00f8dende farger:<\/b> Velg fra et bredt utvalg av farger for EL-ledningen.<\/li>\n<li><b>Tilpassbare rammefarger:<\/b> Match rammene til merkevaren eller arrangementstemaet ditt.<\/li>\n<li><b>CE- og ROHS-sertifisert:<\/b> Et kvalitetsprodukt som er kompatibelt med standarder for det europeiske markedet.<\/li>\n<li><b>2 \u00e5rs garanti:<\/b> Vi st\u00e5r inne for produktenes holdbarhet og ytelse.<\/li>\n<li><b>Drevet av 2xAAA-batterier:<\/b> En vanlig og uten trykk \u00e5 erstatte str\u00f8mkilde.<\/li>\n<li><b>Klassisk Wayfarer-stil:<\/b> Et universelt popul\u00e6rt og komfortabelt design.<\/li>\n<\/ul>","protected":false},"excerpt":{"rendered":"<p>Skill deg ut p\u00e5 ethvert arrangement med v\u00e5re spesialtilpassede lysende briller. Tilgjengelig i 10 livlige farger og to versjoner: manuell kontroll eller lydaktivert for \u00e5 pulsere med musikken. CE-sertifisert.<\/p>","protected":false},"featured_media":6638,"comment_status":"closed","ping_status":"closed","template":"","meta":[],"product_brand":[],"product_cat":[68,76,45],"product_tag":[],"class_list":{"0":"post-5067","1":"product","2":"type-product","3":"status-publish","4":"has-post-thumbnail","6":"product_cat-event-supplies","7":"product_cat-glow-led-products","8":"product_cat-other","10":"first","11":"instock","12":"shipping-taxable","13":"purchasable","14":"product-type-simple"},"_links":{"self":[{"href":"https:\/\/displayproducts.eu\/nb\/wp-json\/wp\/v2\/product\/5067","targetHints":{"allow":["GET"]}}],"collection":[{"href":"https:\/\/displayproducts.eu\/nb\/wp-json\/wp\/v2\/product"}],"about":[{"href":"https:\/\/displayproducts.eu\/nb\/wp-json\/wp\/v2\/types\/product"}],"replies":[{"embeddable":true,"href":"https:\/\/displayproducts.eu\/nb\/wp-json\/wp\/v2\/comments?post=5067"}],"wp:featuredmedia":[{"embeddable":true,"href":"https:\/\/displayproducts.eu\/nb\/wp-json\/wp\/v2\/media\/6638"}],"wp:attachment":[{"href":"https:\/\/displayproducts.eu\/nb\/wp-json\/wp\/v2\/media?parent=5067"}],"wp:term":[{"taxonomy":"product_brand","embeddable":true,"href":"https:\/\/displayproducts.eu\/nb\/wp-json\/wp\/v2\/product_brand?post=5067"},{"taxonomy":"product_cat","embeddable":true,"href":"https:\/\/displayproducts.eu\/nb\/wp-json\/wp\/v2\/product_cat?post=5067"},{"taxonomy":"product_tag","embeddable":true,"href":"https:\/\/displayproducts.eu\/nb\/wp-json\/wp\/v2\/product_tag?post=5067"}],"curies":[{"name":"wp","href":"https:\/\/api.w.org\/{rel}","templated":true}]}}