{"id":5063,"date":"2025-10-06T16:48:59","date_gmt":"2025-10-06T13:48:59","guid":{"rendered":"https:\/\/wristbandfactory.eu\/?post_type=product&#038;p=5063"},"modified":"2026-04-01T21:52:04","modified_gmt":"2026-04-01T18:52:04","slug":"remote-controlled-led-glow-wands","status":"publish","type":"product","link":"https:\/\/displayproducts.eu\/nb\/p\/remote-controlled-led-glow-wands\/","title":{"rendered":"Fjernstyrte LED-lysstaver"},"content":{"rendered":"<p>Gi publikum energi og skap et fantastisk visuelt landskap med v\u00e5re tilpassbare LED-lysstaver. Disse 30 cm-stavene er et viktig element for konserter, festivaler og sportsarrangementer, og er designet for publikumsdeltakelse med h\u00f8y effekt. Med et komfortabelt, ergonomisk ABS-h\u00e5ndtak og en lyssterk stav opplyst av fire kraftige LED-lys, er de en betydelig oppgradering fra standard engangsskumpinner.<\/p>\n<p>H\u00e5ndtaket kan tilpasses med merkets farge og logo, noe som gj\u00f8r hver stang til et kraftig reklameverkt\u00f8y. Vi tilbyr to funksjonelle versjoner som passer perfekt til arrangementets behov.<\/p>\n<p><b>Velg din versjon:<\/b><\/p>\n<ol start=\"1\">\n<li><b>Knappbryterversjon:<\/b> Det klassiske valget for uten trykk betjening. Brukere kan velge mellom 15 livlige farger og ulike moduser med en uten trykk knapp p\u00e5 h\u00e5ndtaket.<\/li>\n<li><b>Fjernkontrollversjon:<\/b> Forvandle arrangementet ditt til et interaktivt lysshow. Denne versjonen er kompatibel med v\u00e5r <b><a class=\"ng-star-inserted\" href=\"https:\/\/displayproducts.eu\/nb\/p\/remote-dmx-controllers-for-led-wristbands\/\" target=\"_blank\" rel=\"noopener\" data-hveid=\"0\" data-ved=\"0CAAQ_4QMahgKEwih_pyAto-QAxUAAAAAHQAAAAAQ7Rg\">Fjernkontrollere og DMX-kontrollere<\/a><\/b>, slik at du kan synkronisere hver tryllestav i publikum for en virkelig uforglemmelig og koordinert forestilling.<\/li>\n<\/ol>\n<p>Best av alt, batterier f\u00f8lger med hver penselstang, slik at de er klare til bruk rett ut av esken.<\/p>\n<p><b>Viktige funksjoner:<\/b><\/p>\n<ul>\n<li><b>Ergonomisk gjenbrukbart h\u00e5ndtak:<\/b> Gir et komfortabelt og slitesterkt grep.<\/li>\n<li><b>Lyssterk 30 cm gl\u00f8depenn:<\/b> Opplyst av 4 interne LED-lys for utmerket synlighet.<\/li>\n<li><b>To versjoner tilgjengelig:<\/b> Velg mellom en manuell knappbryter eller en modell med full fjernkontroll.<\/li>\n<li><b>15 livlige fargealternativer:<\/b> Et bredt spekter av farger for \u00e5 gi energi til ethvert arrangement.<\/li>\n<li><b>Batterier inkludert:<\/b> Klar til umiddelbar bruk, problemfritt for arrang\u00f8rer.<\/li>\n<li><b>Tilpassbart h\u00e5ndtak for merkevarebygging:<\/b> Legg til logoen din eller en tilpasset farge for merkevarepromotering.<\/li>\n<\/ul>","protected":false},"excerpt":{"rendered":"<p>Lys opp konserten eller festen din med v\u00e5re f\u00f8rsteklasses LED-lysstaver. De har et komfortabelt h\u00e5ndtak og sterke lys, og er tilgjengelige i en manuell eller en fjernstyrt interaktiv modell.<\/p>","protected":false},"featured_media":6596,"comment_status":"closed","ping_status":"closed","template":"","meta":[],"product_brand":[],"product_cat":[68,76,45],"product_tag":[],"class_list":{"0":"post-5063","1":"product","2":"type-product","3":"status-publish","4":"has-post-thumbnail","6":"product_cat-event-supplies","7":"product_cat-glow-led-products","8":"product_cat-other","10":"first","11":"instock","12":"shipping-taxable","13":"product-type-simple"},"_links":{"self":[{"href":"https:\/\/displayproducts.eu\/nb\/wp-json\/wp\/v2\/product\/5063","targetHints":{"allow":["GET"]}}],"collection":[{"href":"https:\/\/displayproducts.eu\/nb\/wp-json\/wp\/v2\/product"}],"about":[{"href":"https:\/\/displayproducts.eu\/nb\/wp-json\/wp\/v2\/types\/product"}],"replies":[{"embeddable":true,"href":"https:\/\/displayproducts.eu\/nb\/wp-json\/wp\/v2\/comments?post=5063"}],"wp:featuredmedia":[{"embeddable":true,"href":"https:\/\/displayproducts.eu\/nb\/wp-json\/wp\/v2\/media\/6596"}],"wp:attachment":[{"href":"https:\/\/displayproducts.eu\/nb\/wp-json\/wp\/v2\/media?parent=5063"}],"wp:term":[{"taxonomy":"product_brand","embeddable":true,"href":"https:\/\/displayproducts.eu\/nb\/wp-json\/wp\/v2\/product_brand?post=5063"},{"taxonomy":"product_cat","embeddable":true,"href":"https:\/\/displayproducts.eu\/nb\/wp-json\/wp\/v2\/product_cat?post=5063"},{"taxonomy":"product_tag","embeddable":true,"href":"https:\/\/displayproducts.eu\/nb\/wp-json\/wp\/v2\/product_tag?post=5063"}],"curies":[{"name":"wp","href":"https:\/\/api.w.org\/{rel}","templated":true}]}}