{"id":5058,"date":"2025-10-06T16:43:30","date_gmt":"2025-10-06T13:43:30","guid":{"rendered":"https:\/\/wristbandfactory.eu\/?post_type=product&#038;p=5058"},"modified":"2026-04-01T21:52:35","modified_gmt":"2026-04-01T18:52:35","slug":"custom-shaped-led-light-sticks","status":"publish","type":"product","link":"https:\/\/displayproducts.eu\/nb\/p\/custom-shaped-led-light-sticks\/","title":{"rendered":"Tilpassede LED-lyspinner"},"content":{"rendered":"<p data-path-to-node=\"7\">Skap et altoppslukende \u201clyshav\u201d og den ultimate fanopplevelsen med v\u00e5re fullt tilpassbare LED-konsertlyspinner. Dette er premiumverkt\u00f8yet for artister, bandmedlemmer og bedriftsarrangementer som s\u00f8ker slagkraftige samleobjekter som kobler publikum direkte til merkevaren.<\/p>\n<p data-path-to-node=\"8\">Den virkelige kraften til dette produktet ligger i det uovertrufne niv\u00e5et av tilpasning. Den store akrylkulen kan tilpasses organisasjonens eksakte behov:<\/p>\n<ul data-path-to-node=\"9\">\n<li>\n<p data-path-to-node=\"9,0,0\"><b>Tilpassede 3D-figurer:<\/b> Plasser en spesialst\u00f8pt 3D-figur inni globusen for et virkelig unikt og verdifullt samleobjekt.<\/p>\n<\/li>\n<li>\n<p data-path-to-node=\"9,1,0\"><b>Laseretsede innlegg:<\/b> Graver logoen, arrangementssymbolet eller teksten din for et skarpt og elegant utseende.<\/p>\n<\/li>\n<li>\n<p data-path-to-node=\"9,2,0\"><b>Fullfargetrykkede innlegg:<\/b> Vis frem detaljerte merkevarebilder eller -design i fullfarge.<\/p>\n<\/li>\n<\/ul>\n<p data-path-to-node=\"10\">For \u00e5 fullf\u00f8re merkevarebyggingen kan h\u00e5ndtaket produseres i din egen firmafarge og trykkes med logoen din.<\/p>\n<p data-path-to-node=\"11\">Velg den teknologiversjonen som passer best til arrangementets budsjett og tekniske behov:<\/p>\n<ol start=\"1\" data-path-to-node=\"12\">\n<li>\n<p data-path-to-node=\"12,0,0\"><b>Manuell (ensfarget):<\/b> Ideell for sterk og konsistent merkefarge.<\/p>\n<\/li>\n<li>\n<p data-path-to-node=\"12,1,0\"><b>Manuell (15 farger):<\/b> Et allsidig alternativ som lar brukerne velge mellom 15 forskjellige farger.<\/p>\n<\/li>\n<li>\n<p data-path-to-node=\"12,2,0\"><b>DMX-fjernkontroll:<\/b> Den ultimate interaktive opplevelsen. Denne versjonen er kompatibel med v\u00e5re fjernkontrollere og DMX-kontrollere, slik at teamet ditt kan synkronisere alle lyspinnene i lokalet for \u00e5 lage fantastiske, koordinerte lysshow timet til musikk.<\/p>\n<\/li>\n<\/ol>\n<p data-path-to-node=\"13\">Hver lyspinne er laget av slitesterk ABS og akryl, og drives av tre AAA-batterier (ikke inkludert).<\/p>\n<p data-path-to-node=\"14\"><b>Viktige funksjoner:<\/b><\/p>\n<ul data-path-to-node=\"15\">\n<li>\n<p data-path-to-node=\"15,0,0\"><b>Fullt tilpassbar globus:<\/b> Alternativer for tilpassede 3D-figurer, laseretsing eller innlegg i fullfargetrykk.<\/p>\n<\/li>\n<li>\n<p data-path-to-node=\"15,1,0\"><b>H\u00e5ndtak med spesialdesign:<\/b> Kan farges og trykkes med logo.<\/p>\n<\/li>\n<li>\n<p data-path-to-node=\"15,2,0\"><b>DMX fjernkontrollalternativ:<\/b> Tillater fullt synkroniserte lysshow for hele lokalet.<\/p>\n<\/li>\n<li>\n<p data-path-to-node=\"15,3,0\"><b>Manuelle tekniske alternativer:<\/b> Ogs\u00e5 tilgjengelig i budsjettvennlige ensfargede eller manuelle versjoner med 15 farger.<\/p>\n<\/li>\n<li>\n<p data-path-to-node=\"15,4,0\"><b>Holdbare materialer:<\/b> Laget av arrangementsklar, sterk ABS og akryl.<\/p>\n<\/li>\n<li>\n<p data-path-to-node=\"15,5,0\"><b>Varer med h\u00f8y effekt:<\/b> Det perfekte samleobjektet for konserter, fanturneer og firmaarrangementer.<\/p>\n<\/li>\n<\/ul>","protected":false},"excerpt":{"rendered":"<ul data-path-to-node=\"6\">\n<li>\n<p data-path-to-node=\"6,0,0\">Fullstendig tilpassbar akrylkule: Plasser en 3D-figur inni, laserets en logo, eller bruk et fargetrykket innlegg.<\/p>\n<\/li>\n<li>\n<p data-path-to-node=\"6,1,0\">H\u00e5ndtak i spesialfarget farge med logotrykk tilgjengelig.<\/p>\n<\/li>\n<li>\n<p data-path-to-node=\"6,2,0\">Velg teknologi: Ensfarget, manuell 15-fargers eller DMX-fjernstyrte versjoner for synkroniserte lysshow.<\/p>\n<\/li>\n<li>\n<p data-path-to-node=\"6,3,0\">Den ultimate varen med h\u00f8y effekt for konserter, fansamlinger og merkevarearrangementer.<\/p>\n<\/li>\n<\/ul>","protected":false},"featured_media":5057,"comment_status":"closed","ping_status":"closed","template":"","meta":[],"product_brand":[],"product_cat":[76,45],"product_tag":[],"class_list":{"0":"post-5058","1":"product","2":"type-product","3":"status-publish","4":"has-post-thumbnail","6":"product_cat-glow-led-products","7":"product_cat-other","9":"first","10":"instock","11":"shipping-taxable","12":"product-type-simple"},"_links":{"self":[{"href":"https:\/\/displayproducts.eu\/nb\/wp-json\/wp\/v2\/product\/5058","targetHints":{"allow":["GET"]}}],"collection":[{"href":"https:\/\/displayproducts.eu\/nb\/wp-json\/wp\/v2\/product"}],"about":[{"href":"https:\/\/displayproducts.eu\/nb\/wp-json\/wp\/v2\/types\/product"}],"replies":[{"embeddable":true,"href":"https:\/\/displayproducts.eu\/nb\/wp-json\/wp\/v2\/comments?post=5058"}],"wp:featuredmedia":[{"embeddable":true,"href":"https:\/\/displayproducts.eu\/nb\/wp-json\/wp\/v2\/media\/5057"}],"wp:attachment":[{"href":"https:\/\/displayproducts.eu\/nb\/wp-json\/wp\/v2\/media?parent=5058"}],"wp:term":[{"taxonomy":"product_brand","embeddable":true,"href":"https:\/\/displayproducts.eu\/nb\/wp-json\/wp\/v2\/product_brand?post=5058"},{"taxonomy":"product_cat","embeddable":true,"href":"https:\/\/displayproducts.eu\/nb\/wp-json\/wp\/v2\/product_cat?post=5058"},{"taxonomy":"product_tag","embeddable":true,"href":"https:\/\/displayproducts.eu\/nb\/wp-json\/wp\/v2\/product_tag?post=5058"}],"curies":[{"name":"wp","href":"https:\/\/api.w.org\/{rel}","templated":true}]}}