{"id":5052,"date":"2025-10-06T16:33:54","date_gmt":"2025-10-06T13:33:54","guid":{"rendered":"https:\/\/wristbandfactory.eu\/?post_type=product&#038;p=5052"},"modified":"2026-04-01T21:52:35","modified_gmt":"2026-04-01T18:52:35","slug":"remote-dmx-controllers-for-led-wristbands","status":"publish","type":"product","link":"https:\/\/displayproducts.eu\/nb\/p\/remote-dmx-controllers-for-led-wristbands\/","title":{"rendered":"Fjernkontroller og DMX-kontrollere for LED-b\u00e5nd"},"content":{"rendered":"<p>For \u00e5 oppn\u00e5 full synkronisering og skape altoppslukende lysshow med v\u00e5re fjernstyrte armb\u00e5nd, er en sentral kontroller et viktig tilbeh\u00f8r. Kontrollerne v\u00e5re gir deg absolutt kontroll over atmosf\u00e6ren p\u00e5 stedet, slik at \u00e9n uten trykkt operat\u00f8r kan utl\u00f8se livlige fargeendringer og dynamiske blinkende sekvenser p\u00e5 tvers av hele publikum. Enten du arrangerer en bedriftsgalla eller en stadionturn\u00e9 i verdensklasse, s\u00f8rger disse enhetene for at alle armb\u00e5ndene holder seg perfekt synkroniserte.<\/p>\n<h2 data-path-to-node=\"12\">Den \u201cstore\u201d DMX-kontrolleren (profesjonelt knutepunkt)<\/h2>\n<p data-path-to-node=\"13\">Dette er v\u00e5r kraftigste kontrollenhet, designet for profesjonelle lysteknikere og storskalaproduksjoner. Den har full DMX512-kompatibilitet, slik at du kan integrere armb\u00e5ndene direkte i lokalets eksisterende lyskonsoll.<\/p>\n<ul data-path-to-node=\"14\">\n<li>\n<p data-path-to-node=\"14,0,0\"><b data-path-to-node=\"14,0,0\" data-index-in-node=\"0\">Spekter:<\/b> Opptil 500 meter i \u00e5pne omr\u00e5der.<\/p>\n<\/li>\n<li>\n<p data-path-to-node=\"14,1,0\"><b data-path-to-node=\"14,1,0\" data-index-in-node=\"0\">Kapasitet:<\/b> Kontrollerer opptil 5000+ armb\u00e5nd samtidig.<\/p>\n<\/li>\n<li>\n<p data-path-to-node=\"14,2,0\"><b data-path-to-node=\"14,2,0\" data-index-in-node=\"0\">Makt:<\/b> Ekstern str\u00f8mforsyning for kontinuerlig drift.<\/p>\n<\/li>\n<\/ul>\n<h2 data-path-to-node=\"15\">Den \u201clille\u201d h\u00e5ndholdte kontrolleren (b\u00e6rbar og uten trykk)<\/h2>\n<p data-path-to-node=\"16\">Small Controller er ideell for mindre arrangementer, fester og produktlanseringer, og tilbyr et uten trykkt og intuitivt grensesnitt for manuell kontroll. Den er batteridrevet og b\u00e6rbar, noe som gir operat\u00f8ren frihet til \u00e5 bevege seg rundt p\u00e5 stedet mens den styrer lysshowet.<\/p>\n<ul data-path-to-node=\"17\">\n<li>\n<p data-path-to-node=\"17,0,0\"><b data-path-to-node=\"17,0,0\" data-index-in-node=\"0\">Spekter:<\/b> P\u00e5litelig signal opptil 200\u2013300 meter.<\/p>\n<\/li>\n<li>\n<p data-path-to-node=\"17,1,0\"><b data-path-to-node=\"17,1,0\" data-index-in-node=\"0\">Funksjoner:<\/b> Brukervennlige knapper for 15 forh\u00e5ndsinnstillinger av farger og 8 blinkende moduser.<\/p>\n<\/li>\n<li>\n<p data-path-to-node=\"17,2,0\"><b data-path-to-node=\"17,2,0\" data-index-in-node=\"0\">B\u00e6rbarhet:<\/b> Lett design med lang batterilevetid.<\/p>\n<\/li>\n<\/ul>\n<h2 data-path-to-node=\"18\">Viktige funksjoner og tilkobling<\/h2>\n<ul data-path-to-node=\"19\">\n<li>\n<p data-path-to-node=\"19,0,0\"><b data-path-to-node=\"19,0,0\" data-index-in-node=\"0\">RF-teknologi:<\/b> Bruker en sv\u00e6rt stabil 433 MHz-frekvens for \u00e5 sikre signalgjennomtrengning selv gjennom tette folkemengder.<\/p>\n<\/li>\n<li>\n<p data-path-to-node=\"19,1,0\"><b data-path-to-node=\"19,1,0\" data-index-in-node=\"0\">DMX512-integrasjon:<\/b> Synkroniserer s\u00f8ml\u00f8st med profesjonelle lyssettingsbord for forh\u00e5ndsprogrammerte showsekvenser.<\/p>\n<\/li>\n<li>\n<p data-path-to-node=\"19,2,0\"><b data-path-to-node=\"19,2,0\" data-index-in-node=\"0\">\u00d8yeblikkelig respons:<\/b> Null-latens signaloverf\u00f8ring for perfekt timing med musikk og visuelle signaler.<\/p>\n<\/li>\n<\/ul>\n<h2 data-path-to-node=\"20\">Spesifikasjoner<\/h2>\n<ul data-path-to-node=\"21\">\n<li>\n<p data-path-to-node=\"21,0,0\"><b data-path-to-node=\"21,0,0\" data-index-in-node=\"0\">Frekvenser:<\/b> 433,92 MHz.<\/p>\n<\/li>\n<li>\n<p data-path-to-node=\"21,1,0\"><b data-path-to-node=\"21,1,0\" data-index-in-node=\"0\">Arbeidsspenning:<\/b> DC 5V (liten) \/ DC 12V (stor).<\/p>\n<\/li>\n<li>\n<p data-path-to-node=\"21,2,0\"><b data-path-to-node=\"21,2,0\" data-index-in-node=\"0\">Kanaler:<\/b> St\u00f8tter flere soner og gruppespesifikk kontroll.<\/p>\n<\/li>\n<li>\n<p data-path-to-node=\"21,3,0\"><b data-path-to-node=\"21,3,0\" data-index-in-node=\"0\">Dimensjoner:<\/b> B\u00e6rbar h\u00e5ndholdt enhet eller profesjonell enhet som kan monteres i rack.<\/p>\n<\/li>\n<\/ul>\n<p data-path-to-node=\"22\">","protected":false},"excerpt":{"rendered":"<ul>\n<li>\n<p data-path-to-node=\"10,0,0\"><b data-path-to-node=\"10,0,0\" data-index-in-node=\"0\">Universell kommando:<\/b> Kontroller tusenvis av LED-armb\u00e5nd samtidig innenfor en rekkevidde p\u00e5 opptil 500 meter.<\/p>\n<\/li>\n<li>\n<p data-path-to-node=\"10,1,0\"><b data-path-to-node=\"10,1,0\" data-index-in-node=\"0\">Dobbel teknologi:<\/b> St\u00f8tter b\u00e5de manuell RF (radiofrekvens) fjernkontroll og profesjonell DMX512-integrasjon.<\/p>\n<\/li>\n<li>\n<p data-path-to-node=\"10,2,0\"><b data-path-to-node=\"10,2,0\" data-index-in-node=\"0\">Skalerbare l\u00f8sninger:<\/b> Velg mellom den b\u00e6rbare lille kontrolleren for intime arenaer eller den store kontrolleren for arrangementer p\u00e5 stadionst\u00f8rrelse.<\/p>\n<\/li>\n<li>\n<p data-path-to-node=\"10,3,0\"><b data-path-to-node=\"10,3,0\" data-index-in-node=\"0\">Sanntidseffekter:<\/b> Bytt umiddelbart mellom 15+ farger og forskjellige blinkende m\u00f8nstre for \u00e5 matche rytmen til arrangementet ditt.<\/p>\n<\/li>\n<\/ul>","protected":false},"featured_media":5980,"comment_status":"closed","ping_status":"closed","template":"","meta":[],"product_brand":[],"product_cat":[80],"product_tag":[],"class_list":{"0":"post-5052","1":"product","2":"type-product","3":"status-publish","4":"has-post-thumbnail","6":"product_cat-led-wristbands","8":"first","9":"instock","10":"shipping-taxable","11":"purchasable","12":"product-type-simple"},"_links":{"self":[{"href":"https:\/\/displayproducts.eu\/nb\/wp-json\/wp\/v2\/product\/5052","targetHints":{"allow":["GET"]}}],"collection":[{"href":"https:\/\/displayproducts.eu\/nb\/wp-json\/wp\/v2\/product"}],"about":[{"href":"https:\/\/displayproducts.eu\/nb\/wp-json\/wp\/v2\/types\/product"}],"replies":[{"embeddable":true,"href":"https:\/\/displayproducts.eu\/nb\/wp-json\/wp\/v2\/comments?post=5052"}],"wp:featuredmedia":[{"embeddable":true,"href":"https:\/\/displayproducts.eu\/nb\/wp-json\/wp\/v2\/media\/5980"}],"wp:attachment":[{"href":"https:\/\/displayproducts.eu\/nb\/wp-json\/wp\/v2\/media?parent=5052"}],"wp:term":[{"taxonomy":"product_brand","embeddable":true,"href":"https:\/\/displayproducts.eu\/nb\/wp-json\/wp\/v2\/product_brand?post=5052"},{"taxonomy":"product_cat","embeddable":true,"href":"https:\/\/displayproducts.eu\/nb\/wp-json\/wp\/v2\/product_cat?post=5052"},{"taxonomy":"product_tag","embeddable":true,"href":"https:\/\/displayproducts.eu\/nb\/wp-json\/wp\/v2\/product_tag?post=5052"}],"curies":[{"name":"wp","href":"https:\/\/api.w.org\/{rel}","templated":true}]}}