{"id":5034,"date":"2025-10-06T16:03:54","date_gmt":"2025-10-06T13:03:54","guid":{"rendered":"https:\/\/wristbandfactory.eu\/?post_type=product&#038;p=5034"},"modified":"2026-04-01T21:52:35","modified_gmt":"2026-04-01T18:52:35","slug":"custom-glow-flashing-led-wristbands","status":"publish","type":"product","link":"https:\/\/displayproducts.eu\/nb\/p\/custom-glow-flashing-led-wristbands\/","title":{"rendered":"Selvlysende og blinkende LED-armb\u00e5nd"},"content":{"rendered":"<p data-path-to-node=\"9\">N\u00e5r du trenger en uten trykk, kostnadseffektiv og livlig merkevarel\u00f8sning, er v\u00e5re spesialtilpassede LED-armb\u00e5nd med gl\u00f8d og blinking det perfekte valget. Disse armb\u00e5ndene er designet for h\u00f8y synlighet og gir et kraftig og konsistent lys uten behov for komplekse fjernkontroller.<\/p>\n<p data-path-to-node=\"10\">Dette er v\u00e5rt alt-i-ett-senter for manuelle (ikke-fjernstyrte) LED-b\u00e5nd, ideelt for bedriftsarrangementer, produktlanseringer, festivaler og bevissthetskampanjer der et enhetlig merkevareimage er avgj\u00f8rende.<\/p>\n<h2><strong>Velg din manuelle LED-modell<\/strong><\/h2>\n<p data-path-to-node=\"12\">Velg modellen som passer best til temaet for arrangementet ditt:<\/p>\n<h3 data-path-to-node=\"13,0,0\"><strong>Ensfarget gl\u00f8dmodell<\/strong><\/h3>\n<p><img fetchpriority=\"high\" decoding=\"async\" class=\"alignnone wp-image-5554\" src=\"https:\/\/displayproducts.eu\/wp-content\/uploads\/2025\/10\/flashing-led-1.jpeg\" alt=\"\" width=\"300\" height=\"300\" srcset=\"https:\/\/displayproducts.eu\/wp-content\/uploads\/2025\/10\/flashing-led-1.jpeg 600w, https:\/\/displayproducts.eu\/wp-content\/uploads\/2025\/10\/flashing-led-1-12x12.jpeg 12w, https:\/\/displayproducts.eu\/wp-content\/uploads\/2025\/10\/flashing-led-1-300x300.jpeg 300w, https:\/\/displayproducts.eu\/wp-content\/uploads\/2025\/10\/flashing-led-1-100x100.jpeg 100w, https:\/\/displayproducts.eu\/wp-content\/uploads\/2025\/10\/flashing-led-1-64x64.jpeg 64w\" sizes=\"(max-width: 300px) 100vw, 300px\" \/><\/p>\n<p>Denne modellens styrke er dens uten trykkhet. Den lyser opp i <b>\u00e9n spesifikk, livlig farge<\/b> (r\u00f8d, bl\u00e5, gr\u00f8nn osv.) for \u00e5 passe perfekt til bedriftens merkevarebygging eller arrangementstema. Den er laget av et ultralett (17 g) og slitesterkt TPU-materiale og gir en veldig lang levetid. <b>12 timers batterilevetid<\/b>.<\/p>\n<h3 data-path-to-node=\"13,1,0\"><strong>Flerfarget blinkende modell<\/strong><\/h3>\n<p data-path-to-node=\"13,1,0\"><img decoding=\"async\" class=\"alignnone wp-image-5556\" src=\"https:\/\/displayproducts.eu\/wp-content\/uploads\/2025\/10\/flashing-led.jpg\" alt=\"\" width=\"300\" height=\"300\" srcset=\"https:\/\/displayproducts.eu\/wp-content\/uploads\/2025\/10\/flashing-led.jpg 1080w, https:\/\/displayproducts.eu\/wp-content\/uploads\/2025\/10\/flashing-led-768x768.jpg 768w, https:\/\/displayproducts.eu\/wp-content\/uploads\/2025\/10\/flashing-led-12x12.jpg 12w, https:\/\/displayproducts.eu\/wp-content\/uploads\/2025\/10\/flashing-led-300x300.jpg 300w, https:\/\/displayproducts.eu\/wp-content\/uploads\/2025\/10\/flashing-led-600x600.jpg 600w, https:\/\/displayproducts.eu\/wp-content\/uploads\/2025\/10\/flashing-led-100x100.jpg 100w, https:\/\/displayproducts.eu\/wp-content\/uploads\/2025\/10\/flashing-led-64x64.jpg 64w\" sizes=\"(max-width: 300px) 100vw, 300px\" \/><\/p>\n<p data-path-to-node=\"13,1,0\">Denne modellen er en klassisk blikkfanger. Den har en farget reim (fuchsia, gr\u00f8nn, bl\u00e5 osv.) og en sterk LED-lampe som lyser opp hele reimen. En diskr\u00e9 av\/p\u00e5-bryter lar brukeren kontrollere blinkingen, noe som gj\u00f8r den til et perfekt interaktivt tilbeh\u00f8r for fester og konserter.<\/p>\n<p data-path-to-node=\"14\">Begge modellene drives av medf\u00f8lgende batterier og er klare til bruk umiddelbart. Vi tilbyr 1-farget tampongtrykk p\u00e5 et dedikert trykkomr\u00e5de for din egen logo eller melding til arrangementet.<\/p>\n<h2 data-path-to-node=\"15\"><b>Viktige funksjoner:<\/b><\/h2>\n<ul data-path-to-node=\"16\">\n<li>\n<p data-path-to-node=\"16,0,0\"><b>To modellalternativer:<\/b> Velg fra en <b>Ensfarget gl\u00f8d<\/b> eller en <b>Flerfarget blinking<\/b> modell.<\/p>\n<\/li>\n<li>\n<p data-path-to-node=\"16,1,0\"><b>Uten trykk manuell kontroll:<\/b> Begge modellene har en uten trykk av\/p\u00e5-bryter.<\/p>\n<\/li>\n<li>\n<p data-path-to-node=\"16,2,0\"><b>Ultralett komfort:<\/b> Den ensfargede modellen veier bare 17 g, noe som sikrer total komfort.<\/p>\n<\/li>\n<li>\n<p data-path-to-node=\"16,3,0\"><b>Lang batterilevetid:<\/b> P\u00e5litelig ytelse, med ensfarget modell som varer i opptil 12 timer.<\/p>\n<\/li>\n<li>\n<p data-path-to-node=\"16,4,0\"><b>Tilpasset merkevarebygging:<\/b> Begge modellene har et dedikert trykkomr\u00e5de for en 1-farget (svart eller hvit) logo.<\/p>\n<\/li>\n<li>\n<p data-path-to-node=\"16,5,0\"><b>Klar til bruk:<\/b> Drevet av medf\u00f8lgende knappcellebatterier.<\/p>\n<\/li>\n<li>\n<p data-path-to-node=\"16,6,0\"><b>Ideell for:<\/b> Storbestillinger for kampanjer, fester og merkevarebevissthetskampanjer.<\/p>\n<\/li>\n<\/ul>\n<p data-path-to-node=\"17\">","protected":false},"excerpt":{"rendered":"<p>Lys opp merkevaren din med v\u00e5re spesialtilpassede LED-armb\u00e5nd med lys. Disse ultralette TPU-b\u00e5ndene er tilgjengelige i enkle, livlige farger som passer perfekt til arrangementets tema.<\/p>","protected":false},"featured_media":5035,"comment_status":"closed","ping_status":"closed","template":"","meta":[],"product_brand":[],"product_cat":[80],"product_tag":[],"class_list":{"0":"post-5034","1":"product","2":"type-product","3":"status-publish","4":"has-post-thumbnail","6":"product_cat-led-wristbands","8":"first","9":"instock","10":"shipping-taxable","11":"purchasable","12":"product-type-simple"},"_links":{"self":[{"href":"https:\/\/displayproducts.eu\/nb\/wp-json\/wp\/v2\/product\/5034","targetHints":{"allow":["GET"]}}],"collection":[{"href":"https:\/\/displayproducts.eu\/nb\/wp-json\/wp\/v2\/product"}],"about":[{"href":"https:\/\/displayproducts.eu\/nb\/wp-json\/wp\/v2\/types\/product"}],"replies":[{"embeddable":true,"href":"https:\/\/displayproducts.eu\/nb\/wp-json\/wp\/v2\/comments?post=5034"}],"wp:featuredmedia":[{"embeddable":true,"href":"https:\/\/displayproducts.eu\/nb\/wp-json\/wp\/v2\/media\/5035"}],"wp:attachment":[{"href":"https:\/\/displayproducts.eu\/nb\/wp-json\/wp\/v2\/media?parent=5034"}],"wp:term":[{"taxonomy":"product_brand","embeddable":true,"href":"https:\/\/displayproducts.eu\/nb\/wp-json\/wp\/v2\/product_brand?post=5034"},{"taxonomy":"product_cat","embeddable":true,"href":"https:\/\/displayproducts.eu\/nb\/wp-json\/wp\/v2\/product_cat?post=5034"},{"taxonomy":"product_tag","embeddable":true,"href":"https:\/\/displayproducts.eu\/nb\/wp-json\/wp\/v2\/product_tag?post=5034"}],"curies":[{"name":"wp","href":"https:\/\/api.w.org\/{rel}","templated":true}]}}