{"id":5012,"date":"2025-10-06T15:39:59","date_gmt":"2025-10-06T12:39:59","guid":{"rendered":"https:\/\/wristbandfactory.eu\/?post_type=product&#038;p=5012"},"modified":"2026-04-01T21:52:35","modified_gmt":"2026-04-01T18:52:35","slug":"remote-controlled-fabric-led-wristbands","status":"publish","type":"product","link":"https:\/\/displayproducts.eu\/nb\/p\/remote-controlled-fabric-led-wristbands\/","title":{"rendered":"Fjernstyrte LED-armb\u00e5nd i stoff"},"content":{"rendered":"<p data-path-to-node=\"11\">L\u00f8ft arrangementet ditt opp med v\u00e5re f\u00f8rsteklasses fjernstyrte LED-armb\u00e5nd i stoff. Dette er den perfekte l\u00f8sningen for B2B-kunder og eksklusive arrangementer som krever komforten og den f\u00f8rsteklasses f\u00f8lelsen av et tekstilarmb\u00e5nd kombinert med den fantastiske visuelle effekten av et synkronisert lysshow. Alle modeller er kompatible med en sentral fjernkontroll og DMX-kontroller (selges separat), slik at \u00e9n uten trykkt operat\u00f8r kan administrere alle armb\u00e5ndene i lokalet samtidig.<\/p>\n<p data-path-to-node=\"12\">Dette er ditt sentrale knutepunkt for alle v\u00e5re stoffbaserte fjernstyrte modeller. Alle modeller er kompatible med en sentral <strong><a href=\"https:\/\/displayproducts.eu\/nb\/p\/remote-dmx-controllers-for-led-wristbands\/\">Fjernkontroll og DMX-kontroller<\/a><\/strong> som selges separat i v\u00e5r <strong><a href=\"https:\/\/displayproducts.eu\/nb\/c\/event-supplies\/\">Eventutstyr<\/a><\/strong> kategori. Denne kontrolleren lar \u00e9n operat\u00f8r endre LED-fargene og blinkem\u00f8nstrene for hvert armb\u00e5nd i lokalet samtidig.<\/p>\n<h2>Velg stoffmodellen din<\/h2>\n<p data-path-to-node=\"14\">Velg den spesifikke stoffmodellen som passer til arrangementets estetiske og tekniske behov:<\/p>\n<h2 data-path-to-node=\"11\">\u201cStandard\u201d stoffb\u00e5nd (fullt trykk)<\/h2>\n<h2 data-path-to-node=\"11\"><img fetchpriority=\"high\" decoding=\"async\" class=\"alignnone wp-image-5551\" src=\"https:\/\/displayproducts.eu\/wp-content\/uploads\/2025\/10\/standard-fabric.jpg\" alt=\"\" width=\"300\" height=\"300\" srcset=\"https:\/\/displayproducts.eu\/wp-content\/uploads\/2025\/10\/standard-fabric.jpg 1024w, https:\/\/displayproducts.eu\/wp-content\/uploads\/2025\/10\/standard-fabric-768x768.jpg 768w, https:\/\/displayproducts.eu\/wp-content\/uploads\/2025\/10\/standard-fabric-12x12.jpg 12w, https:\/\/displayproducts.eu\/wp-content\/uploads\/2025\/10\/standard-fabric-300x300.jpg 300w, https:\/\/displayproducts.eu\/wp-content\/uploads\/2025\/10\/standard-fabric-600x600.jpg 600w, https:\/\/displayproducts.eu\/wp-content\/uploads\/2025\/10\/standard-fabric-100x100.jpg 100w, https:\/\/displayproducts.eu\/wp-content\/uploads\/2025\/10\/standard-fabric-64x64.jpg 64w\" sizes=\"(max-width: 300px) 100vw, 300px\" \/><\/h2>\n<p data-path-to-node=\"12\">Denne modellen har et slitesterkt, mykt nylonarmb\u00e5nd med en lyssterk, fjernstyrt LED-modul. Selve stoffremmen er fullt tilpassbar med et livlig sublimeringstrykk i fullfarge, noe som gj\u00f8r den ideell for detaljerte logoer eller kompleks merkevarebygging av arrangementer.<\/p>\n<ul data-path-to-node=\"13\">\n<li>\n<p data-path-to-node=\"13,0,0\"><b data-path-to-node=\"13,0,0\" data-index-in-node=\"0\">Best for:<\/b> Bedriftsarrangementer, sponsoravtaler og familiefestivaler.<\/p>\n<\/li>\n<li>\n<p data-path-to-node=\"13,1,0\"><b data-path-to-node=\"13,1,0\" data-index-in-node=\"0\">Batterilevetid:<\/b> 12 timers driftstid med 2x CR2032 utskiftbare batterier.<\/p>\n<\/li>\n<\/ul>\n<h2 data-path-to-node=\"14\">Stoffreimen \u201c360\u00b0 lysende\u201d<\/h2>\n<p><img decoding=\"async\" class=\"alignnone wp-image-5044\" src=\"https:\/\/displayproducts.eu\/wp-content\/uploads\/2025\/10\/360\u00b0-Luminous-Remote-LED-Wristbands_main-e1763322702945.jpg\" alt=\"\" width=\"300\" height=\"131\" srcset=\"https:\/\/displayproducts.eu\/wp-content\/uploads\/2025\/10\/360\u00b0-Luminous-Remote-LED-Wristbands_main-e1763322702945.jpg 1080w, https:\/\/displayproducts.eu\/wp-content\/uploads\/2025\/10\/360\u00b0-Luminous-Remote-LED-Wristbands_main-e1763322702945-768x336.jpg 768w, https:\/\/displayproducts.eu\/wp-content\/uploads\/2025\/10\/360\u00b0-Luminous-Remote-LED-Wristbands_main-e1763322702945-18x8.jpg 18w, https:\/\/displayproducts.eu\/wp-content\/uploads\/2025\/10\/360\u00b0-Luminous-Remote-LED-Wristbands_main-e1763322702945-600x263.jpg 600w, https:\/\/displayproducts.eu\/wp-content\/uploads\/2025\/10\/360\u00b0-Luminous-Remote-LED-Wristbands_main-e1763322702945-64x28.jpg 64w\" sizes=\"(max-width: 300px) 100vw, 300px\" \/><\/p>\n<p data-path-to-node=\"19\">Denne innovative modellen har LED-lys integrert langs <b>hele lengden p\u00e5 det komfortable nylonb\u00e5ndet<\/b>, som gir fullstendig belysning rundt hele apparatet. Denne unike designen sikrer en fantastisk visuell effekt fra alle vinkler.<\/p>\n<ul data-path-to-node=\"20\">\n<li>\n<p data-path-to-node=\"20,0,0\"><b>Best for:<\/b> Arrangementer som krever det absolutt maksimale visuelle skue.<\/p>\n<\/li>\n<li>\n<p data-path-to-node=\"20,1,0\"><b>Batteri:<\/b> 8 timer (2x CR2032)<\/p>\n<\/li>\n<\/ul>\n<h2 data-path-to-node=\"17\">\u201cHybrid\u201d-stoff- og silikonreim<\/h2>\n<p><img decoding=\"async\" class=\"alignnone wp-image-5552\" src=\"https:\/\/displayproducts.eu\/wp-content\/uploads\/2025\/10\/hybrid-led.jpg\" alt=\"\" width=\"300\" height=\"300\" srcset=\"https:\/\/displayproducts.eu\/wp-content\/uploads\/2025\/10\/hybrid-led.jpg 2048w, https:\/\/displayproducts.eu\/wp-content\/uploads\/2025\/10\/hybrid-led-768x768.jpg 768w, https:\/\/displayproducts.eu\/wp-content\/uploads\/2025\/10\/hybrid-led-1536x1536.jpg 1536w, https:\/\/displayproducts.eu\/wp-content\/uploads\/2025\/10\/hybrid-led-12x12.jpg 12w, https:\/\/displayproducts.eu\/wp-content\/uploads\/2025\/10\/hybrid-led-300x300.jpg 300w, https:\/\/displayproducts.eu\/wp-content\/uploads\/2025\/10\/hybrid-led-600x600.jpg 600w, https:\/\/displayproducts.eu\/wp-content\/uploads\/2025\/10\/hybrid-led-100x100.jpg 100w, https:\/\/displayproducts.eu\/wp-content\/uploads\/2025\/10\/hybrid-led-64x64.jpg 64w\" sizes=\"(max-width: 300px) 100vw, 300px\" \/><\/p>\n<p data-path-to-node=\"22\">Denne modellen kombinerer en myk stoffrem med en komfortabel, glatt LED-modul i silikon\/ABS, og tilbyr en unik blanding av komfort og holdbarhet for bruk i flere dager.<\/p>\n<ul data-path-to-node=\"23\">\n<li>\n<p data-path-to-node=\"23,0,0\"><b>Best for:<\/b> Flerdagersfestivaler der b\u00e5de komfort og robust design er n\u00f8dvendig.<\/p>\n<\/li>\n<li>\n<p data-path-to-node=\"23,1,0\"><b>Batteri:<\/b> 12-timers (2x CR2032)<\/p>\n<\/li>\n<\/ul>\n<h2 data-path-to-node=\"20\">Viktige funksjoner og teknologi<\/h2>\n<ul data-path-to-node=\"21\">\n<li>\n<p data-path-to-node=\"21,0,0\"><b data-path-to-node=\"21,0,0\" data-index-in-node=\"0\">Sentralisert RF\/DMX-kontroll:<\/b> Alle stoffmodeller synkroniseres med en sentral kontroller for farge- og m\u00f8nsterendringer i sanntid.<\/p>\n<\/li>\n<li>\n<p data-path-to-node=\"21,1,0\"><b data-path-to-node=\"21,1,0\" data-index-in-node=\"0\">Justerbar passform:<\/b> Tilgjengelig med forskjellige l\u00e5semekanismer (perler eller l\u00f8kker) for \u00e5 passe alle gjester sikkert.<\/p>\n<\/li>\n<li>\n<p data-path-to-node=\"21,2,0\"><b data-path-to-node=\"21,2,0\" data-index-in-node=\"0\">Tilpasset merkevarebygging:<\/b> Stort omr\u00e5de med h\u00f8y synlighet p\u00e5 stoffremmen for f\u00f8rsteklasses 1-farges eller fullfargestrykk.<\/p>\n<\/li>\n<li>\n<p data-path-to-node=\"21,3,0\"><b data-path-to-node=\"21,3,0\" data-index-in-node=\"0\">Lang rekkevidde:<\/b> P\u00e5litelig signalmottak opptil 300\u2013500 meter for store arenaer.<\/p>\n<\/li>\n<\/ul>\n<h2 data-path-to-node=\"22\">Spesifikasjoner<\/h2>\n<ul data-path-to-node=\"23\">\n<li>\n<p data-path-to-node=\"23,0,0\"><b data-path-to-node=\"23,0,0\" data-index-in-node=\"0\">Stroppmateriale:<\/b> Myk polyester eller nylon (15 x 350 mm).<\/p>\n<\/li>\n<li>\n<p data-path-to-node=\"23,1,0\"><b data-path-to-node=\"23,1,0\" data-index-in-node=\"0\">Vekt:<\/b> Omtrent 24 g.<\/p>\n<\/li>\n<li>\n<p data-path-to-node=\"23,2,0\"><b data-path-to-node=\"23,2,0\" data-index-in-node=\"0\">Hyppighet:<\/b> 433 MHz (RF) \/ DMX512.<\/p>\n<\/li>\n<li>\n<p data-path-to-node=\"23,3,0\"><b data-path-to-node=\"23,3,0\" data-index-in-node=\"0\">Batteri:<\/b> 2x CR2032 (utskiftbare).<\/p>\n<\/li>\n<li>\n<p data-path-to-node=\"23,4,0\"><b data-path-to-node=\"23,4,0\" data-index-in-node=\"0\">Minimumsbestilling:<\/b> 100 enheter.<\/p>\n<\/li>\n<\/ul>\n<h3><strong><a href=\"https:\/\/displayproducts.eu\/nb\/p\/remote-dmx-controllers-for-led-wristbands\/\">Fjernkontroll og DMX-kontroller<\/a><\/strong><\/h3>\n<p><img loading=\"lazy\" decoding=\"async\" class=\"\" src=\"https:\/\/displayproducts.eu\/wp-content\/uploads\/2025\/10\/controller-2-scaled.jpeg\" width=\"365\" height=\"365\" \/><\/p>","protected":false},"excerpt":{"rendered":"<ul>\n<li>\n<p data-path-to-node=\"9,0,0\"><b data-path-to-node=\"9,0,0\" data-index-in-node=\"0\">Premium arrangementsopplevelse:<\/b> Kombinerer den myke f\u00f8lelsen av tekstilb\u00e5nd med avansert synkronisert lysteknologi.<\/p>\n<\/li>\n<li>\n<p data-path-to-node=\"9,1,0\"><b data-path-to-node=\"9,1,0\" data-index-in-node=\"0\">Sublimering i fullfarge:<\/b> Sv\u00e6rt tilpassbare stoffstropper for detaljerte logoer og livlige merkevarebilder.<\/p>\n<\/li>\n<li>\n<p data-path-to-node=\"9,2,0\"><b data-path-to-node=\"9,2,0\" data-index-in-node=\"0\">Kontroll p\u00e5 stadionniv\u00e5:<\/b> P\u00e5litelig RF- og DMX-synkronisering p\u00e5 tvers av tusenvis av enheter samtidig.<\/p>\n<\/li>\n<li>\n<p data-path-to-node=\"9,3,0\"><b data-path-to-node=\"9,3,0\" data-index-in-node=\"0\">Langvarig komfort:<\/b> Lett 24g-design konstruert for flerdagers festivaler og bedriftsarrangementer.<\/p>\n<\/li>\n<\/ul>","protected":false},"featured_media":5983,"comment_status":"closed","ping_status":"closed","template":"","meta":[],"product_brand":[],"product_cat":[80],"product_tag":[],"class_list":{"0":"post-5012","1":"product","2":"type-product","3":"status-publish","4":"has-post-thumbnail","6":"product_cat-led-wristbands","8":"first","9":"instock","10":"shipping-taxable","11":"purchasable","12":"product-type-simple"},"_links":{"self":[{"href":"https:\/\/displayproducts.eu\/nb\/wp-json\/wp\/v2\/product\/5012","targetHints":{"allow":["GET"]}}],"collection":[{"href":"https:\/\/displayproducts.eu\/nb\/wp-json\/wp\/v2\/product"}],"about":[{"href":"https:\/\/displayproducts.eu\/nb\/wp-json\/wp\/v2\/types\/product"}],"replies":[{"embeddable":true,"href":"https:\/\/displayproducts.eu\/nb\/wp-json\/wp\/v2\/comments?post=5012"}],"wp:featuredmedia":[{"embeddable":true,"href":"https:\/\/displayproducts.eu\/nb\/wp-json\/wp\/v2\/media\/5983"}],"wp:attachment":[{"href":"https:\/\/displayproducts.eu\/nb\/wp-json\/wp\/v2\/media?parent=5012"}],"wp:term":[{"taxonomy":"product_brand","embeddable":true,"href":"https:\/\/displayproducts.eu\/nb\/wp-json\/wp\/v2\/product_brand?post=5012"},{"taxonomy":"product_cat","embeddable":true,"href":"https:\/\/displayproducts.eu\/nb\/wp-json\/wp\/v2\/product_cat?post=5012"},{"taxonomy":"product_tag","embeddable":true,"href":"https:\/\/displayproducts.eu\/nb\/wp-json\/wp\/v2\/product_tag?post=5012"}],"curies":[{"name":"wp","href":"https:\/\/api.w.org\/{rel}","templated":true}]}}