{"id":4988,"date":"2025-10-06T14:34:19","date_gmt":"2025-10-06T11:34:19","guid":{"rendered":"https:\/\/wristbandfactory.eu\/?post_type=product&#038;p=4988"},"modified":"2026-04-01T21:52:35","modified_gmt":"2026-04-01T18:52:35","slug":"rechargeable-waterproof-led-sports-belt-for-runners","status":"publish","type":"product","link":"https:\/\/displayproducts.eu\/nb\/p\/rechargeable-waterproof-led-sports-belt-for-runners\/","title":{"rendered":"Oppladbart og vanntett LED-sportsbelte for l\u00f8pere"},"content":{"rendered":"<p>Hold deg synlig og v\u00e6r trygg med det ultimate LED-sportsbeltet med h\u00f8y synlighet fra Wristbandfactory. Dette beltet er designet for idrettsut\u00f8vere, barn og alle som er aktive i d\u00e5rlige lysforhold, og er et viktig sikkerhetsutstyr. <span class=\"citation-148 citation-end-148\">Den er laget av en komfortabel og vanntett blanding av Lycra og TPU, noe som sikrer at den forblir funksjonell i all slags v\u00e6r.<\/span>.<\/p>\n<p><span class=\"citation-147 citation-end-147\">Beltet er lett med sine bare 60 g og kan uten trykkt justeres fra minimum 30 cm til maksimum 60 cm, noe som gir en tettsittende og sikker passform for et bredt spekter av brukere.<\/span>. <span class=\"citation-146 citation-end-146\">Dette sportsbeltet drives av et praktisk oppladbart litiumbatteri og tilbyr en m\u00e5lt arbeidstid p\u00e5 10 timer p\u00e5 \u00e9n lading.<\/span>. <span class=\"citation-145 citation-end-145\">Velg mellom fire forskjellige lysfunksjoner \u2013 lang, sterk blinking, rask blinking, langsom blinking eller av \u2013 for \u00e5 maksimere synligheten for bilister og andre<\/span>. <span class=\"citation-144 citation-end-144\">Vi tilbyr dette produktet i standard OPP-emballasje, med tilpassede emballasjel\u00f8sninger tilgjengelig for B2B-grossistbestillinger over hele Europa.<\/span>.<\/p>\n<p><b>Viktige funksjoner:<\/b><\/p>\n<ul>\n<li><span class=\"citation-143 citation-end-143\">LED-lys med h\u00f8y synlighet og fire moduser (lang, sterk, rask\/langsom blinking, av)<\/span>.<\/li>\n<li><span class=\"citation-142 citation-end-142\">Fullt oppladbart litiumbatteri med 10 timers driftstid<\/span>.<\/li>\n<li><span class=\"citation-141 citation-end-141\">Laget av komfortable, vanntette Lycra- og TPU-materialer<\/span>.<\/li>\n<li><span class=\"citation-140 citation-end-140\">Justerbar st\u00f8rrelse fra 30 cm til 60 cm for \u00e5 sikre perfekt passform<\/span>.<\/li>\n<li><span class=\"citation-139 citation-end-139\">Lett design p\u00e5 bare 60 g<\/span>.<\/li>\n<\/ul>","protected":false},"excerpt":{"rendered":"<p>\u00d8k sikkerheten din under nattaktiviteter med v\u00e5rt oppladbare LED-sportsbelte, laget av vanntett Lycra for optimal komfort og holdbarhet. Med fire forskjellige lysmoduser s\u00f8rger dette justerbare beltet for at du holder deg synlig for trafikken mens du l\u00f8per, sykler eller g\u00e5r.<\/p>","protected":false},"featured_media":4989,"comment_status":"closed","ping_status":"closed","template":"","meta":[],"product_brand":[],"product_cat":[68,118,45],"product_tag":[],"class_list":{"0":"post-4988","1":"product","2":"type-product","3":"status-publish","4":"has-post-thumbnail","6":"product_cat-event-supplies","7":"product_cat-sports-fitness","8":"product_cat-other","10":"first","11":"instock","12":"shipping-taxable","13":"purchasable","14":"product-type-simple"},"_links":{"self":[{"href":"https:\/\/displayproducts.eu\/nb\/wp-json\/wp\/v2\/product\/4988","targetHints":{"allow":["GET"]}}],"collection":[{"href":"https:\/\/displayproducts.eu\/nb\/wp-json\/wp\/v2\/product"}],"about":[{"href":"https:\/\/displayproducts.eu\/nb\/wp-json\/wp\/v2\/types\/product"}],"replies":[{"embeddable":true,"href":"https:\/\/displayproducts.eu\/nb\/wp-json\/wp\/v2\/comments?post=4988"}],"wp:featuredmedia":[{"embeddable":true,"href":"https:\/\/displayproducts.eu\/nb\/wp-json\/wp\/v2\/media\/4989"}],"wp:attachment":[{"href":"https:\/\/displayproducts.eu\/nb\/wp-json\/wp\/v2\/media?parent=4988"}],"wp:term":[{"taxonomy":"product_brand","embeddable":true,"href":"https:\/\/displayproducts.eu\/nb\/wp-json\/wp\/v2\/product_brand?post=4988"},{"taxonomy":"product_cat","embeddable":true,"href":"https:\/\/displayproducts.eu\/nb\/wp-json\/wp\/v2\/product_cat?post=4988"},{"taxonomy":"product_tag","embeddable":true,"href":"https:\/\/displayproducts.eu\/nb\/wp-json\/wp\/v2\/product_tag?post=4988"}],"curies":[{"name":"wp","href":"https:\/\/api.w.org\/{rel}","templated":true}]}}