{"id":4979,"date":"2025-10-06T14:21:01","date_gmt":"2025-10-06T11:21:01","guid":{"rendered":"https:\/\/wristbandfactory.eu\/?post_type=product&#038;p=4979"},"modified":"2026-04-01T21:52:35","modified_gmt":"2026-04-01T18:52:35","slug":"sound-activated-led-wristbands","status":"publish","type":"product","link":"https:\/\/displayproducts.eu\/nb\/p\/sound-activated-led-wristbands\/","title":{"rendered":"\"Lydaktiverte\" LED-b\u00e5nd med logo"},"content":{"rendered":"<p data-path-to-node=\"8\">Gj\u00f8r rytmen levende med v\u00e5re \u201clydaktiverte\u201d LED-armb\u00e5nd. Disse armb\u00e5ndene er designet for energiske milj\u00f8er som nattklubber, musikkfestivaler og livekonserter, og gj\u00f8r hver gjest til en del av den visuelle forestillingen. I motsetning til DMX-systemer krever disse autonome b\u00e5ndene ingen teknisk oppsett \u2013 de reagerer ganske uten trykkt p\u00e5 musikkniv\u00e5ene rundt seg og skaper et pulserende hav av lys som matcher rytmen til arrangementet ditt.<\/p>\n<h2 data-path-to-node=\"9\">Viktige funksjoner<\/h2>\n<ul data-path-to-node=\"10\">\n<li>\n<p data-path-to-node=\"10,0,0\"><b data-path-to-node=\"10,0,0\" data-index-in-node=\"0\">Intelligente akustiske sensorer:<\/b> Kalibrert for \u00e5 oppdage rytmiske m\u00f8nstre, noe som sikrer at lyset blinker n\u00f8yaktig synkront med bass og diskant.<\/p>\n<\/li>\n<li>\n<p data-path-to-node=\"10,1,0\"><b data-path-to-node=\"10,1,0\" data-index-in-node=\"0\">Plug-and-Play-uten trykkhet:<\/b> Ingen eksterne kontrollere eller programmering kreves; bandene er klare til bruk rett ut av esken.<\/p>\n<\/li>\n<li>\n<p data-path-to-node=\"10,2,0\"><b data-path-to-node=\"10,2,0\" data-index-in-node=\"0\">Livlige fargealternativer:<\/b> Velg mellom et bredt utvalg av LED-farger som passer til merkeidentiteten eller arrangementstemaet ditt.<\/p>\n<\/li>\n<li>\n<p data-path-to-node=\"10,3,0\"><b data-path-to-node=\"10,3,0\" data-index-in-node=\"0\">Slitesterkt tampongtrykk:<\/b> Vi bruker profesjonelle blekktyper for \u00e5 sikre at den tilpassede logoen din forblir skarp og synlig gjennom hele arrangementet.<\/p>\n<\/li>\n<\/ul>\n<h2 data-path-to-node=\"11\">Spesifikasjoner<\/h2>\n<ul data-path-to-node=\"12\">\n<li>\n<p data-path-to-node=\"12,0,0\"><b data-path-to-node=\"12,0,0\" data-index-in-node=\"0\">Kontrollmekanisme:<\/b> H\u00f8yf\u00f8lsom intern akustisk sensor.<\/p>\n<\/li>\n<li>\n<p data-path-to-node=\"12,1,0\"><b data-path-to-node=\"12,1,0\" data-index-in-node=\"0\">Materialer:<\/b> ABS-hus med myk silikon- eller PVC-stropp.<\/p>\n<\/li>\n<li>\n<p data-path-to-node=\"12,2,0\"><b data-path-to-node=\"12,2,0\" data-index-in-node=\"0\">Vekt:<\/b> 22 g.<\/p>\n<\/li>\n<li>\n<p data-path-to-node=\"12,3,0\"><b data-path-to-node=\"12,3,0\" data-index-in-node=\"0\">Batterilevetid:<\/b> 8\u201312 timer med aktiv blinking.<\/p>\n<\/li>\n<li>\n<p data-path-to-node=\"12,4,0\"><b data-path-to-node=\"12,4,0\" data-index-in-node=\"0\">Batteritype:<\/b> 2x CR2032 (inkludert og utskiftbar).<\/p>\n<\/li>\n<li>\n<p data-path-to-node=\"12,5,0\"><b data-path-to-node=\"12,5,0\" data-index-in-node=\"0\">Tilpasning:<\/b> Presisjonslogotrykk p\u00e5 LED-modulen.<\/p>\n<\/li>\n<\/ul>\n<h2 data-path-to-node=\"13\">Brukstilfeller<\/h2>\n<ul data-path-to-node=\"14\">\n<li>\n<p data-path-to-node=\"14,0,0\"><b data-path-to-node=\"14,0,0\" data-index-in-node=\"0\">Nattklubber og VIP-fester:<\/b> Forbedre atmosf\u00e6ren p\u00e5 dansegulvet og \u00f8ke gjestenes engasjement.<\/p>\n<\/li>\n<li>\n<p data-path-to-node=\"14,1,0\"><b data-path-to-node=\"14,1,0\" data-index-in-node=\"0\">Musikkfestivaler:<\/b> En kostnadseffektiv m\u00e5te \u00e5 lage et massivt, reaktivt lysshow for publikum.<\/p>\n<\/li>\n<li>\n<p data-path-to-node=\"14,2,0\"><b data-path-to-node=\"14,2,0\" data-index-in-node=\"0\">Konserter og omvisninger:<\/b> Styrker forbindelsen mellom ut\u00f8ver og publikum gjennom lys.<\/p>\n<\/li>\n<li>\n<p data-path-to-node=\"14,3,0\"><b data-path-to-node=\"14,3,0\" data-index-in-node=\"0\">Bedriftsgallamiddager:<\/b> Legge til et h\u00f8yteknologisk, interaktivt element til prisutdelinger og presentasjoner.<\/p>\n<\/li>\n<\/ul>\n<p data-path-to-node=\"15\">","protected":false},"excerpt":{"rendered":"<ul>\n<li>\n<p data-path-to-node=\"7,0,0\"><b data-path-to-node=\"7,0,0\" data-index-in-node=\"0\">Musikksynkroniseringsteknologi:<\/b> Integrerte akustiske sensorer lar LED-ene blinke i perfekt harmoni med omgivelsesrytmen eller publikumsst\u00f8yen.<\/p>\n<\/li>\n<li>\n<p data-path-to-node=\"7,1,0\"><b data-path-to-node=\"7,1,0\" data-index-in-node=\"0\">Autonom drift:<\/b> Ingen kontrollere eller fjernkontroller n\u00f8dvendig \u2013 et uavhengig lysshow som reagerer umiddelbart p\u00e5 omgivelsene.<\/p>\n<\/li>\n<li>\n<p data-path-to-node=\"7,2,0\"><b data-path-to-node=\"7,2,0\" data-index-in-node=\"0\">Lett og slitesterk:<\/b> Komfortabel 22g-design med st\u00f8tsikkert ABS-hus, perfekt for festivaler og konserter som varer hele natten.<\/p>\n<\/li>\n<li>\n<p data-path-to-node=\"7,3,0\"><b data-path-to-node=\"7,3,0\" data-index-in-node=\"0\">Merkevarebygging med h\u00f8y effekt:<\/b> Dedikert utskriftsomr\u00e5de for applikasjon av livlig firmalogo i \u00e9n eller flere farger.<\/p>\n<\/li>\n<\/ul>","protected":false},"featured_media":6003,"comment_status":"closed","ping_status":"closed","template":"","meta":[],"product_brand":[],"product_cat":[80],"product_tag":[],"class_list":{"0":"post-4979","1":"product","2":"type-product","3":"status-publish","4":"has-post-thumbnail","6":"product_cat-led-wristbands","8":"first","9":"instock","10":"shipping-taxable","11":"purchasable","12":"product-type-simple"},"_links":{"self":[{"href":"https:\/\/displayproducts.eu\/nb\/wp-json\/wp\/v2\/product\/4979","targetHints":{"allow":["GET"]}}],"collection":[{"href":"https:\/\/displayproducts.eu\/nb\/wp-json\/wp\/v2\/product"}],"about":[{"href":"https:\/\/displayproducts.eu\/nb\/wp-json\/wp\/v2\/types\/product"}],"replies":[{"embeddable":true,"href":"https:\/\/displayproducts.eu\/nb\/wp-json\/wp\/v2\/comments?post=4979"}],"wp:featuredmedia":[{"embeddable":true,"href":"https:\/\/displayproducts.eu\/nb\/wp-json\/wp\/v2\/media\/6003"}],"wp:attachment":[{"href":"https:\/\/displayproducts.eu\/nb\/wp-json\/wp\/v2\/media?parent=4979"}],"wp:term":[{"taxonomy":"product_brand","embeddable":true,"href":"https:\/\/displayproducts.eu\/nb\/wp-json\/wp\/v2\/product_brand?post=4979"},{"taxonomy":"product_cat","embeddable":true,"href":"https:\/\/displayproducts.eu\/nb\/wp-json\/wp\/v2\/product_cat?post=4979"},{"taxonomy":"product_tag","embeddable":true,"href":"https:\/\/displayproducts.eu\/nb\/wp-json\/wp\/v2\/product_tag?post=4979"}],"curies":[{"name":"wp","href":"https:\/\/api.w.org\/{rel}","templated":true}]}}