{"id":4966,"date":"2025-10-06T14:11:43","date_gmt":"2025-10-06T11:11:43","guid":{"rendered":"https:\/\/wristbandfactory.eu\/?post_type=product&#038;p=4966"},"modified":"2026-04-01T21:52:35","modified_gmt":"2026-04-01T18:52:35","slug":"custom-rfid-fabric-wristbands","status":"publish","type":"product","link":"https:\/\/displayproducts.eu\/nb\/p\/custom-rfid-fabric-wristbands\/","title":{"rendered":"Stoffb\u00e5nd med RFID"},"content":{"rendered":"<p data-path-to-node=\"10\">Effektiviser arrangementsdriften din med v\u00e5re <b data-path-to-node=\"10\" data-index-in-node=\"67\">Stoffb\u00e5nd med RFID<\/b>, bransjestandarden for kontantl\u00f8se festivaler og h\u00f8ysikkerhetsarenaer. Det klassiske designet kombinerer en myk, vevd eller satengpolyesterstropp med en robust <b data-path-to-node=\"10\" data-index-in-node=\"250\">PVC Smart Slider<\/b> som beskytter RFID-brikken mot vann og st\u00f8t.<\/p>\n<p data-path-to-node=\"11\"><b data-path-to-node=\"11\" data-index-in-node=\"0\">Trenger du en Premium-oppgradering?<\/b> Selv om PVC-slideren er v\u00e5rt mest popul\u00e6re og kostnadseffektive alternativ, tilbyr vi ogs\u00e5 <b data-path-to-node=\"11\" data-index-in-node=\"106\">Innebygd RFID-teknologi<\/b>. I denne premiumversjonen er chipen hermetisk forseglet direkte inne i tekstillagen, noe som skaper et helt glatt, glidefritt armb\u00e5nd som f\u00f8les som et vanlig stoffb\u00e5nd. <i data-path-to-node=\"11\" data-index-in-node=\"316\">Kontakt teamet v\u00e5rt for \u00e5 be om Embedded \/ Chip-in-Band-modellen.<\/i><\/p>\n<p data-path-to-node=\"12\">Begge versjonene tilbyr <b data-path-to-node=\"12\" data-index-in-node=\"20\">to distinkte merkevareflater<\/b>H\u00f8yoppl\u00f8selig sublimeringstrykk p\u00e5 selve armb\u00e5ndet, og (p\u00e5 slider-modellen) spesialtrykk eller lasergravering p\u00e5 PVC-merkelappen.<\/p>\n<h2 data-path-to-node=\"13\">Viktige funksjoner<\/h2>\n<ul data-path-to-node=\"14\">\n<li>\n<p data-path-to-node=\"14,0,0\"><b data-path-to-node=\"14,0,0\" data-index-in-node=\"0\">Allsidige alternativer:<\/b> Velg mellom standarden <b data-path-to-node=\"14,0,0\" data-index-in-node=\"47\">Hard PVC-glider<\/b> (for maksimal holdbarhet) eller <b data-path-to-node=\"14,0,0\" data-index-in-node=\"95\">Innebygd smart stoff<\/b> (for maksimal komfort).<\/p>\n<\/li>\n<li>\n<p data-path-to-node=\"14,1,0\"><b data-path-to-node=\"14,1,0\" data-index-in-node=\"0\">P\u00e5litelig skanning:<\/b> H\u00f8ykvalitetsantenner sikrer rask avlesning ved porter og bommer, uavhengig av modell.<\/p>\n<\/li>\n<li>\n<p data-path-to-node=\"14,2,0\"><b data-path-to-node=\"14,2,0\" data-index-in-node=\"0\">Chipfleksibilitet:<\/b> Kompatibel med Mifare 1K, NTAG213, I-CODE SLIX og UHF-brikker for \u00e5 matche systemet ditt.<\/p>\n<\/li>\n<li>\n<p data-path-to-node=\"14,3,0\"><b data-path-to-node=\"14,3,0\" data-index-in-node=\"0\">Sikringssikre l\u00e5ser:<\/b> Sikre enveis skyvel\u00e5ser sikrer at armb\u00e5ndet ikke kan overf\u00f8res mellom gjester.<\/p>\n<\/li>\n<\/ul>\n<h2 data-path-to-node=\"15\">Spesifikasjoner<\/h2>\n<ul data-path-to-node=\"16\">\n<li>\n<p data-path-to-node=\"16,0,0\"><b data-path-to-node=\"16,0,0\" data-index-in-node=\"0\">B\u00e5ndmateriale:<\/b> Polyester (sublimering eller vevd)<\/p>\n<\/li>\n<li>\n<p data-path-to-node=\"16,1,0\"><b data-path-to-node=\"16,1,0\" data-index-in-node=\"0\">Standardmodell:<\/b> PVC-glidelapp (35x25mm)<\/p>\n<\/li>\n<li>\n<p data-path-to-node=\"16,2,0\"><b data-path-to-node=\"16,2,0\" data-index-in-node=\"0\">Premium-modell:<\/b> Innebygd brikke (usynlig)<\/p>\n<\/li>\n<li>\n<p data-path-to-node=\"16,3,0\"><b data-path-to-node=\"16,3,0\" data-index-in-node=\"0\">Chipfrekvens:<\/b> 13,56 MHz (HF) \/ 860\u2013960 MHz (UHF)<\/p>\n<\/li>\n<li>\n<p data-path-to-node=\"16,4,0\"><b data-path-to-node=\"16,4,0\" data-index-in-node=\"0\">Printing:<\/b> Fullfarge CMYK<\/p>\n<\/li>\n<li>\n<p data-path-to-node=\"16,5,0\"><b data-path-to-node=\"16,5,0\" data-index-in-node=\"0\">Vanntett:<\/b> Ja (IP68)<\/p>\n<\/li>\n<\/ul>\n<h2 data-path-to-node=\"17\">Brukstilfeller<\/h2>\n<ul data-path-to-node=\"18\">\n<li>\n<p data-path-to-node=\"18,0,0\"><b data-path-to-node=\"18,0,0\" data-index-in-node=\"0\">Musikkfestivaler:<\/b> Rask adgang og kontantl\u00f8se betalinger reduserer k\u00f8er og \u00f8ker inntektene fra baren.<\/p>\n<\/li>\n<li>\n<p data-path-to-node=\"18,1,0\"><b data-path-to-node=\"18,1,0\" data-index-in-node=\"0\">VIP-tilgang:<\/b> Bruk <b data-path-to-node=\"18,1,0\" data-index-in-node=\"20\">Innebygd<\/b> versjon for VIP-gjester som forventer et h\u00f8yere niv\u00e5 av komfort og eksklusivitet.<\/p>\n<\/li>\n<li>\n<p data-path-to-node=\"18,2,0\"><b data-path-to-node=\"18,2,0\" data-index-in-node=\"0\">Vannparker:<\/b> Slitesterk konstruksjon t\u00e5ler klor og fullstendig nedsenking.<\/p>\n<\/li>\n<li>\n<p data-path-to-node=\"18,3,0\"><b data-path-to-node=\"18,3,0\" data-index-in-node=\"0\">Merkevareaktiveringer:<\/b> \u201cTrykk\u201d for \u00e5 koble til sosiale medier eller l\u00e5se opp digitalt innhold.<\/p>\n<\/li>\n<\/ul>","protected":false},"excerpt":{"rendered":"<ul>\n<li>\n<p data-path-to-node=\"9,0,0\"><b data-path-to-node=\"9,0,0\" data-index-in-node=\"0\">Smart Slider-teknologi:<\/b> Standardmodellen har en slitesterk PVC-brikke som inneholder RFID-brikken for p\u00e5litelig skanning.<\/p>\n<\/li>\n<li>\n<p data-path-to-node=\"9,1,0\"><b data-path-to-node=\"9,1,0\" data-index-in-node=\"0\">Premium-alternativ tilgjengelig:<\/b> Leter du etter et elegantere utseende? Sp\u00f8r om v\u00e5re <b data-path-to-node=\"9,1,0\" data-index-in-node=\"68\">\u201cChip-in-Band\u201d<\/b> l\u00f8sning der flisen er skjult inne i stoffet.<\/p>\n<\/li>\n<li>\n<p data-path-to-node=\"9,2,0\"><b data-path-to-node=\"9,2,0\" data-index-in-node=\"0\">Klar for kontantl\u00f8s betaling:<\/b> Integrerte brikker (Mifare, NTAG) muliggj\u00f8r raske \u201cTap &amp; Go\u201d-betalinger og adgangskontroll.<\/p>\n<\/li>\n<li>\n<p data-path-to-node=\"9,3,0\"><b data-path-to-node=\"9,3,0\" data-index-in-node=\"0\">H\u00f8y sikkerhet:<\/b> Sikre l\u00e5setenner forhindrer overf\u00f8ring og billettsvindel.<\/p>\n<\/li>\n<\/ul>","protected":false},"featured_media":5933,"comment_status":"closed","ping_status":"closed","template":"","meta":[],"product_brand":[],"product_cat":[47,81,88],"product_tag":[],"class_list":{"0":"post-4966","1":"product","2":"type-product","3":"status-publish","4":"has-post-thumbnail","6":"product_cat-fabric-wristbands","7":"product_cat-rfid","8":"product_cat-smart-wristbands","10":"first","11":"instock","12":"shipping-taxable","13":"purchasable","14":"product-type-simple"},"_links":{"self":[{"href":"https:\/\/displayproducts.eu\/nb\/wp-json\/wp\/v2\/product\/4966","targetHints":{"allow":["GET"]}}],"collection":[{"href":"https:\/\/displayproducts.eu\/nb\/wp-json\/wp\/v2\/product"}],"about":[{"href":"https:\/\/displayproducts.eu\/nb\/wp-json\/wp\/v2\/types\/product"}],"replies":[{"embeddable":true,"href":"https:\/\/displayproducts.eu\/nb\/wp-json\/wp\/v2\/comments?post=4966"}],"wp:featuredmedia":[{"embeddable":true,"href":"https:\/\/displayproducts.eu\/nb\/wp-json\/wp\/v2\/media\/5933"}],"wp:attachment":[{"href":"https:\/\/displayproducts.eu\/nb\/wp-json\/wp\/v2\/media?parent=4966"}],"wp:term":[{"taxonomy":"product_brand","embeddable":true,"href":"https:\/\/displayproducts.eu\/nb\/wp-json\/wp\/v2\/product_brand?post=4966"},{"taxonomy":"product_cat","embeddable":true,"href":"https:\/\/displayproducts.eu\/nb\/wp-json\/wp\/v2\/product_cat?post=4966"},{"taxonomy":"product_tag","embeddable":true,"href":"https:\/\/displayproducts.eu\/nb\/wp-json\/wp\/v2\/product_tag?post=4966"}],"curies":[{"name":"wp","href":"https:\/\/api.w.org\/{rel}","templated":true}]}}