{"id":4277,"date":"2025-06-05T15:54:38","date_gmt":"2025-06-05T12:54:38","guid":{"rendered":"https:\/\/wristbandfactory.eu\/?post_type=product&#038;p=4277"},"modified":"2026-04-01T21:52:35","modified_gmt":"2026-04-01T18:52:35","slug":"extra-large-reusable-event-cups-900ml","status":"publish","type":"product","link":"https:\/\/displayproducts.eu\/nb\/p\/extra-large-reusable-event-cups-900ml\/","title":{"rendered":"Ekstra store gjenbrukbare kopper til arrangementer (900 ml)"},"content":{"rendered":"<p data-path-to-node=\"8\">N\u00e5r en standardkopp ikke er nok, er v\u00e5r 900 ml ekstra store gjenbrukbare arrangementsbeger den ideelle l\u00f8sningen. Denne koppen er spesielt utviklet for steder der store drikkevolumer og redusert p\u00e5fyllingsfrekvens er avgj\u00f8rende, og er perfekt for sportsarenaer, travle utend\u00f8rsfestivaler og helsekampanjer.<\/p>\n<p data-path-to-node=\"9\">Ved \u00e5 tilby en betydelig st\u00f8rre kapasitet enn standard 500 ml-kopper, forbedrer 900 ml Malsuk-modellen serviceeffektiviteten og \u00f8ker brukervennligheten.<\/p>\n<p data-path-to-node=\"10\">Denne koppen er laget av fleksibel og slitesterk PP-plast (polypropylen), og er designet for langvarig og p\u00e5litelig bruk. Den er sertifisert BPA-fri og har en ren, halvtransparent overflate.<\/p>\n<p data-path-to-node=\"11\">Denne ekstra store kapasiteten gir ogs\u00e5 en ekstra stor merkevaremulighet. Koppen har et massivt trykkomr\u00e5de p\u00e5 270 x 70 mm, slik at logoen eller kampanjebudskapet ditt kan vises tydelig med 1-farges silketrykk.<\/p>\n<p data-path-to-node=\"12\"><b>Viktige funksjoner:<\/b><\/p>\n<ul data-path-to-node=\"13\">\n<li>\n<p data-path-to-node=\"13,0,0\"><b>Ekstra stor kapasitet p\u00e5 900 ml:<\/b> Ideell for servering av st\u00f8rre drinker og minimere p\u00e5fyll p\u00e5 arrangementer med mye trafikk.<\/p>\n<\/li>\n<li>\n<p data-path-to-node=\"13,1,0\"><b>Slitesterkt og fleksibelt materiale:<\/b> Laget av slitesterk, gjenbrukbar PP-plast.<\/p>\n<\/li>\n<li>\n<p data-path-to-node=\"13,2,0\"><b>Helsevennlig:<\/b> Sertifisert 100% BPA-fri.<\/p>\n<\/li>\n<li>\n<p data-path-to-node=\"13,3,0\"><b>Halvtransparent finish:<\/b> Gir et rent og moderne utseende samtidig som innholdet holdes synlig.<\/p>\n<\/li>\n<li>\n<p data-path-to-node=\"13,4,0\"><b>Massivt utskriftsomr\u00e5de:<\/b> Gir et omr\u00e5de p\u00e5 270 x 70 mm for slagkraftig 1-farges silketrykk.<\/p>\n<\/li>\n<\/ul>","protected":false},"excerpt":{"rendered":"<ul data-path-to-node=\"7\">\n<li>\n<p data-path-to-node=\"7,0,0\">Ekstra stor kapasitet p\u00e5 900 ml reduserer hyppigheten av p\u00e5fylling p\u00e5 store steder.<\/p>\n<\/li>\n<li>\n<p data-path-to-node=\"7,1,0\">Laget av fleksibel, slitesterk og BPA-fri PP-plast.<\/p>\n<\/li>\n<li>\n<p data-path-to-node=\"7,2,0\">Har en ren, semi-transparent overflate.<\/p>\n<\/li>\n<li>\n<p data-path-to-node=\"7,3,0\">Stort trykkomr\u00e5de p\u00e5 270 x 70 mm for 1-farges silketrykk.<\/p>\n<\/li>\n<\/ul>","protected":false},"featured_media":6493,"comment_status":"closed","ping_status":"closed","template":"","meta":[],"product_brand":[],"product_cat":[111],"product_tag":[],"class_list":{"0":"post-4277","1":"product","2":"type-product","3":"status-publish","4":"has-post-thumbnail","6":"product_cat-reusable-event-cups","8":"first","9":"instock","10":"shipping-taxable","11":"purchasable","12":"product-type-simple"},"_links":{"self":[{"href":"https:\/\/displayproducts.eu\/nb\/wp-json\/wp\/v2\/product\/4277","targetHints":{"allow":["GET"]}}],"collection":[{"href":"https:\/\/displayproducts.eu\/nb\/wp-json\/wp\/v2\/product"}],"about":[{"href":"https:\/\/displayproducts.eu\/nb\/wp-json\/wp\/v2\/types\/product"}],"replies":[{"embeddable":true,"href":"https:\/\/displayproducts.eu\/nb\/wp-json\/wp\/v2\/comments?post=4277"}],"wp:featuredmedia":[{"embeddable":true,"href":"https:\/\/displayproducts.eu\/nb\/wp-json\/wp\/v2\/media\/6493"}],"wp:attachment":[{"href":"https:\/\/displayproducts.eu\/nb\/wp-json\/wp\/v2\/media?parent=4277"}],"wp:term":[{"taxonomy":"product_brand","embeddable":true,"href":"https:\/\/displayproducts.eu\/nb\/wp-json\/wp\/v2\/product_brand?post=4277"},{"taxonomy":"product_cat","embeddable":true,"href":"https:\/\/displayproducts.eu\/nb\/wp-json\/wp\/v2\/product_cat?post=4277"},{"taxonomy":"product_tag","embeddable":true,"href":"https:\/\/displayproducts.eu\/nb\/wp-json\/wp\/v2\/product_tag?post=4277"}],"curies":[{"name":"wp","href":"https:\/\/api.w.org\/{rel}","templated":true}]}}