{"id":4271,"date":"2025-06-05T15:43:08","date_gmt":"2025-06-05T12:43:08","guid":{"rendered":"https:\/\/wristbandfactory.eu\/?post_type=product&#038;p=4271"},"modified":"2026-04-01T21:52:35","modified_gmt":"2026-04-01T18:52:35","slug":"reusable-event-cups-600ml","status":"publish","type":"product","link":"https:\/\/displayproducts.eu\/nb\/p\/reusable-event-cups-600ml\/","title":{"rendered":"Gjenbrukbare kopper til arrangementer (600 ml)"},"content":{"rendered":"<p data-path-to-node=\"8\">G\u00e5 utover standardst\u00f8rrelsen p\u00e5 500 ml med v\u00e5r gjenbrukbare arrangementsbeger p\u00e5 600 ml. Denne koppen er spesielt utviklet for milj\u00f8er med mye trafikk som festivaler, idrettsarenaer og store konserter, der det \u00e5 redusere p\u00e5fyllingsfrekvensen er n\u00f8kkelen til \u00e5 forbedre servicehastigheten og tilfredsheten blant de bes\u00f8kende.<\/p>\n<p data-path-to-node=\"9\">Denne koppen er laget av fleksibel, men slitesterk PP-plast (polypropylen), og har en ren, halvtransparent overflate som passer godt til enhver merkevarebygging. Det st\u00f8rre volumet gir ekstra bekvemmelighet for deltakere p\u00e5 travle utend\u00f8rsarrangementer.<\/p>\n<p data-path-to-node=\"10\">Denne koppen er ikke bare praktisk, men ogs\u00e5 et utmerket merkevareverkt\u00f8y. Den tilbyr et sjener\u00f8st trykkomr\u00e5de p\u00e5 220 x 70 mm for firmalogoen eller kampanjebudskapet ditt, som kan p\u00e5f\u00f8res med slitesterkt silketrykk i ensfarge. Materialet er sertifisert BPA-fritt, noe som sikrer en trygg og h\u00f8ykvalitetsl\u00f8sning for arrangementet ditt.<\/p>\n<p data-path-to-node=\"11\"><b>Viktige funksjoner:<\/b><\/p>\n<ul data-path-to-node=\"12\">\n<li>\n<p data-path-to-node=\"12,0,0\"><b>Over standard 600 ml kapasitet:<\/b> Gir mer volum for \u00e5 redusere p\u00e5fyllingsfrekvensen p\u00e5 travle steder.<\/p>\n<\/li>\n<li>\n<p data-path-to-node=\"12,1,0\"><b>Slitesterkt og fleksibelt materiale:<\/b> Laget av gjenbrukbar, BPA-fri PP-plast.<\/p>\n<\/li>\n<li>\n<p data-path-to-node=\"12,2,0\"><b>Halvtransparent finish:<\/b> Gir et rent og moderne lerret for merkevarebyggingen din.<\/p>\n<\/li>\n<li>\n<p data-path-to-node=\"12,3,0\"><b>Stort trykkomr\u00e5de:<\/b> Har et omr\u00e5de p\u00e5 220 x 70 mm for 1-farges silketrykk.<\/p>\n<\/li>\n<li>\n<p data-path-to-node=\"12,4,0\"><b>Milj\u00f8vennlig l\u00f8sning:<\/b> Et gjenbrukbart alternativ til engangsplast, ideelt for storskala distribusjon.<\/p>\n<\/li>\n<\/ul>\n<p data-path-to-node=\"13\">","protected":false},"excerpt":{"rendered":"<ul>\n<li>\n<p data-path-to-node=\"7,0,0\">Har en kapasitet p\u00e5 600 ml over standard for \u00e5 redusere p\u00e5fyllingsfrekvensen.<\/p>\n<\/li>\n<li>\n<p data-path-to-node=\"7,1,0\">Laget av fleksibel, slitesterk og BPA-fri PP-plast.<\/p>\n<\/li>\n<li>\n<p data-path-to-node=\"7,2,0\">Moderne, semi-transparent finish gir et rent utseende.<\/p>\n<\/li>\n<li>\n<p data-path-to-node=\"7,3,0\">Stort trykkomr\u00e5de p\u00e5 220 x 70 mm for 1-farges silketrykk.<\/p>\n<\/li>\n<\/ul>","protected":false},"featured_media":6621,"comment_status":"closed","ping_status":"closed","template":"","meta":[],"product_brand":[],"product_cat":[111],"product_tag":[],"class_list":{"0":"post-4271","1":"product","2":"type-product","3":"status-publish","4":"has-post-thumbnail","6":"product_cat-reusable-event-cups","8":"first","9":"instock","10":"shipping-taxable","11":"purchasable","12":"product-type-simple"},"_links":{"self":[{"href":"https:\/\/displayproducts.eu\/nb\/wp-json\/wp\/v2\/product\/4271","targetHints":{"allow":["GET"]}}],"collection":[{"href":"https:\/\/displayproducts.eu\/nb\/wp-json\/wp\/v2\/product"}],"about":[{"href":"https:\/\/displayproducts.eu\/nb\/wp-json\/wp\/v2\/types\/product"}],"replies":[{"embeddable":true,"href":"https:\/\/displayproducts.eu\/nb\/wp-json\/wp\/v2\/comments?post=4271"}],"wp:featuredmedia":[{"embeddable":true,"href":"https:\/\/displayproducts.eu\/nb\/wp-json\/wp\/v2\/media\/6621"}],"wp:attachment":[{"href":"https:\/\/displayproducts.eu\/nb\/wp-json\/wp\/v2\/media?parent=4271"}],"wp:term":[{"taxonomy":"product_brand","embeddable":true,"href":"https:\/\/displayproducts.eu\/nb\/wp-json\/wp\/v2\/product_brand?post=4271"},{"taxonomy":"product_cat","embeddable":true,"href":"https:\/\/displayproducts.eu\/nb\/wp-json\/wp\/v2\/product_cat?post=4271"},{"taxonomy":"product_tag","embeddable":true,"href":"https:\/\/displayproducts.eu\/nb\/wp-json\/wp\/v2\/product_tag?post=4271"}],"curies":[{"name":"wp","href":"https:\/\/api.w.org\/{rel}","templated":true}]}}