{"id":4265,"date":"2025-06-05T15:20:53","date_gmt":"2025-06-05T12:20:53","guid":{"rendered":"https:\/\/wristbandfactory.eu\/?post_type=product&#038;p=4265"},"modified":"2026-04-01T21:52:04","modified_gmt":"2026-04-01T18:52:04","slug":"colored-reusable-event-cups-500ml","status":"publish","type":"product","link":"https:\/\/displayproducts.eu\/nb\/p\/colored-reusable-event-cups-500ml\/","title":{"rendered":"Fargede gjenbrukbare arrangementsbegre (500 ml)"},"content":{"rendered":"<p data-path-to-node=\"7\">Gj\u00f8r merkevaren din umulig \u00e5 overse p\u00e5 travle festivaler, konferanser og reklamearrangementer med v\u00e5re fargede gjenbrukbare arrangementsbegre. En fargerik kopp gir umiddelbar merkegjenkjenning og fungerer som et uten trykkt og effektivt verkt\u00f8y for driftseffektivitet.<\/p>\n<p data-path-to-node=\"8\">Disse koppene er tilgjengelige i seks i\u00f8ynefallende, semitransparente farger (inkludert r\u00f8d, bl\u00e5 og gr\u00f8nn), og er perfekte for \u00e5 matche merkeidentiteten din eller for praktisk fargekoding p\u00e5 arrangementet ditt. Bruk forskjellige farger for \u00e5 skille mellom tilgangssoner, drikketyper (f.eks. alkoholholdige vs. alkoholfrie), eller for \u00e5 fremheve forskjellige arrangementssponsorer.<\/p>\n<p data-path-to-node=\"9\">Disse 500 ml-koppene er laget av slitesterk, fleksibel og lett PP-plast, og er designet for gjentatt bruk. De er et kostnadseffektivt og b\u00e6rekraftig alternativ til engangsplast. Hver kopp er sertifisert BPA-fri, noe som sikrer sikkerheten for alle deltakerne.<\/p>\n<p data-path-to-node=\"10\">Tilpass koppene dine med et stort, ensfarget silketrykk (170 x 60 mm) for \u00e5 fremheve logoen, kampanjebudskapet eller sponsormerkevaren din. Denne kombinasjonen av sterke farger og spesialtilpasset trykk skaper et minneverdig og synlig reklameprodukt.<\/p>\n<p data-path-to-node=\"11\"><b>Viktige funksjoner:<\/b><\/p>\n<ul data-path-to-node=\"12\">\n<li>\n<p data-path-to-node=\"12,0,0\"><b>Merkevarebygging med h\u00f8y synlighet:<\/b> Tilgjengelig i 6 livlige, halvtransparente farger som matcher merkeidentiteten.<\/p>\n<\/li>\n<li>\n<p data-path-to-node=\"12,1,0\"><b>Holdbar og gjenbrukbar:<\/b> Laget av fleksibel, lett og st\u00f8tsikker PP-plast.<\/p>\n<\/li>\n<li>\n<p data-path-to-node=\"12,2,0\"><b>Helsevennlig materiale:<\/b> 100% BPA-fri og egnet for alle arrangementsdeltakere.<\/p>\n<\/li>\n<li>\n<p data-path-to-node=\"12,3,0\"><b>Praktisk verkt\u00f8y for arrangementer:<\/b> Ideell for fargekodingssoner, sponsorer eller drikketyper.<\/p>\n<\/li>\n<li>\n<p data-path-to-node=\"12,4,0\"><b>Tilpassbar:<\/b> Tilbyr et stort utskriftsomr\u00e5de p\u00e5 170 x 60 mm for 1-farges silketrykk.<\/p>\n<\/li>\n<li>\n<p data-path-to-node=\"12,5,0\"><b>Standard 500 ml kapasitet:<\/b> Perfekt st\u00f8rrelse for \u00f8l, brus og andre drikkevarer til arrangementer.<\/p>\n<\/li>\n<\/ul>","protected":false},"excerpt":{"rendered":"<ul>\n<li>\n<p data-path-to-node=\"6,0,0\">\u00d8k merkevaresynligheten med 6 livlige, halvtransparente fargealternativer.<\/p>\n<\/li>\n<li>\n<p data-path-to-node=\"6,1,0\">Ideell for fargekoding av tilgangssoner, drikketyper eller sponsoromr\u00e5der.<\/p>\n<\/li>\n<li>\n<p data-path-to-node=\"6,2,0\">Slitesterk, fleksibel og gjenbrukbar PP-plast (BPA-fri).<\/p>\n<\/li>\n<li>\n<p data-path-to-node=\"6,3,0\">Kan tilpasses med 1-farges silketrykk (170 x 60 mm omr\u00e5de).<\/p>\n<\/li>\n<\/ul>","protected":false},"featured_media":6445,"comment_status":"closed","ping_status":"closed","template":"","meta":[],"product_brand":[],"product_cat":[111],"product_tag":[],"class_list":{"0":"post-4265","1":"product","2":"type-product","3":"status-publish","4":"has-post-thumbnail","6":"product_cat-reusable-event-cups","8":"first","9":"instock","10":"shipping-taxable","11":"purchasable","12":"product-type-simple"},"_links":{"self":[{"href":"https:\/\/displayproducts.eu\/nb\/wp-json\/wp\/v2\/product\/4265","targetHints":{"allow":["GET"]}}],"collection":[{"href":"https:\/\/displayproducts.eu\/nb\/wp-json\/wp\/v2\/product"}],"about":[{"href":"https:\/\/displayproducts.eu\/nb\/wp-json\/wp\/v2\/types\/product"}],"replies":[{"embeddable":true,"href":"https:\/\/displayproducts.eu\/nb\/wp-json\/wp\/v2\/comments?post=4265"}],"wp:featuredmedia":[{"embeddable":true,"href":"https:\/\/displayproducts.eu\/nb\/wp-json\/wp\/v2\/media\/6445"}],"wp:attachment":[{"href":"https:\/\/displayproducts.eu\/nb\/wp-json\/wp\/v2\/media?parent=4265"}],"wp:term":[{"taxonomy":"product_brand","embeddable":true,"href":"https:\/\/displayproducts.eu\/nb\/wp-json\/wp\/v2\/product_brand?post=4265"},{"taxonomy":"product_cat","embeddable":true,"href":"https:\/\/displayproducts.eu\/nb\/wp-json\/wp\/v2\/product_cat?post=4265"},{"taxonomy":"product_tag","embeddable":true,"href":"https:\/\/displayproducts.eu\/nb\/wp-json\/wp\/v2\/product_tag?post=4265"}],"curies":[{"name":"wp","href":"https:\/\/api.w.org\/{rel}","templated":true}]}}