{"id":4241,"date":"2025-06-05T15:07:14","date_gmt":"2025-06-05T12:07:14","guid":{"rendered":"https:\/\/wristbandfactory.eu\/?post_type=product&#038;p=4241"},"modified":"2026-04-01T21:52:36","modified_gmt":"2026-04-01T18:52:36","slug":"reusable-event-cups-with-lanyard-hook-500ml","status":"publish","type":"product","link":"https:\/\/displayproducts.eu\/nb\/p\/reusable-event-cups-with-lanyard-hook-500ml\/","title":{"rendered":"Gjenbrukbare arrangementsbegre med snorkrok (500 ml)"},"content":{"rendered":"<p data-path-to-node=\"6\">Tilby optimal bekvemmelighet p\u00e5 din neste festival, messe eller utend\u00f8rsarrangement med v\u00e5re gjenbrukbare eventkopper med integrert snorkrok. Denne 500 ml-koppen er den perfekte l\u00f8sningen for deltakerne, og gir h\u00e5ndfri bekvemmelighet n\u00e5r de beveger seg mellom boder, nettverker eller bruker fasiliteter.<\/p>\n<p data-path-to-node=\"7\">Den innovative kroken er kompatibel med standard lanyards, noe som forbedrer hygienen og gjesteopplevelsen betydelig. Det er en praktisk og smart l\u00f8sning for ethvert stort arrangement der deltakerne trenger \u00e5 holde hendene fri.<\/p>\n<p data-path-to-node=\"8\">Disse koppene er produsert i Spania og er laget for gjentatt bruk. De er laget av slitesterk, lett (21 g) og halvtransparent PP-plast som er 100% BPA-fri. Koppene t\u00e5ler mikrob\u00f8lgeovn og oppvaskmaskin, noe som sikrer uten trykk og hygienisk rengj\u00f8ring og en langvarig og b\u00e6rekraftig investering for organisasjonen din. Den totale kapasiteten p\u00e5 500 ml (450 ml brukbart volum) er ideell for servering av vanlige drikker, samtidig som den bidrar til \u00e5 forhindre s\u00f8l.<\/p>\n<p data-path-to-node=\"9\">Vis frem merkevaren eller sponsorene dine med et slagkraftig, heldekkende roterende silketrykk. Det store trykkomr\u00e5det p\u00e5 200 x 65 mm gir utmerket synlighet for logoen eller arrangementsmerkevaren din i \u00e9n farge.<\/p>\n<p data-path-to-node=\"10\"><b>Viktige funksjoner:<\/b><\/p>\n<ul data-path-to-node=\"11\">\n<li>\n<p data-path-to-node=\"11,0,0\"><b>Integrert snorkrok:<\/b> Gir deltakerne h\u00e5ndfri bekvemmelighet; kompatibel med standard halsarmbind.<\/p>\n<\/li>\n<li>\n<p data-path-to-node=\"11,1,0\"><b>Slitesterkt og trygt materiale:<\/b> Laget i Spania av halvgjennomsiktig PP-plast; 100% BPA-fri.<\/p>\n<\/li>\n<li>\n<p data-path-to-node=\"11,2,0\"><b>Hygienisk og gjenbrukbar:<\/b> Fullt oppvaskmaskin- og mikrob\u00f8lgeovnsikker for uten trykk rengj\u00f8ring og langvarig bruk til arrangementer.<\/p>\n<\/li>\n<li>\n<p data-path-to-node=\"11,3,0\"><b>Lett og solid:<\/b> Veier bare 21 gram, noe som gj\u00f8r den ideell for storskala distribusjon.<\/p>\n<\/li>\n<li>\n<p data-path-to-node=\"11,4,0\"><b>Stort trykkomr\u00e5de:<\/b> Tilbyr et heldekkende omr\u00e5de p\u00e5 200 x 65 mm for rotasjonsskjermtrykk i \u00e9n farge.<\/p>\n<\/li>\n<li>\n<p data-path-to-node=\"11,5,0\"><b>Praktisk kapasitet:<\/b> 500 ml totalt volum (450 ml kan brukes) er utformet for \u00e5 forhindre overfylling.<\/p>\n<\/li>\n<\/ul>","protected":false},"excerpt":{"rendered":"<ul>\n<li>\n<p data-path-to-node=\"5,0,0\">Har en integrert krok for halsb\u00e5nd \u2013 ideell for h\u00e5ndfri bruk.<\/p>\n<\/li>\n<li>\n<p data-path-to-node=\"5,1,0\">Slitesterk, lett (21 g) og halvgjennomsiktig PP-plast (BPA-fri).<\/p>\n<\/li>\n<li>\n<p data-path-to-node=\"5,2,0\">Fullstendig oppvaskmaskin- og mikrob\u00f8lgeovnsikker for hygienisk og langvarig gjenbruk.<\/p>\n<\/li>\n<li>\n<p data-path-to-node=\"5,3,0\">Stort trykkomr\u00e5de p\u00e5 200 x 65 mm for rotasjonsskjermtrykk i \u00e9n farge.<\/p>\n<\/li>\n<\/ul>","protected":false},"featured_media":6628,"comment_status":"closed","ping_status":"closed","template":"","meta":[],"product_brand":[],"product_cat":[111],"product_tag":[],"class_list":{"0":"post-4241","1":"product","2":"type-product","3":"status-publish","4":"has-post-thumbnail","6":"product_cat-reusable-event-cups","8":"first","9":"instock","10":"shipping-taxable","11":"purchasable","12":"product-type-simple"},"_links":{"self":[{"href":"https:\/\/displayproducts.eu\/nb\/wp-json\/wp\/v2\/product\/4241","targetHints":{"allow":["GET"]}}],"collection":[{"href":"https:\/\/displayproducts.eu\/nb\/wp-json\/wp\/v2\/product"}],"about":[{"href":"https:\/\/displayproducts.eu\/nb\/wp-json\/wp\/v2\/types\/product"}],"replies":[{"embeddable":true,"href":"https:\/\/displayproducts.eu\/nb\/wp-json\/wp\/v2\/comments?post=4241"}],"wp:featuredmedia":[{"embeddable":true,"href":"https:\/\/displayproducts.eu\/nb\/wp-json\/wp\/v2\/media\/6628"}],"wp:attachment":[{"href":"https:\/\/displayproducts.eu\/nb\/wp-json\/wp\/v2\/media?parent=4241"}],"wp:term":[{"taxonomy":"product_brand","embeddable":true,"href":"https:\/\/displayproducts.eu\/nb\/wp-json\/wp\/v2\/product_brand?post=4241"},{"taxonomy":"product_cat","embeddable":true,"href":"https:\/\/displayproducts.eu\/nb\/wp-json\/wp\/v2\/product_cat?post=4241"},{"taxonomy":"product_tag","embeddable":true,"href":"https:\/\/displayproducts.eu\/nb\/wp-json\/wp\/v2\/product_tag?post=4241"}],"curies":[{"name":"wp","href":"https:\/\/api.w.org\/{rel}","templated":true}]}}