{"id":4229,"date":"2025-06-05T14:14:57","date_gmt":"2025-06-05T11:14:57","guid":{"rendered":"https:\/\/wristbandfactory.eu\/?post_type=product&#038;p=4229"},"modified":"2026-04-01T21:52:36","modified_gmt":"2026-04-01T18:52:36","slug":"digital-printed-reusable-cups-360-wrap","status":"publish","type":"product","link":"https:\/\/displayproducts.eu\/nb\/p\/digital-printed-reusable-cups-360-wrap\/","title":{"rendered":"Digitaltrykte gjenbrukbare kopper (360\u00b0 vikle)"},"content":{"rendered":"<p data-path-to-node=\"11\">Maksimer merkevarens innvirkning med v\u00e5re digitaltrykte gjenbrukbare kopper. Denne 500 ml-koppen er en f\u00f8rsteklasses merkevarel\u00f8sning som tilbyr avansert 360\u00b0 heldekkende digitaltrykk som gir liv til komplekse design i fullfarge og sponsorlogoer.<\/p>\n<p data-path-to-node=\"12\">Laget av slitesterk PP-plast av h\u00f8y kvalitet med en elegant, halvtransparent matt finish, er denne koppen det perfekte valget for eksklusive bedriftsarrangementer, produktlanseringer og festivaler der merkevarepresentasjon er avgj\u00f8rende.<\/p>\n<p data-path-to-node=\"13\">Selv om spesialiteten er digitaltrykk med h\u00f8y effekt, st\u00f8tter denne allsidige koppen et bredt spekter av tilpasningsalternativer for \u00e5 passe ethvert budsjett, inkludert heldekkende silketrykk i \u00e9n farge og presis tampongtrykk p\u00e5 flere steder for mindre logoer.<\/p>\n<p data-path-to-node=\"14\">Som en stabelbar, lett og milj\u00f8bevisst l\u00f8sning produsert i Europa, reduserer den ikke bare plastavfall, men fungerer ogs\u00e5 som en h\u00f8ykvalitets, minneverdig suvenir som representerer merkevaren din p\u00e5 en sterk m\u00e5te.<\/p>\n<p data-path-to-node=\"15\"><b>Viktige funksjoner:<\/b><\/p>\n<ul data-path-to-node=\"16\">\n<li>\n<p data-path-to-node=\"16,0,0\"><b>Premium 360\u00b0 digitaltrykk:<\/b> Tilbyr s\u00f8ml\u00f8s heldekkende utskrift (270 x 116 mm) for kompleks grafikk i fullfarge.<\/p>\n<\/li>\n<li>\n<p data-path-to-node=\"16,1,0\"><b>Allsidige utskriftsalternativer:<\/b> St\u00f8tter ogs\u00e5 1-farges silketrykk og tampongtrykk p\u00e5 flere lokasjoner for enklere merkevarebyggingsbehov.<\/p>\n<\/li>\n<li>\n<p data-path-to-node=\"16,2,0\"><b>Slitesterk 500 ml kopp:<\/b> Laget av h\u00f8ykvalitets gjenbrukbar PP-plast, ideell for servering av drikkevarer.<\/p>\n<\/li>\n<li>\n<p data-path-to-node=\"16,3,0\"><b>Elegant matt finish:<\/b> Har en moderne, semitransparent matt finish som forbedrer merkevarens visuelle fremtoning.<\/p>\n<\/li>\n<li>\n<p data-path-to-node=\"16,4,0\"><b>Europeisk produksjon:<\/b> Garanterer samsvar med h\u00f8ye sikkerhets- og kvalitetsstandarder.<\/p>\n<\/li>\n<\/ul>","protected":false},"excerpt":{"rendered":"<ul data-path-to-node=\"10\">\n<li>\n<p data-path-to-node=\"10,0,0\">Premium 360\u00b0 heldekkende digitaltrykk for fotorealistiske, komplekse design.<\/p>\n<\/li>\n<li>\n<p data-path-to-node=\"10,1,0\">Slitesterk 500 ml gjenbrukbar PP-plast med en moderne, halvtransparent, matt finish.<\/p>\n<\/li>\n<li>\n<p data-path-to-node=\"10,2,0\">Flere trykkteknikker tilgjengelig, fra heldekkende digitaltrykk til 1-farges silketrykk eller tampongtrykk.<\/p>\n<\/li>\n<li>\n<p data-path-to-node=\"10,3,0\">Laget i Europa, noe som sikrer h\u00f8y kvalitet og sikkerhetsstandarder.<\/p>\n<\/li>\n<\/ul>","protected":false},"featured_media":6494,"comment_status":"closed","ping_status":"closed","template":"","meta":[],"product_brand":[],"product_cat":[111],"product_tag":[],"class_list":{"0":"post-4229","1":"product","2":"type-product","3":"status-publish","4":"has-post-thumbnail","6":"product_cat-reusable-event-cups","8":"first","9":"instock","10":"shipping-taxable","11":"purchasable","12":"product-type-simple"},"_links":{"self":[{"href":"https:\/\/displayproducts.eu\/nb\/wp-json\/wp\/v2\/product\/4229","targetHints":{"allow":["GET"]}}],"collection":[{"href":"https:\/\/displayproducts.eu\/nb\/wp-json\/wp\/v2\/product"}],"about":[{"href":"https:\/\/displayproducts.eu\/nb\/wp-json\/wp\/v2\/types\/product"}],"replies":[{"embeddable":true,"href":"https:\/\/displayproducts.eu\/nb\/wp-json\/wp\/v2\/comments?post=4229"}],"wp:featuredmedia":[{"embeddable":true,"href":"https:\/\/displayproducts.eu\/nb\/wp-json\/wp\/v2\/media\/6494"}],"wp:attachment":[{"href":"https:\/\/displayproducts.eu\/nb\/wp-json\/wp\/v2\/media?parent=4229"}],"wp:term":[{"taxonomy":"product_brand","embeddable":true,"href":"https:\/\/displayproducts.eu\/nb\/wp-json\/wp\/v2\/product_brand?post=4229"},{"taxonomy":"product_cat","embeddable":true,"href":"https:\/\/displayproducts.eu\/nb\/wp-json\/wp\/v2\/product_cat?post=4229"},{"taxonomy":"product_tag","embeddable":true,"href":"https:\/\/displayproducts.eu\/nb\/wp-json\/wp\/v2\/product_tag?post=4229"}],"curies":[{"name":"wp","href":"https:\/\/api.w.org\/{rel}","templated":true}]}}