{"id":4202,"date":"2025-06-05T13:39:24","date_gmt":"2025-06-05T10:39:24","guid":{"rendered":"https:\/\/wristbandfactory.eu\/?post_type=product&#038;p=4202"},"modified":"2026-04-01T21:52:04","modified_gmt":"2026-04-01T18:52:04","slug":"standard-reusable-event-cups-500ml","status":"publish","type":"product","link":"https:\/\/displayproducts.eu\/nb\/p\/standard-reusable-event-cups-500ml\/","title":{"rendered":"Standard gjenbrukbare kopper for arrangementer (500 ml)"},"content":{"rendered":"<p data-path-to-node=\"8\">Denne standard gjenbrukbare koppen p\u00e5 500 ml er den ideelle kostnadseffektive l\u00f8sningen for store arrangementer, festivaler og reklamekampanjer. Den er designet for organisasjoner som s\u00f8ker et slitesterkt, b\u00e6rekraftig og sv\u00e6rt merkevarevennlig alternativ til engangsplast uten et komplekst oppsett.<\/p>\n<p data-path-to-node=\"9\">Denne koppen er laget i Europa av solid, uten trykktvegget PP-plast, og er lett, men likevel robust nok til \u00e5 t\u00e5le travle arrangementsmilj\u00f8er. Kapasiteten p\u00e5 500 ml er den perfekte standarden for servering av de fleste drikkevarer. Det minimalistiske designet gir et rent lerret for merkevaren din.<\/p>\n<p data-path-to-node=\"10\">Denne koppen er optimalisert for rimelig og tydelig ensfarget merkevarebygging. Vi tilbyr b\u00e5de tampongtrykk og silketrykk for \u00e5 vise frem logoen eller budskapet ditt p\u00e5 en effektiv m\u00e5te.<\/p>\n<p data-path-to-node=\"11\">Materialet er sertifisert BPA-fritt, noe som sikrer sikkerheten for alle deltakere. Som et gjenbrukbart, europeiskprodusert produkt er det et p\u00e5litelig og milj\u00f8bevisst valg for ethvert arrangement.<\/p>\n<p data-path-to-node=\"12\"><b>Viktige funksjoner:<\/b><\/p>\n<ul data-path-to-node=\"13\">\n<li>\n<p data-path-to-node=\"13,0,0\"><b>Kostnadseffektiv merkevarebygging:<\/b> Optimalisert for rimelig 1-farges tampotrykk eller silketrykk.<\/p>\n<\/li>\n<li>\n<p data-path-to-node=\"13,1,0\"><b>Standard 500 ml kapasitet:<\/b> Den perfekte allsidige st\u00f8rrelsen for festivaler, firmaarrangementer og kampanjer.<\/p>\n<\/li>\n<li>\n<p data-path-to-node=\"13,2,0\"><b>Holdbar og lett:<\/b> Laget av solid, uten trykktvegget PP-plast, ideell for storskala distribusjon.<\/p>\n<\/li>\n<li>\n<p data-path-to-node=\"13,3,0\"><b>Trygt og b\u00e6rekraftig:<\/b> Sertifisert BPA-fri og laget i Europa for h\u00f8ye kvalitetsstandarder.<\/p>\n<\/li>\n<li>\n<p data-path-to-node=\"13,4,0\"><b>Milj\u00f8vennlig l\u00f8sning:<\/b> Et slitesterkt, gjenbrukbart alternativ for \u00e5 redusere engangsplastavfall.<\/p>\n<\/li>\n<\/ul>","protected":false},"excerpt":{"rendered":"<ul>\n<li>\n<p data-path-to-node=\"7,0,0\">Ditt kostnadseffektive valg for bulkbestillinger og store arrangementer.<\/p>\n<\/li>\n<li>\n<p data-path-to-node=\"7,1,0\">Ideell for rimelig 1-farges merkevarebygging (tampon- eller silketrykk).<\/p>\n<\/li>\n<li>\n<p data-path-to-node=\"7,2,0\">Slitesterk, lett, uten trykktvegget PP-plast.<\/p>\n<\/li>\n<li>\n<p data-path-to-node=\"7,3,0\">Laget i Europa og sertifisert BPA-fri.<\/p>\n<\/li>\n<\/ul>","protected":false},"featured_media":6639,"comment_status":"closed","ping_status":"closed","template":"","meta":[],"product_brand":[],"product_cat":[111],"product_tag":[],"class_list":{"0":"post-4202","1":"product","2":"type-product","3":"status-publish","4":"has-post-thumbnail","6":"product_cat-reusable-event-cups","8":"first","9":"instock","10":"shipping-taxable","11":"purchasable","12":"product-type-simple"},"_links":{"self":[{"href":"https:\/\/displayproducts.eu\/nb\/wp-json\/wp\/v2\/product\/4202","targetHints":{"allow":["GET"]}}],"collection":[{"href":"https:\/\/displayproducts.eu\/nb\/wp-json\/wp\/v2\/product"}],"about":[{"href":"https:\/\/displayproducts.eu\/nb\/wp-json\/wp\/v2\/types\/product"}],"replies":[{"embeddable":true,"href":"https:\/\/displayproducts.eu\/nb\/wp-json\/wp\/v2\/comments?post=4202"}],"wp:featuredmedia":[{"embeddable":true,"href":"https:\/\/displayproducts.eu\/nb\/wp-json\/wp\/v2\/media\/6639"}],"wp:attachment":[{"href":"https:\/\/displayproducts.eu\/nb\/wp-json\/wp\/v2\/media?parent=4202"}],"wp:term":[{"taxonomy":"product_brand","embeddable":true,"href":"https:\/\/displayproducts.eu\/nb\/wp-json\/wp\/v2\/product_brand?post=4202"},{"taxonomy":"product_cat","embeddable":true,"href":"https:\/\/displayproducts.eu\/nb\/wp-json\/wp\/v2\/product_cat?post=4202"},{"taxonomy":"product_tag","embeddable":true,"href":"https:\/\/displayproducts.eu\/nb\/wp-json\/wp\/v2\/product_tag?post=4202"}],"curies":[{"name":"wp","href":"https:\/\/api.w.org\/{rel}","templated":true}]}}