{"id":4159,"date":"2025-06-04T23:53:14","date_gmt":"2025-06-04T20:53:14","guid":{"rendered":"https:\/\/wristbandfactory.eu\/?post_type=product&#038;p=4159"},"modified":"2026-04-01T21:52:04","modified_gmt":"2026-04-01T18:52:04","slug":"iml-printed-reusable-event-cups-bpa-free","status":"publish","type":"product","link":"https:\/\/displayproducts.eu\/nb\/p\/iml-printed-reusable-event-cups-bpa-free\/","title":{"rendered":"IML-trykte gjenbrukskopper"},"content":{"rendered":"<p data-path-to-node=\"8\"><span class=\"citation-103 citation-end-103\">L\u00f8ft merkevaren og b\u00e6rekraftsm\u00e5lene dine med v\u00e5re premium gjenbrukbare eventkopper, med HD-trykk i fullfarge og IML-kvalitet. <\/span><span class=\"citation-102 citation-end-102\">Dette er den ultimate l\u00f8sningen for festivaler, stadioner og bedrifter som s\u00f8ker et slagkraftig og milj\u00f8vennlig merkevareverkt\u00f8y. <\/span><span class=\"citation-101 citation-end-101\">Denne teknologien forvandler en uten trykk kopp til en kraftig, fotorealistisk reklamesuvenir som deltakerne vil \u00f8nske \u00e5 beholde. <\/span><\/p>\n<p data-path-to-node=\"9\">Vi spesialiserer oss p\u00e5 to h\u00f8ykvalitets, interne trykketeknologier for \u00e5 matche merkevarens behov:<\/p>\n<ol start=\"1\" data-path-to-node=\"10\">\n<li>\n<p data-path-to-node=\"10,0,1\"><b><span class=\"citation-100\">IML-trykk (In-Mould Labelling):<\/span><\/b><span class=\"citation-100 citation-end-100\"> V\u00e5rt f\u00f8rsteklasses valg, med fantastisk, fotorealistisk grafikk som omslutter hele koppen. <\/span><span class=\"citation-99 citation-end-99\">Denne unike teknologien gir liv til komplekse, fargerike design med eksepsjonelle detaljer. <\/span><span class=\"citation-98 citation-end-98\">Vi tilbyr et valg mellom en stilig matt eller en klassisk transparent finish for \u00e5 skape det perfekte lerretet for merkevaren din. <\/span> (Minimumsbestilling: 1000 enheter)<span class=\"citation-97 citation-end-97\">. <\/span><\/p>\n<\/li>\n<li>\n<p data-path-to-node=\"10,1,1\"><b><span class=\"citation-96\">Rotasjonsskjermtrykk:<\/span><\/b><span class=\"citation-96 citation-end-96\"> En sv\u00e6rt slitesterk og kostnadseffektiv l\u00f8sning som er perfekt for vektorbaserte logoer og enklere design. <\/span> Denne metoden gir et h\u00f8ykvalitets og holdbart trykk p\u00e5 enten gjennomsiktige eller fargede kopper. (Minimumsbestilling: 250 enheter)<span class=\"citation-95 citation-end-95\">. <\/span><\/p>\n<\/li>\n<\/ol>\n<p data-path-to-node=\"11\">Utover merkevarebygging er disse koppene en smart driftsinvestering. <span class=\"citation-94 citation-end-94\">De er produsert i Europa og er sertifisert helsetrygge, 100% BPA-frie, mattrygge og 100% resirkulerbare. <\/span><span class=\"citation-93 citation-end-93\">Mange av v\u00e5re IML-modeller (som Nicknack-serien) har en metrologisk verifisert m\u00e5leskala for n\u00f8yaktig og profesjonell drikkeservering. <\/span><\/p>\n<p data-path-to-node=\"12\"><span class=\"citation-92 citation-end-92\">Den slitesterke PP-plastkonstruksjonen er bygget for \u00e5 vare <\/span> og t\u00e5ler oppvaskmaskin. (For maksimal holdbarhet p\u00e5 IML-design anbefales h\u00e5ndvask.)<span class=\"citation-91 citation-end-91\">. <\/span><span class=\"citation-90 citation-end-90\">De er tilgjengelige i flere st\u00f8rrelser, inkludert 330 ml og 500 ml, og er en praktisk, stabelbar og plassbesparende l\u00f8sning for ethvert sted. <\/span><\/p>\n<p data-path-to-node=\"13\">De er det ideelle b\u00e6rekraftige valget for:<\/p>\n<ul data-path-to-node=\"14\">\n<li>\n<p data-path-to-node=\"14,0,0\"><span class=\"citation-89 citation-end-89\">Festivaler, konserter og klubber <\/span><\/p>\n<\/li>\n<li>\n<p data-path-to-node=\"14,1,0\"><span class=\"citation-88 citation-end-88\">Sportsarenaer og lagarrangementer <\/span><\/p>\n<\/li>\n<li>\n<p data-path-to-node=\"14,2,0\"><span class=\"citation-87 citation-end-87\">Bedriftsarrangementer og messer <\/span><\/p>\n<\/li>\n<li>\n<p data-path-to-node=\"14,3,0\"><span class=\"citation-86 citation-end-86\">Kommunale arrangementer, messer og markeder <\/span><\/p>\n<\/li>\n<\/ul>\n<p data-path-to-node=\"15\">Kontakt oss i dag for \u00e5 diskutere ditt IML- eller silketrykkprosjekt og gi et varig inntrykk med dine spesialtilpassede gjenbrukbare kopper.<\/p>\n<h3 data-path-to-node=\"16\"><b>Viktige funksjoner:<\/b><\/h3>\n<ul data-path-to-node=\"17\">\n<li>\n<p data-path-to-node=\"17,0,1\"><b><span class=\"citation-85\">Premium IML-utskrift:<\/span><\/b><span class=\"citation-85 citation-end-85\"> Gir fotorealistisk, heldekkende merkevarebygging over hele koppens overflate. <\/span><\/p>\n<\/li>\n<li>\n<p data-path-to-node=\"17,1,1\"><b><span class=\"citation-84\">Tilpassede finishalternativer:<\/span><\/b><span class=\"citation-84 citation-end-84\"> Tilgjengelig i b\u00e5de matt og transparent utf\u00f8relse for IML-design. <\/span><\/p>\n<\/li>\n<li>\n<p data-path-to-node=\"17,2,1\"><b><span class=\"citation-83\">Slitesterk silketrykk:<\/span><\/b><span class=\"citation-83 citation-end-83\"> Et h\u00f8ykvalitets og langvarig alternativ for vektorbaserte logoer. <\/span><\/p>\n<\/li>\n<li>\n<p data-path-to-node=\"17,3,1\"><b><span class=\"citation-82\">Sertifisert helsesikker:<\/span><\/b><span class=\"citation-82 citation-end-82\"> Laget av 100% BPA-fri, matsikker og 100% resirkulerbar PP-plast. <\/span><\/p>\n<\/li>\n<li>\n<p data-path-to-node=\"17,4,1\"><b><span class=\"citation-81\">Verifisert m\u00e5leskala:<\/span><\/b><span class=\"citation-81 citation-end-81\"> Mange modeller har en verifisert vekt for n\u00f8yaktig og jevn drikkeservering. <\/span><\/p>\n<\/li>\n<li>\n<p data-path-to-node=\"17,5,1\"><b><span class=\"citation-80\">Flere kapasiteter:<\/span><\/b><span class=\"citation-80 citation-end-80\"> Tilgjengelig i forskjellige st\u00f8rrelser (f.eks. 330 ml, 500 ml) for \u00e5 passe dine behov. <\/span><\/p>\n<\/li>\n<li>\n<p data-path-to-node=\"17,6,1\"><b><span class=\"citation-79\">H\u00f8ykvalitets EU-produksjon:<\/span><\/b><span class=\"citation-79 citation-end-79\"> Produsert i Europa (f.eks. Tsjekkia) i henhold til h\u00f8ye sikkerhets- og kvalitetsstandarder. <\/span><\/p>\n<\/li>\n<\/ul>","protected":false},"excerpt":{"rendered":"<ul>\n<li data-path-to-node=\"7,0,0\"><span class=\"citation-108 citation-end-108\">F\u00f8rsteklasses, fotorealistisk IML-utskrift i fullfarge for maksimal merkevareinnvirkning. <\/span><\/li>\n<li data-path-to-node=\"7,0,0\"><span class=\"citation-107 citation-end-107\">Tilgjengelig i flere st\u00f8rrelser (f.eks. 330 ml, 500 ml) og utf\u00f8relser (matt eller gjennomsiktig). <\/span><\/li>\n<li data-path-to-node=\"7,0,0\"><span class=\"citation-106 citation-end-106\">Sertifisert BPA-fritt, helsesikkert materiale <\/span><span class=\"citation-105 citation-end-105\">; Mange modeller har en verifisert m\u00e5leskala. <\/span><\/li>\n<li data-path-to-node=\"7,0,0\"><span class=\"citation-104 citation-end-104\">Ogs\u00e5 tilgjengelig med slitesterk og kostnadseffektiv rotasjonsskjermtrykk for enklere logoer. <\/span><\/li>\n<li style=\"list-style-type: none;\"><\/li>\n<\/ul>","protected":false},"featured_media":6517,"comment_status":"closed","ping_status":"closed","template":"","meta":[],"product_brand":[],"product_cat":[111],"product_tag":[],"class_list":{"0":"post-4159","1":"product","2":"type-product","3":"status-publish","4":"has-post-thumbnail","6":"product_cat-reusable-event-cups","8":"first","9":"instock","10":"shipping-taxable","11":"purchasable","12":"product-type-simple"},"_links":{"self":[{"href":"https:\/\/displayproducts.eu\/nb\/wp-json\/wp\/v2\/product\/4159","targetHints":{"allow":["GET"]}}],"collection":[{"href":"https:\/\/displayproducts.eu\/nb\/wp-json\/wp\/v2\/product"}],"about":[{"href":"https:\/\/displayproducts.eu\/nb\/wp-json\/wp\/v2\/types\/product"}],"replies":[{"embeddable":true,"href":"https:\/\/displayproducts.eu\/nb\/wp-json\/wp\/v2\/comments?post=4159"}],"wp:featuredmedia":[{"embeddable":true,"href":"https:\/\/displayproducts.eu\/nb\/wp-json\/wp\/v2\/media\/6517"}],"wp:attachment":[{"href":"https:\/\/displayproducts.eu\/nb\/wp-json\/wp\/v2\/media?parent=4159"}],"wp:term":[{"taxonomy":"product_brand","embeddable":true,"href":"https:\/\/displayproducts.eu\/nb\/wp-json\/wp\/v2\/product_brand?post=4159"},{"taxonomy":"product_cat","embeddable":true,"href":"https:\/\/displayproducts.eu\/nb\/wp-json\/wp\/v2\/product_cat?post=4159"},{"taxonomy":"product_tag","embeddable":true,"href":"https:\/\/displayproducts.eu\/nb\/wp-json\/wp\/v2\/product_tag?post=4159"}],"curies":[{"name":"wp","href":"https:\/\/api.w.org\/{rel}","templated":true}]}}