{"id":4098,"date":"2025-05-09T18:19:48","date_gmt":"2025-05-09T15:19:48","guid":{"rendered":"https:\/\/wristbandfactory.eu\/?post_type=product&#038;p=4098"},"modified":"2026-04-01T21:52:04","modified_gmt":"2026-04-01T18:52:04","slug":"pu-leather-wristbands-with-details","status":"publish","type":"product","link":"https:\/\/displayproducts.eu\/nb\/p\/pu-leather-wristbands-with-details\/","title":{"rendered":"PU-l\u00e6rarmb\u00e5nd med detaljer"},"content":{"rendered":"<p class=\"\" data-start=\"132\" data-end=\"394\">Legg til et snev av gnist og eleganse i tilbeh\u00f8rskolleksjonen din med dette stilige armb\u00e5ndet i PU-imitasjonsskinn, med et moderne design og fargerike krystalllignende detaljer. Armb\u00e5ndet er perfekt for b\u00e5de hverdagsbruk og som en premium firmagave.<\/p>\n<p class=\"\" data-start=\"396\" data-end=\"640\">Den justerbare remmen med trykknapp passer til ulike h\u00e5ndleddsst\u00f8rrelser. Armb\u00e5ndet er tilgjengelig i tre elegante toner: gull, svart og s\u00f8lv \u2013 som hver fremhever brukerens stil p\u00e5 sin m\u00e5te og gir et vakkert bakteppe for de glitrende steinene.<\/p>\n<p class=\"\" data-start=\"642\" data-end=\"891\">Dette produktet kan ogs\u00e5 tilpasses \u2013 trykkomr\u00e5det er plassert i n\u00e6rheten av l\u00e5sen, hvor en logo eller melding kan legges til ved hjelp av tampongtrykk i \u00e9n farge, med en trykkst\u00f8rrelse p\u00e5 15 \u00d7 12 mm. Dette gj\u00f8r armb\u00e5ndet ideelt som en reklame- eller kampanjegave.<\/p>\n<p class=\"\" data-start=\"893\" data-end=\"912\"><strong data-start=\"893\" data-end=\"912\">Spesifikasjoner:<\/strong><\/p>\n<ul data-start=\"913\" data-end=\"1238\">\n<li class=\"\" data-start=\"913\" data-end=\"941\">\n<p class=\"\" data-start=\"915\" data-end=\"941\"><strong data-start=\"915\" data-end=\"928\">Materiale:<\/strong> PU-l\u00e6r<\/p>\n<\/li>\n<li class=\"\" data-start=\"942\" data-end=\"995\">\n<p class=\"\" data-start=\"944\" data-end=\"995\"><strong data-start=\"944\" data-end=\"955\">Design:<\/strong> Glitrende detaljer med elegant finish<\/p>\n<\/li>\n<li class=\"\" data-start=\"996\" data-end=\"1038\">\n<p class=\"\" data-start=\"998\" data-end=\"1038\"><strong data-start=\"998\" data-end=\"1016\">Fargealternativer:<\/strong> Gull, svart, s\u00f8lv<\/p>\n<\/li>\n<li class=\"\" data-start=\"1039\" data-end=\"1084\">\n<p class=\"\" data-start=\"1041\" data-end=\"1084\"><strong data-start=\"1041\" data-end=\"1051\">Spenne:<\/strong> Justerbar trykknapplukking<\/p>\n<\/li>\n<li class=\"\" data-start=\"1085\" data-end=\"1118\">\n<p class=\"\" data-start=\"1087\" data-end=\"1118\"><strong data-start=\"1087\" data-end=\"1102\">Dimensjoner:<\/strong> 20,5 \u00d7 2,6 cm<\/p>\n<\/li>\n<li class=\"\" data-start=\"1119\" data-end=\"1138\">\n<p class=\"\" data-start=\"1121\" data-end=\"1138\"><strong data-start=\"1121\" data-end=\"1132\">Vekt:<\/strong> 8 gram<\/p>\n<\/li>\n<li class=\"\" data-start=\"1139\" data-end=\"1181\">\n<p class=\"\" data-start=\"1141\" data-end=\"1181\"><strong data-start=\"1141\" data-end=\"1156\">Utskriftsomr\u00e5de:<\/strong> N\u00e6r l\u00e5s, 15 \u00d7 12 mm<\/p>\n<\/li>\n<li class=\"\" data-start=\"1182\" data-end=\"1238\">\n<p class=\"\" data-start=\"1184\" data-end=\"1238\"><strong data-start=\"1184\" data-end=\"1207\">Trykkteknikk:<\/strong> Tampontrykk (maks. 1 farge)<\/p>\n<\/li>\n<\/ul>","protected":false},"excerpt":{"rendered":"<p class=\"\" data-start=\"80\" data-end=\"438\">Armb\u00e5ndet i PU-imitasjonsskinn har i\u00f8ynefallende krystallformede fargede detaljer. Armb\u00e5ndet har justerbar trykknapplukking og er tilgjengelig i tre stilige toner: gull, svart og s\u00f8lv \u2013 som hver fremhever brukerens personlighet. En logo eller melding kan legges til ved siden av l\u00e5sen med tampongtrykk, noe som gj\u00f8r det til en kul kampanje- eller reklamegave.<\/p>","protected":false},"featured_media":6430,"comment_status":"closed","ping_status":"closed","template":"","meta":[],"product_brand":[],"product_cat":[66,117],"product_tag":[],"class_list":{"0":"post-4098","1":"product","2":"type-product","3":"status-publish","4":"has-post-thumbnail","6":"product_cat-wristbands","7":"product_cat-leather-wristbands","9":"first","10":"instock","11":"shipping-taxable","12":"purchasable","13":"product-type-simple"},"_links":{"self":[{"href":"https:\/\/displayproducts.eu\/nb\/wp-json\/wp\/v2\/product\/4098","targetHints":{"allow":["GET"]}}],"collection":[{"href":"https:\/\/displayproducts.eu\/nb\/wp-json\/wp\/v2\/product"}],"about":[{"href":"https:\/\/displayproducts.eu\/nb\/wp-json\/wp\/v2\/types\/product"}],"replies":[{"embeddable":true,"href":"https:\/\/displayproducts.eu\/nb\/wp-json\/wp\/v2\/comments?post=4098"}],"wp:featuredmedia":[{"embeddable":true,"href":"https:\/\/displayproducts.eu\/nb\/wp-json\/wp\/v2\/media\/6430"}],"wp:attachment":[{"href":"https:\/\/displayproducts.eu\/nb\/wp-json\/wp\/v2\/media?parent=4098"}],"wp:term":[{"taxonomy":"product_brand","embeddable":true,"href":"https:\/\/displayproducts.eu\/nb\/wp-json\/wp\/v2\/product_brand?post=4098"},{"taxonomy":"product_cat","embeddable":true,"href":"https:\/\/displayproducts.eu\/nb\/wp-json\/wp\/v2\/product_cat?post=4098"},{"taxonomy":"product_tag","embeddable":true,"href":"https:\/\/displayproducts.eu\/nb\/wp-json\/wp\/v2\/product_tag?post=4098"}],"curies":[{"name":"wp","href":"https:\/\/api.w.org\/{rel}","templated":true}]}}