{"id":4065,"date":"2025-05-09T17:33:44","date_gmt":"2025-05-09T14:33:44","guid":{"rendered":"https:\/\/wristbandfactory.eu\/?post_type=product&#038;p=4065"},"modified":"2026-04-01T21:52:04","modified_gmt":"2026-04-01T18:52:04","slug":"three-strand-leather-wristband-with-light-green-glass-beads","status":"publish","type":"product","link":"https:\/\/displayproducts.eu\/nb\/p\/three-strand-leather-wristband-with-light-green-glass-beads\/","title":{"rendered":"Tredelt l\u00e6rarmb\u00e5nd med glassperler"},"content":{"rendered":"<p data-path-to-node=\"12\">Leter du etter en firmagave som f\u00f8les mer som et motetilbeh\u00f8r enn et reklameprodukt? <b data-path-to-node=\"12\" data-index-in-node=\"124\">H\u00e5ndlaget tretr\u00e5ds l\u00e6rarmb\u00e5nd<\/b> blander rustikk sjarm med eleganse. I motsetning til vanlige silikon- eller stoffremmer er dette armb\u00e5ndet laget av naturlige materialer, noe som gj\u00f8r det til et utmerket valg for milj\u00f8bevisste merkevarer, boutique-arrangementer og gaver til ansatte.<\/p>\n<h2 data-path-to-node=\"13\">Viktige funksjoner<\/h2>\n<ul data-path-to-node=\"14\">\n<li>\n<p data-path-to-node=\"14,0,0\"><b data-path-to-node=\"14,0,0\" data-index-in-node=\"0\">S\u00e6rpreget trio-design:<\/b> Armb\u00e5ndet kombinerer en glatt lysebrun l\u00e6rstripe, en teksturert flettet m\u00f8rkebrun l\u00e6rsnor og en midttr\u00e5d utsmykket med lysegr\u00f8nne glassperler.<\/p>\n<\/li>\n<li>\n<p data-path-to-node=\"14,1,0\"><b data-path-to-node=\"14,1,0\" data-index-in-node=\"0\">Merkevareemballasje:<\/b> Tilpasning brukes p\u00e5 <b data-path-to-node=\"14,1,0\" data-index-in-node=\"51\">Kraftpapirkort<\/b> holder armb\u00e5ndet. Vi bruker tampongtrykk (opptil 4 farger) for \u00e5 vise logoen eller budskapet ditt rett over armb\u00e5ndet, og skaper en profesjonell presentasjon som er klar for detaljhandel.<\/p>\n<\/li>\n<li>\n<p data-path-to-node=\"14,2,0\"><b data-path-to-node=\"14,2,0\" data-index-in-node=\"0\">Universell komfort:<\/b> Den justerbare voksede bomullslukkingen sikrer en komfortabel passform for ulike h\u00e5ndleddsst\u00f8rrelser, og eliminerer behovet for komplekse st\u00f8rrelsestabeller.<\/p>\n<\/li>\n<li>\n<p data-path-to-node=\"14,3,0\"><b data-path-to-node=\"14,3,0\" data-index-in-node=\"0\">Klar for gave:<\/b> Disse armb\u00e5ndene leveres montert p\u00e5 kortet, og er umiddelbart klare til \u00e5 deles ut p\u00e5 arrangementer eller legges i velkomstposer.<\/p>\n<\/li>\n<\/ul>\n<h2 data-path-to-node=\"15\">Spesifikasjoner<\/h2>\n<ul data-path-to-node=\"16\">\n<li>\n<p data-path-to-node=\"16,0,0\"><b data-path-to-node=\"16,0,0\" data-index-in-node=\"0\">Materialer:<\/b> Ekte l\u00e6r, glassperler, vokset bomull.<\/p>\n<\/li>\n<li>\n<p data-path-to-node=\"16,1,0\"><b data-path-to-node=\"16,1,0\" data-index-in-node=\"0\">Dimensjoner:<\/b> 26 \u00d7 1,2 cm (justerbar lengde).<\/p>\n<\/li>\n<li>\n<p data-path-to-node=\"16,2,0\"><b data-path-to-node=\"16,2,0\" data-index-in-node=\"0\">Vekt:<\/b> 6g.<\/p>\n<\/li>\n<li>\n<p data-path-to-node=\"16,3,0\"><b data-path-to-node=\"16,3,0\" data-index-in-node=\"0\">Merkevareomr\u00e5de:<\/b> 25 \u00d7 15 mm (P\u00e5 kortets topptekst).<\/p>\n<\/li>\n<li>\n<p data-path-to-node=\"16,4,0\"><b data-path-to-node=\"16,4,0\" data-index-in-node=\"0\">Trykkteknikk:<\/b> Tampontrykk (maks 4 farger).<\/p>\n<\/li>\n<li>\n<p data-path-to-node=\"16,5,0\"><b data-path-to-node=\"16,5,0\" data-index-in-node=\"0\">Emballasje:<\/b> Milj\u00f8vennlig kort i kraftpapir.<\/p>\n<\/li>\n<\/ul>\n<h2 data-path-to-node=\"17\">Brukstilfeller<\/h2>\n<ul data-path-to-node=\"18\">\n<li>\n<p data-path-to-node=\"18,0,0\"><b data-path-to-node=\"18,0,0\" data-index-in-node=\"0\">Bedriftsgaver:<\/b> En stilig gave med h\u00f8y opplevd verdi til ansatte eller partnere.<\/p>\n<\/li>\n<li>\n<p data-path-to-node=\"18,1,0\"><b data-path-to-node=\"18,1,0\" data-index-in-node=\"0\">Festival VIP-gave:<\/b> Et boho-chic tilbeh\u00f8r som gjestene vil bruke lenge etter arrangementet.<\/p>\n<\/li>\n<li>\n<p data-path-to-node=\"18,2,0\"><b data-path-to-node=\"18,2,0\" data-index-in-node=\"0\">Veldedighetskampanjer:<\/b> Et diskr\u00e9, naturinspirert armb\u00e5nd for \u00e5 st\u00f8tte milj\u00f8form\u00e5l.<\/p>\n<\/li>\n<li>\n<p data-path-to-node=\"18,3,0\"><b data-path-to-node=\"18,3,0\" data-index-in-node=\"0\">Detaljhandelsvarer:<\/b> Perfekt for museumsbutikker, dyreparker eller naturreservater for salg med tilpasset merkevarebygging.<\/p>\n<\/li>\n<\/ul>\n<p data-path-to-node=\"19\">","protected":false},"excerpt":{"rendered":"<ul>\n<li>\n<p data-path-to-node=\"11,0,0\"><b data-path-to-node=\"11,0,0\" data-index-in-node=\"0\">H\u00e5ndlaget design:<\/b> Har tre forskjellige tr\u00e5der \u2013 glatt l\u00e6r, flettet l\u00e6r og gr\u00f8nne glassperler.<\/p>\n<\/li>\n<li>\n<p data-path-to-node=\"11,1,0\"><b data-path-to-node=\"11,1,0\" data-index-in-node=\"0\">Tilpasset merkevarebygging:<\/b> Logoen din er tampongtrykt p\u00e5 det medf\u00f8lgende kraftpapirkortet.<\/p>\n<\/li>\n<li>\n<p data-path-to-node=\"11,2,0\"><b data-path-to-node=\"11,2,0\" data-index-in-node=\"0\">Justerbar passform:<\/b> Festes med en slitesterk vokset bomullsglideknute som passer de fleste h\u00e5ndleddsst\u00f8rrelser.<\/p>\n<\/li>\n<li>\n<p data-path-to-node=\"11,3,0\"><b data-path-to-node=\"11,3,0\" data-index-in-node=\"0\">Naturmaterialer:<\/b> Laget av ekte l\u00e6r og glass for et f\u00f8rsteklasses utseende i detaljhandelskvalitet.<\/p>\n<\/li>\n<\/ul>","protected":false},"featured_media":6412,"comment_status":"closed","ping_status":"closed","template":"","meta":[],"product_brand":[],"product_cat":[66,117],"product_tag":[],"class_list":{"0":"post-4065","1":"product","2":"type-product","3":"status-publish","4":"has-post-thumbnail","6":"product_cat-wristbands","7":"product_cat-leather-wristbands","9":"first","10":"instock","11":"shipping-taxable","12":"purchasable","13":"product-type-simple"},"_links":{"self":[{"href":"https:\/\/displayproducts.eu\/nb\/wp-json\/wp\/v2\/product\/4065","targetHints":{"allow":["GET"]}}],"collection":[{"href":"https:\/\/displayproducts.eu\/nb\/wp-json\/wp\/v2\/product"}],"about":[{"href":"https:\/\/displayproducts.eu\/nb\/wp-json\/wp\/v2\/types\/product"}],"replies":[{"embeddable":true,"href":"https:\/\/displayproducts.eu\/nb\/wp-json\/wp\/v2\/comments?post=4065"}],"wp:featuredmedia":[{"embeddable":true,"href":"https:\/\/displayproducts.eu\/nb\/wp-json\/wp\/v2\/media\/6412"}],"wp:attachment":[{"href":"https:\/\/displayproducts.eu\/nb\/wp-json\/wp\/v2\/media?parent=4065"}],"wp:term":[{"taxonomy":"product_brand","embeddable":true,"href":"https:\/\/displayproducts.eu\/nb\/wp-json\/wp\/v2\/product_brand?post=4065"},{"taxonomy":"product_cat","embeddable":true,"href":"https:\/\/displayproducts.eu\/nb\/wp-json\/wp\/v2\/product_cat?post=4065"},{"taxonomy":"product_tag","embeddable":true,"href":"https:\/\/displayproducts.eu\/nb\/wp-json\/wp\/v2\/product_tag?post=4065"}],"curies":[{"name":"wp","href":"https:\/\/api.w.org\/{rel}","templated":true}]}}