{"id":4046,"date":"2025-05-09T17:16:59","date_gmt":"2025-05-09T14:16:59","guid":{"rendered":"https:\/\/wristbandfactory.eu\/?post_type=product&#038;p=4046"},"modified":"2026-04-01T21:52:04","modified_gmt":"2026-04-01T18:52:04","slug":"custom-leather-wristbands","status":"publish","type":"product","link":"https:\/\/displayproducts.eu\/nb\/p\/custom-leather-wristbands\/","title":{"rendered":"Tilpassede l\u00e6rarmb\u00e5nd"},"content":{"rendered":"<p>Dette elegante armb\u00e5ndet er laget av brunt skinn av h\u00f8y kvalitet, fremhevet med slitesterke voksede bomullsarmbind og smakfulle s\u00f8lvbelagte perler. En sentral perle med det universelle fredssymbolet gir et meningsfullt preg, som representerer harmoni og partnerskap. Designet er sikret med en polert s\u00f8lvfarget metalllegeringsl\u00e5s, noe som sikrer b\u00e5de holdbarhet og en raffinert finish for hverdagsbruk.<\/p>\n<p>N\u00f8kkelen til verdien som reklameverkt\u00f8y ligger i emballasjen. Hvert armb\u00e5nd er montert p\u00e5 et naturlig kraftpapirkartong, som fungerer som et lerret for merkevaren din. Vi tilbyr presis tampongtrykk av firmalogoen din eller en tilpasset melding i opptil fire farger innenfor et omr\u00e5de p\u00e5 25 \u00d7 15 mm. Denne gjennomtenkte presentasjonen sikrer at merkevaren din er i sentrum, og skaper et varig inntrykk lenge etter at gaven er mottatt.<\/p>\n<p><b>Viktige funksjoner:<\/b><\/p>\n<ul>\n<li><b>Materiale:<\/b> Ekte skinn, vokset bomull og s\u00f8lvbelagt legering<\/li>\n<li><b>Merkevarebygging:<\/b> Spesialtrykt kraftpapirbaksidekort<\/li>\n<li><b>Utskriftsomr\u00e5de:<\/b> 25 \u00d7 15 mm p\u00e5 toppen av kortet<\/li>\n<li><b>Utskriftsmetode:<\/b> H\u00f8ykvalitets tampongtrykk (opptil 4 farger)<\/li>\n<li><b>Symbolikk:<\/b> Har en perle med fredssymbol som et budskap om enhet<\/li>\n<li><b>Spenne:<\/b> Sikker og stilig l\u00e5s i s\u00f8lvfarget metalllegering<\/li>\n<\/ul>\n<p>&nbsp;<\/p>","protected":false},"excerpt":{"rendered":"<article class=\"text-token-text-primary w-full\" dir=\"auto\" data-testid=\"conversation-turn-440\" data-scroll-anchor=\"true\">\n<div class=\"text-base my-auto mx-auto py-5 [--thread-content-margin:--spacing(4)] @[37rem]:[--thread-content-margin:--spacing(6)] @[72rem]:[--thread-content-margin:--spacing(16)] px-(--thread-content-margin)\">\n<div class=\"[--thread-content-max-width:32rem] @[34rem]:[--thread-content-max-width:40rem] @[64rem]:[--thread-content-max-width:48rem] mx-auto flex max-w-(--thread-content-max-width) flex-1 text-base gap-4 md:gap-5 lg:gap-6 group\/turn-messages focus-visible:outline-hidden\" tabindex=\"-1\">\n<div class=\"group\/conversation-turn relative flex w-full min-w-0 flex-col agent-turn\">\n<div class=\"relative flex-col gap-1 md:gap-3\">\n<div class=\"flex max-w-full flex-col grow\">\n<div class=\"min-h-8 text-message relative flex w-full flex-col items-end gap-2 text-start break-words whitespace-normal [.text-message+&amp;]:mt-5\" dir=\"auto\" data-message-author-role=\"assistant\" data-message-id=\"90623f22-b929-41cf-a2ca-210f95d4ea1a\" data-message-model-slug=\"gpt-4o\">\n<div class=\"flex w-full flex-col gap-1 empty:hidden first:pt-[3px]\">\n<div class=\"markdown prose dark:prose-invert w-full break-words light\">\n<p>Oppdag den perfekte firmagaven som kombinerer tidl\u00f8s stil med sterk merkevarebygging. V\u00e5re premium l\u00e6rarmb\u00e5nd tilbyr en sofistikert m\u00e5te \u00e5 vise takknemlighet til kunder, bel\u00f8nne ansatte eller lage unike varer. Presentert p\u00e5 et fullt tilpassbart bakkort, forvandler dette produktet en uten trykk gest til en minneverdig merkeopplevelse.<\/p>\n<\/div>\n<\/div>\n<\/div>\n<\/div>\n<\/div>\n<\/div>\n<\/div>\n<\/div>\n<\/article>\n<div class=\"pointer-events-none h-px w-px\" aria-hidden=\"true\" data-edge=\"true\"><\/div>","protected":false},"featured_media":6404,"comment_status":"closed","ping_status":"closed","template":"","meta":[],"product_brand":[],"product_cat":[66,117],"product_tag":[],"class_list":{"0":"post-4046","1":"product","2":"type-product","3":"status-publish","4":"has-post-thumbnail","6":"product_cat-wristbands","7":"product_cat-leather-wristbands","9":"first","10":"instock","11":"shipping-taxable","12":"purchasable","13":"product-type-simple"},"_links":{"self":[{"href":"https:\/\/displayproducts.eu\/nb\/wp-json\/wp\/v2\/product\/4046","targetHints":{"allow":["GET"]}}],"collection":[{"href":"https:\/\/displayproducts.eu\/nb\/wp-json\/wp\/v2\/product"}],"about":[{"href":"https:\/\/displayproducts.eu\/nb\/wp-json\/wp\/v2\/types\/product"}],"replies":[{"embeddable":true,"href":"https:\/\/displayproducts.eu\/nb\/wp-json\/wp\/v2\/comments?post=4046"}],"wp:featuredmedia":[{"embeddable":true,"href":"https:\/\/displayproducts.eu\/nb\/wp-json\/wp\/v2\/media\/6404"}],"wp:attachment":[{"href":"https:\/\/displayproducts.eu\/nb\/wp-json\/wp\/v2\/media?parent=4046"}],"wp:term":[{"taxonomy":"product_brand","embeddable":true,"href":"https:\/\/displayproducts.eu\/nb\/wp-json\/wp\/v2\/product_brand?post=4046"},{"taxonomy":"product_cat","embeddable":true,"href":"https:\/\/displayproducts.eu\/nb\/wp-json\/wp\/v2\/product_cat?post=4046"},{"taxonomy":"product_tag","embeddable":true,"href":"https:\/\/displayproducts.eu\/nb\/wp-json\/wp\/v2\/product_tag?post=4046"}],"curies":[{"name":"wp","href":"https:\/\/api.w.org\/{rel}","templated":true}]}}