{"id":4024,"date":"2025-05-09T16:57:10","date_gmt":"2025-05-09T13:57:10","guid":{"rendered":"https:\/\/wristbandfactory.eu\/?post_type=product&#038;p=4024"},"modified":"2026-04-01T21:52:36","modified_gmt":"2026-04-01T18:52:36","slug":"custom-engraved-multifunctional-paracord-survival-wristbands","status":"publish","type":"product","link":"https:\/\/displayproducts.eu\/nb\/p\/custom-engraved-multifunctional-paracord-survival-wristbands\/","title":{"rendered":"Paracord-b\u00e5nd med gravering"},"content":{"rendered":"<p data-path-to-node=\"8\">L\u00f8ft firmagavene dine opp med et verkt\u00f8y som kombinerer nytteverdi med robust stil. V\u00e5rt multifunksjonelle paracord-overlevelsesarmb\u00e5nd er mer enn bare et tilbeh\u00f8r; det er et kompakt n\u00f8dsett designet for aktive individer og eventyrlystne. Enten det brukes til fotturer, camping eller taktisk trening, gir dette armb\u00e5ndet viktige verkt\u00f8y rett p\u00e5 h\u00e5ndleddet.<\/p>\n<p data-path-to-node=\"9\">Kjernen i armb\u00e5ndet er laget av h\u00f8yfast nylon paracord som kan vikles ut i n\u00f8dsituasjoner. Den integrerte, sikre spennel\u00e5sen inneholder en h\u00f8ylytt n\u00f8dfl\u00f8yte og en tennskrape, mens toppen har et p\u00e5litelig kompass og en solid flaske\u00e5pner.<\/p>\n<h2 data-path-to-node=\"10\">Viktige funksjoner<\/h2>\n<ul data-path-to-node=\"11\">\n<li>\n<p data-path-to-node=\"11,0,0\"><b data-path-to-node=\"11,0,0\" data-index-in-node=\"0\">Alt-i-ett-verkt\u00f8y:<\/b> Fem viktige overlevelsesverkt\u00f8y integrert i ett uten trykkt b\u00e6rbart design.<\/p>\n<\/li>\n<li>\n<p data-path-to-node=\"11,1,0\"><b data-path-to-node=\"11,1,0\" data-index-in-node=\"0\">Tilpasset lasergravering:<\/b> Firmalogoen din er presisjonsgravert p\u00e5 metallplaten, noe som sikrer at merkevaren aldri falmer eller flasser av.<\/p>\n<\/li>\n<li>\n<p data-path-to-node=\"11,2,0\"><b data-path-to-node=\"11,2,0\" data-index-in-node=\"0\">Robust konstruksjon:<\/b> Bygget for \u00e5 t\u00e5le t\u00f8ffe milj\u00f8forhold, noe som gj\u00f8r den til en favoritt for friluftsentusiaster.<\/p>\n<\/li>\n<li>\n<p data-path-to-node=\"11,3,0\"><b data-path-to-node=\"11,3,0\" data-index-in-node=\"0\">Ergonomisk passform:<\/b> Designet for komfort under langvarig bruk, med et sikkert spennesystem.<\/p>\n<\/li>\n<\/ul>\n<h2 data-path-to-node=\"12\">Spesifikasjoner<\/h2>\n<ul data-path-to-node=\"13\">\n<li>\n<p data-path-to-node=\"13,0,0\"><b data-path-to-node=\"13,0,0\" data-index-in-node=\"0\">Materiale:<\/b> H\u00f8yfast nylon paracord og metallkomponenter<\/p>\n<\/li>\n<li>\n<p data-path-to-node=\"13,1,0\"><b data-path-to-node=\"13,1,0\" data-index-in-node=\"0\">Dimensjoner:<\/b> 25,5 \u00d7 3,4 \u00d7 1,1 cm<\/p>\n<\/li>\n<li>\n<p data-path-to-node=\"13,2,0\"><b data-path-to-node=\"13,2,0\" data-index-in-node=\"0\">Vekt:<\/b> 36 g<\/p>\n<\/li>\n<li>\n<p data-path-to-node=\"13,3,0\"><b data-path-to-node=\"13,3,0\" data-index-in-node=\"0\">Integrerte funksjoner:<\/b> Armb\u00e5nd, kompass, fl\u00f8yte, tennskrape, flaske\u00e5pner<\/p>\n<\/li>\n<li>\n<p data-path-to-node=\"13,4,0\"><b data-path-to-node=\"13,4,0\" data-index-in-node=\"0\">Tilpasningsomr\u00e5de:<\/b> 20 \u00d7 10 mm p\u00e5 metallplaten<\/p>\n<\/li>\n<li>\n<p data-path-to-node=\"13,5,0\"><b data-path-to-node=\"13,5,0\" data-index-in-node=\"0\">Teknikk:<\/b> Ensfarget lasergravering<\/p>\n<\/li>\n<\/ul>\n<h2 data-path-to-node=\"14\">Brukstilfeller<\/h2>\n<ul data-path-to-node=\"15\">\n<li>\n<p data-path-to-node=\"15,0,0\"><b data-path-to-node=\"15,0,0\" data-index-in-node=\"0\">Teambuilding i bedriften:<\/b> En perfekt gave til villmarksferier og utend\u00f8rs overlevelsesutfordringer.<\/p>\n<\/li>\n<li>\n<p data-path-to-node=\"15,1,0\"><b data-path-to-node=\"15,1,0\" data-index-in-node=\"0\">Eventyrturisme:<\/b> Reisebyr\u00e5er og turoperat\u00f8rer kan tilby merkevareutstyr til kundene sine.<\/p>\n<\/li>\n<li>\n<p data-path-to-node=\"15,2,0\"><b data-path-to-node=\"15,2,0\" data-index-in-node=\"0\">Detaljhandel og varehandel:<\/b> Utmerket vare med h\u00f8y oppfattet verdi for frilufts- og sportsbutikker.<\/p>\n<\/li>\n<li>\n<p data-path-to-node=\"15,3,0\"><b data-path-to-node=\"15,3,0\" data-index-in-node=\"0\">Sikkerhetsbevissthetskampanjer:<\/b> Ideelt for organisasjoner med fokus p\u00e5 beredskap og n\u00f8dtjenester.<\/p>\n<\/li>\n<\/ul>","protected":false},"excerpt":{"rendered":"<article class=\"text-token-text-primary w-full\" dir=\"auto\" data-testid=\"conversation-turn-434\" data-scroll-anchor=\"true\">\n<div class=\"text-base my-auto mx-auto py-5 [--thread-content-margin:--spacing(4)] @[37rem]:[--thread-content-margin:--spacing(6)] @[72rem]:[--thread-content-margin:--spacing(16)] px-(--thread-content-margin)\">\n<div class=\"[--thread-content-max-width:32rem] @[34rem]:[--thread-content-max-width:40rem] @[64rem]:[--thread-content-max-width:48rem] mx-auto flex max-w-(--thread-content-max-width) flex-1 text-base gap-4 md:gap-5 lg:gap-6 group\/turn-messages focus-visible:outline-hidden\" tabindex=\"-1\">\n<div class=\"group\/conversation-turn relative flex w-full min-w-0 flex-col agent-turn\">\n<div class=\"relative flex-col gap-1 md:gap-3\">\n<div class=\"flex max-w-full flex-col grow\">\n<div class=\"min-h-8 text-message relative flex w-full flex-col items-end gap-2 text-start break-words whitespace-normal [.text-message+&amp;]:mt-5\" dir=\"auto\" data-message-author-role=\"assistant\" data-message-id=\"209e0cfa-4190-4646-a2b0-a9a360850576\" data-message-model-slug=\"gpt-4o\">\n<div class=\"flex w-full flex-col gap-1 empty:hidden first:pt-[3px]\">\n<div class=\"markdown prose dark:prose-invert w-full break-words light\">\n<ul>\n<li>\n<p data-path-to-node=\"7,0,0\"><b data-path-to-node=\"7,0,0\" data-index-in-node=\"0\">Multifunksjonelt 5-i-1-verkt\u00f8y:<\/b> Inkluderer kompass, fl\u00f8yte, opptenningsmiddel, flaske\u00e5pner og slitesterkt fallskjermline.<\/p>\n<\/li>\n<li>\n<p data-path-to-node=\"7,1,0\"><b data-path-to-node=\"7,1,0\" data-index-in-node=\"0\">Premium merkevarebygging:<\/b> Profesjonell lasergravering p\u00e5 en 20 \u00d7 10 mm metallplate for permanent logosynlighet.<\/p>\n<\/li>\n<li>\n<p data-path-to-node=\"7,2,0\"><b data-path-to-node=\"7,2,0\" data-index-in-node=\"0\">Ekstrem holdbarhet:<\/b> Laget av kraftig nylon, designet for utend\u00f8rseventyr og beredskap.<\/p>\n<\/li>\n<li>\n<p data-path-to-node=\"7,3,0\"><b data-path-to-node=\"7,3,0\" data-index-in-node=\"0\">B2B-allsidighet:<\/b> Ideelt for reisebyr\u00e5er, teambuilding-arrangementer og forhandlere av friluftsutstyr.<\/p>\n<\/li>\n<\/ul>\n<\/div>\n<\/div>\n<\/div>\n<\/div>\n<\/div>\n<\/div>\n<\/div>\n<\/div>\n<\/article>","protected":false},"featured_media":6416,"comment_status":"closed","ping_status":"closed","template":"","meta":[],"product_brand":[],"product_cat":[66,112,45],"product_tag":[],"class_list":{"0":"post-4024","1":"product","2":"type-product","3":"status-publish","4":"has-post-thumbnail","6":"product_cat-wristbands","7":"product_cat-paracord-wristbands","8":"product_cat-other","10":"first","11":"instock","12":"shipping-taxable","13":"purchasable","14":"product-type-simple"},"_links":{"self":[{"href":"https:\/\/displayproducts.eu\/nb\/wp-json\/wp\/v2\/product\/4024","targetHints":{"allow":["GET"]}}],"collection":[{"href":"https:\/\/displayproducts.eu\/nb\/wp-json\/wp\/v2\/product"}],"about":[{"href":"https:\/\/displayproducts.eu\/nb\/wp-json\/wp\/v2\/types\/product"}],"replies":[{"embeddable":true,"href":"https:\/\/displayproducts.eu\/nb\/wp-json\/wp\/v2\/comments?post=4024"}],"wp:featuredmedia":[{"embeddable":true,"href":"https:\/\/displayproducts.eu\/nb\/wp-json\/wp\/v2\/media\/6416"}],"wp:attachment":[{"href":"https:\/\/displayproducts.eu\/nb\/wp-json\/wp\/v2\/media?parent=4024"}],"wp:term":[{"taxonomy":"product_brand","embeddable":true,"href":"https:\/\/displayproducts.eu\/nb\/wp-json\/wp\/v2\/product_brand?post=4024"},{"taxonomy":"product_cat","embeddable":true,"href":"https:\/\/displayproducts.eu\/nb\/wp-json\/wp\/v2\/product_cat?post=4024"},{"taxonomy":"product_tag","embeddable":true,"href":"https:\/\/displayproducts.eu\/nb\/wp-json\/wp\/v2\/product_tag?post=4024"}],"curies":[{"name":"wp","href":"https:\/\/api.w.org\/{rel}","templated":true}]}}