{"id":3908,"date":"2025-05-08T15:38:19","date_gmt":"2025-05-08T12:38:19","guid":{"rendered":"https:\/\/wristbandfactory.eu\/?post_type=product&#038;p=3908"},"modified":"2026-04-01T21:52:36","modified_gmt":"2026-04-01T18:52:36","slug":"phone-wrist-straps-with-bamboo-holder","status":"publish","type":"product","link":"https:\/\/displayproducts.eu\/nb\/p\/phone-wrist-straps-with-bamboo-holder\/","title":{"rendered":"Telefonh\u00e5ndleddsstropper med bambusholder"},"content":{"rendered":"<p>Gi en funksjonell og milj\u00f8vennlig firmagave med v\u00e5r h\u00e5ndleddsstropp i bomull til telefonen. Denne praktiske gjenstanden er ideell for \u00e5 holde smarttelefoner trygge og tilgjengelige under travle konferanser, messer eller bedriftsarrangementer, slik at du kan bevege deg h\u00e5ndfritt.<\/p>\n<p>Remmen er laget av myk og slitesterk bomull, mens telefonholderelementet er laget av b\u00e6rekraftig bambus. Denne bambusdelen gir en elegant og fremtredende overflate for merkevarebygging, perfekt egnet for presis lasergravering av firmalogoen din.<\/p>\n<p>Settet inkluderer et monteringsverkt\u00f8y som diskr\u00e9 passer mellom telefonen og dekselet for sikker festing. Hver stropp er individuelt pakket i en pose av resirkulert papir, noe som gj\u00f8r den til et ideelt utdelingsverkt\u00f8y for milj\u00f8bevisste merkevarer, og understreker organisasjonens forpliktelse til b\u00e6rekraft.<\/p>\n<p><b>Viktige funksjoner:<\/b><\/p>\n<ul>\n<li><b>Praktisk h\u00e5ndfri l\u00f8sning:<\/b> Holder smarttelefoner sikre og tilgjengelige p\u00e5 bedriftsarrangementer.<\/li>\n<li><b>Milj\u00f8vennlige materialer:<\/b> Laget av myk bomull og en b\u00e6rekraftig bambusholder.<\/li>\n<li><b>Premium merkevareoverflate:<\/b> Bambusholderen er ideell for tilpasset lasergravering eller tampongtrykk.<\/li>\n<li><b>Justerbar design:<\/b> Passer komfortabelt p\u00e5 alle h\u00e5ndleddsst\u00f8rrelser for universell bruk.<\/li>\n<li><b>B\u00e6rekraftig emballasje:<\/b> Individuelt pakket i en pose av resirkulert papir, som forsterker ditt milj\u00f8vennlige budskap.<\/li>\n<li><b>Allsidig utskrift:<\/b> Tilpass med lasergravering, tampongtrykk eller transfertrykk.<\/li>\n<\/ul>","protected":false},"excerpt":{"rendered":"<ul>\n<li>Milj\u00f8vennlig firmagave laget av myk bomull og b\u00e6rekraftig bambus.<\/li>\n<li>Gir h\u00e5ndfri telefontilgang, ideelt for konferanser og aktive arrangementer.<\/li>\n<li>Bambusholderen er perfekt for tilpasset lasergravering av logoen din.<\/li>\n<li>Individuelt pakket i en pose av resirkulert papir for uten trykk distribusjon.<\/li>\n<\/ul>","protected":false},"featured_media":6657,"comment_status":"closed","ping_status":"closed","template":"","meta":[],"product_brand":[],"product_cat":[128],"product_tag":[],"class_list":{"0":"post-3908","1":"product","2":"type-product","3":"status-publish","4":"has-post-thumbnail","6":"product_cat-mobile-tech-accessories","8":"first","9":"instock","10":"shipping-taxable","11":"purchasable","12":"product-type-simple"},"_links":{"self":[{"href":"https:\/\/displayproducts.eu\/nb\/wp-json\/wp\/v2\/product\/3908","targetHints":{"allow":["GET"]}}],"collection":[{"href":"https:\/\/displayproducts.eu\/nb\/wp-json\/wp\/v2\/product"}],"about":[{"href":"https:\/\/displayproducts.eu\/nb\/wp-json\/wp\/v2\/types\/product"}],"replies":[{"embeddable":true,"href":"https:\/\/displayproducts.eu\/nb\/wp-json\/wp\/v2\/comments?post=3908"}],"wp:featuredmedia":[{"embeddable":true,"href":"https:\/\/displayproducts.eu\/nb\/wp-json\/wp\/v2\/media\/6657"}],"wp:attachment":[{"href":"https:\/\/displayproducts.eu\/nb\/wp-json\/wp\/v2\/media?parent=3908"}],"wp:term":[{"taxonomy":"product_brand","embeddable":true,"href":"https:\/\/displayproducts.eu\/nb\/wp-json\/wp\/v2\/product_brand?post=3908"},{"taxonomy":"product_cat","embeddable":true,"href":"https:\/\/displayproducts.eu\/nb\/wp-json\/wp\/v2\/product_cat?post=3908"},{"taxonomy":"product_tag","embeddable":true,"href":"https:\/\/displayproducts.eu\/nb\/wp-json\/wp\/v2\/product_tag?post=3908"}],"curies":[{"name":"wp","href":"https:\/\/api.w.org\/{rel}","templated":true}]}}