{"id":3867,"date":"2025-05-07T17:40:16","date_gmt":"2025-05-07T14:40:16","guid":{"rendered":"https:\/\/wristbandfactory.eu\/?post_type=product&#038;p=3867"},"modified":"2026-04-01T21:52:04","modified_gmt":"2026-04-01T18:52:04","slug":"tie-on-ribbon-wristbands","status":"publish","type":"product","link":"https:\/\/displayproducts.eu\/nb\/p\/tie-on-ribbon-wristbands\/","title":{"rendered":"Knyteb\u00e5ndsarmb\u00e5nd"},"content":{"rendered":"<p>St\u00f8tt saken din eller \u00f8k markedsf\u00f8ringen din med v\u00e5re enkle og effektive b\u00e5ndarmb\u00e5nd med knyteb\u00e5nd. Disse armb\u00e5ndene er et klassisk valg for bevissthetskampanjer, innsamlingsaksjoner for veldedighet og arrangementer for samfunnsansvar, og tilbyr et sv\u00e6rt synlig merkevareverkt\u00f8y til en kostnadseffektiv pris.<\/p>\n<p>Disse armb\u00e5ndene er laget av et mykt polyesterb\u00e5nd med en glatt satengfinish, og er designet for \u00e5 knytes p\u00e5 av brukeren, noe som gir en komfortabel l\u00f8sning som passer alle. Den enkle knytelukkingen gj\u00f8r dem perfekte for massedistribusjon p\u00e5 messer, konferanser eller bevisstgj\u00f8ringskampanjer.<\/p>\n<p>Den glatte overflaten er ideell for spesialtilpasset trykking, slik at logoen, kampanjeslagordet eller budskapet ditt vises tydelig. De fungerer som et kraftig og synlig symbol p\u00e5 st\u00f8tte til bedriftsinitiativer eller ideelle organisasjoner.<\/p>\n<p><b>Viktige funksjoner:<\/b><\/p>\n<ul>\n<li><b>Selvknyttende lukking:<\/b> Uten trykk, justerbar knytedesign for uten trykk distribusjon og universell passform.<\/li>\n<li><b>Mykt b\u00e5ndmateriale:<\/b> Komfortabelt polyesterb\u00e5nd med satengfinish, egnet for kortvarig bruk.<\/li>\n<li><b>Ideelt for bevisstgj\u00f8ring:<\/b> Det klassiske valget for veldedighets-, ideelle organisasjoner og bedriftsbevissthetskampanjer.<\/li>\n<li><b>Tilpassbar overflate:<\/b> Perfekt for \u00e5 legge til en silketrykket logo eller et reklamebudskap.<\/li>\n<li><b>Kostnadseffektiv merkevarebygging:<\/b> En utmerket l\u00f8sning for bulkbestillinger og storstilt distribusjon av reklame.<\/li>\n<\/ul>","protected":false},"excerpt":{"rendered":"<article class=\"text-token-text-primary w-full\" dir=\"auto\" data-testid=\"conversation-turn-2\" data-scroll-anchor=\"true\">\n<div class=\"text-base my-auto mx-auto py-5 [--thread-content-margin:--spacing(4)] @[37rem]:[--thread-content-margin:--spacing(6)] @[72rem]:[--thread-content-margin:--spacing(16)] px-(--thread-content-margin)\">\n<div class=\"[--thread-content-max-width:32rem] @[34rem]:[--thread-content-max-width:40rem] @[64rem]:[--thread-content-max-width:48rem] mx-auto flex max-w-(--thread-content-max-width) flex-1 text-base gap-4 md:gap-5 lg:gap-6 group\/turn-messages focus-visible:outline-hidden\" tabindex=\"-1\">\n<div class=\"group\/conversation-turn relative flex w-full min-w-0 flex-col agent-turn\">\n<div class=\"relative flex-col gap-1 md:gap-3\">\n<div class=\"flex max-w-full flex-col grow\">\n<div class=\"min-h-8 text-message relative flex w-full flex-col items-end gap-2 text-start break-words whitespace-normal [.text-message+&amp;]:mt-5\" dir=\"auto\" data-message-author-role=\"assistant\" data-message-id=\"d5fd0877-4229-4aba-9632-b344fd91f147\" data-message-model-slug=\"gpt-4o\">\n<div class=\"flex w-full flex-col gap-1 empty:hidden first:pt-[3px]\">\n<div class=\"markdown prose dark:prose-invert w-full break-words light\">\n<ul>\n<li>Uten trykk, selvknyttende lukking for uten trykk massefordeling.<\/li>\n<li>Mykt polyesterb\u00e5ndmateriale med satengfinish.<\/li>\n<li>Utmerket for bevissthetskampanjer, ideelle organisasjoner og giveaways ved arrangementer.<\/li>\n<li>Tilpass med organisasjonens logo eller budskap.<\/li>\n<\/ul>\n<\/div>\n<\/div>\n<\/div>\n<\/div>\n<\/div>\n<\/div>\n<\/div>\n<\/div>\n<\/article>","protected":false},"featured_media":6255,"comment_status":"closed","ping_status":"closed","template":"","meta":[],"product_brand":[],"product_cat":[66,96],"product_tag":[],"class_list":{"0":"post-3867","1":"product","2":"type-product","3":"status-publish","4":"has-post-thumbnail","6":"product_cat-wristbands","7":"product_cat-ribbons","9":"first","10":"instock","11":"shipping-taxable","12":"purchasable","13":"product-type-simple"},"_links":{"self":[{"href":"https:\/\/displayproducts.eu\/nb\/wp-json\/wp\/v2\/product\/3867","targetHints":{"allow":["GET"]}}],"collection":[{"href":"https:\/\/displayproducts.eu\/nb\/wp-json\/wp\/v2\/product"}],"about":[{"href":"https:\/\/displayproducts.eu\/nb\/wp-json\/wp\/v2\/types\/product"}],"replies":[{"embeddable":true,"href":"https:\/\/displayproducts.eu\/nb\/wp-json\/wp\/v2\/comments?post=3867"}],"wp:featuredmedia":[{"embeddable":true,"href":"https:\/\/displayproducts.eu\/nb\/wp-json\/wp\/v2\/media\/6255"}],"wp:attachment":[{"href":"https:\/\/displayproducts.eu\/nb\/wp-json\/wp\/v2\/media?parent=3867"}],"wp:term":[{"taxonomy":"product_brand","embeddable":true,"href":"https:\/\/displayproducts.eu\/nb\/wp-json\/wp\/v2\/product_brand?post=3867"},{"taxonomy":"product_cat","embeddable":true,"href":"https:\/\/displayproducts.eu\/nb\/wp-json\/wp\/v2\/product_cat?post=3867"},{"taxonomy":"product_tag","embeddable":true,"href":"https:\/\/displayproducts.eu\/nb\/wp-json\/wp\/v2\/product_tag?post=3867"}],"curies":[{"name":"wp","href":"https:\/\/api.w.org\/{rel}","templated":true}]}}