{"id":3823,"date":"2025-05-06T18:09:47","date_gmt":"2025-05-06T15:09:47","guid":{"rendered":"https:\/\/wristbandfactory.eu\/?post_type=product&#038;p=3823"},"modified":"2026-04-01T21:52:36","modified_gmt":"2026-04-01T18:52:36","slug":"tyvek-safety-wristbands-for-children","status":"publish","type":"product","link":"https:\/\/displayproducts.eu\/nb\/p\/tyvek-safety-wristbands-for-children\/","title":{"rendered":"Tyvek sikkerhetsarmb\u00e5nd for barn"},"content":{"rendered":"<p>\u00c5 organisere arrangementer som involverer barn krever et ekstra lag med sikkerhet. V\u00e5re Tyvek-sikkerhetsarmb\u00e5nd for barn gir en uten trykk, effektiv og godt synlig l\u00f8sning for \u00e5 holde unge deltakere trygge, tydelig anerkjente og lett identifiserbare, noe som gir ansatte og foreldre verdifull trygghet.<\/p>\n<p>Disse armb\u00e5ndene er spesielt utviklet for \u00e5 passe komfortabelt og sikkert p\u00e5 mindre h\u00e5ndledd. Laget av ekte DuPont\u2122 Tyvek\u00ae, er de utrolig lette, men likevel sterke nok til \u00e5 h\u00e5ndtere energiske aktiviteter uten \u00e5 rive. Det vanntette materialet gj\u00f8r dem perfekte for ethvert arrangement, fra skoleturer til sommerleirer og badeland.<\/p>\n<p>Hvert armb\u00e5nd har en sikker engangslukking med selvklebende lim som hindrer at det overf\u00f8res, noe som er viktig for \u00e5 opprettholde n\u00f8yaktige antall ansatte og p\u00e5litelig tilgangskontroll. Det dedikerte utskriftsomr\u00e5det p\u00e5 60 x 20 mm lar deg legge til viktig informasjon, for eksempel et gruppenavn, et n\u00f8dnummer eller allergiadvarsler, og dermed gj\u00f8re et uten trykkt identifikasjonsverkt\u00f8y om til en viktig sikkerhetsenhet.<\/p>\n<p><b>Viktige funksjoner:<\/b><\/p>\n<ul>\n<li><b>Ekte Tyvek\u00ae-materiale:<\/b> Slitesterk, lett, vanntett og rivebestandig for \u00e5 t\u00e5le aktiv bruk hele dagen.<\/li>\n<li><b>Barnespesifikk st\u00f8rrelse:<\/b> Konstruert for en sikker og komfortabel passform p\u00e5 mindre h\u00e5ndledd.<\/li>\n<li><b>Sikker lukking:<\/b> Sikkerhetsl\u00e5s med klebemekanisme forhindrer overf\u00f8ring mellom barn.<\/li>\n<li><b>Tilpasset sikkerhetsutskrift:<\/b> Et omr\u00e5de p\u00e5 60 x 20 mm for \u00e5 legge til viktig informasjon som kontaktnumre eller allergiadvarsler.<\/li>\n<li><b>Farger med h\u00f8y synlighet:<\/b> Tilgjengelig i knallbl\u00e5tt, r\u00f8dt og gult for uten trykk visuell gruppeidentifisering.<\/li>\n<li><b>Uten trykk distribusjon:<\/b> Leveres i ark p\u00e5 10 for effektiv h\u00e5ndtering og utskrift.<\/li>\n<\/ul>","protected":false},"excerpt":{"rendered":"<ul>\n<li>Spesielt dimensjonert for en sikker og komfortabel passform p\u00e5 barns h\u00e5ndledd.<\/li>\n<li>Slitesterkt, vanntett og rivebestandig Tyvek\u00ae-materiale for lek hele dagen.<\/li>\n<li>Sikker, manipulasjonssikker lukking med klebemekanisme og sikkerhetsl\u00e5s.<\/li>\n<li>Tilpass med n\u00f8dnummer eller allergiinformasjon (60 x 20 mm trykkomr\u00e5de).<\/li>\n<\/ul>","protected":false},"featured_media":6124,"comment_status":"closed","ping_status":"closed","template":"","meta":[],"product_brand":[],"product_cat":[66,41,68],"product_tag":[],"class_list":{"0":"post-3823","1":"product","2":"type-product","3":"status-publish","4":"has-post-thumbnail","6":"product_cat-wristbands","7":"product_cat-tyvek","8":"product_cat-event-supplies","10":"first","11":"instock","12":"shipping-taxable","13":"purchasable","14":"product-type-simple"},"_links":{"self":[{"href":"https:\/\/displayproducts.eu\/nb\/wp-json\/wp\/v2\/product\/3823","targetHints":{"allow":["GET"]}}],"collection":[{"href":"https:\/\/displayproducts.eu\/nb\/wp-json\/wp\/v2\/product"}],"about":[{"href":"https:\/\/displayproducts.eu\/nb\/wp-json\/wp\/v2\/types\/product"}],"replies":[{"embeddable":true,"href":"https:\/\/displayproducts.eu\/nb\/wp-json\/wp\/v2\/comments?post=3823"}],"wp:featuredmedia":[{"embeddable":true,"href":"https:\/\/displayproducts.eu\/nb\/wp-json\/wp\/v2\/media\/6124"}],"wp:attachment":[{"href":"https:\/\/displayproducts.eu\/nb\/wp-json\/wp\/v2\/media?parent=3823"}],"wp:term":[{"taxonomy":"product_brand","embeddable":true,"href":"https:\/\/displayproducts.eu\/nb\/wp-json\/wp\/v2\/product_brand?post=3823"},{"taxonomy":"product_cat","embeddable":true,"href":"https:\/\/displayproducts.eu\/nb\/wp-json\/wp\/v2\/product_cat?post=3823"},{"taxonomy":"product_tag","embeddable":true,"href":"https:\/\/displayproducts.eu\/nb\/wp-json\/wp\/v2\/product_tag?post=3823"}],"curies":[{"name":"wp","href":"https:\/\/api.w.org\/{rel}","templated":true}]}}