{"id":3583,"date":"2025-03-24T15:51:08","date_gmt":"2025-03-24T12:51:08","guid":{"rendered":"https:\/\/wristbandfactory.eu\/?post_type=product&#038;p=3583"},"modified":"2026-04-01T21:52:36","modified_gmt":"2026-04-01T18:52:36","slug":"rpet-lanyards-with-wheat-straw-breakaway","status":"publish","type":"product","link":"https:\/\/displayproducts.eu\/nb\/p\/rpet-lanyards-with-wheat-straw-breakaway\/","title":{"rendered":"rPET n\u00f8kkelb\u00e5nd med hvetehalm-l\u00e5s (Fullfarge)"},"content":{"rendered":"<p data-path-to-node=\"11\">Gj\u00f8r organisasjonens forpliktelse til b\u00e6rekraft synlig ned til minste detalj med v\u00e5re <b>rPET-armbind med hvetestr\u00e5avbrytbar<\/b>. Dette er ikke bare en snor; det er et komplett milj\u00f8vennlig identifikasjonssett designet for bedrifter som \u00f8nsker \u00e5 eliminere jomfruelig plast fra arrangementene sine helt.<\/p>\n<p data-path-to-node=\"12\">Snorremmen er laget av <b>100% resirkulert PET (rPET)<\/b>, noe som gir nytt liv til plastflasker fra forbruk. I motsetning til standardalternativer l\u00f8ser denne modellen problemet med \u201cskjult plast\u201d: den valgfrie sikkerhetsklipsen er laget av <b>slitesterkt hvetestr\u00e5<\/b>, et biologisk nedbrytbart plantebasert biprodukt. Dette naturlige komposittmaterialet er like sterkt som plast, men reduserer milj\u00f8p\u00e5virkningen betydelig.<\/p>\n<p data-path-to-node=\"13\">For \u00e5 komplettere settet inkluderer vi en lettvektsveske <b>resirkulerbart papir ID-holder<\/b>, slik at selv merkedekselet samsvarer med dine gr\u00f8nne verdier. Det glatte rPET-stoffet er perfekt for <b>fargestoffsublimering i full farge<\/b>, slik at du kan vise frem din visuelle identitet i skarpe, fotorealistiske detaljer p\u00e5 begge sider av stroppen. Dette er det ideelle valget for \u201cgr\u00f8nne konferanser\u201d p\u00e5 h\u00f8yt niv\u00e5 der hver detalj teller.<\/p>\n<p data-path-to-node=\"14\"><b>Viktige funksjoner:<\/b><\/p>\n<ul data-path-to-node=\"15\">\n<li>\n<p data-path-to-node=\"15,0,0\"><b>Materiale for snor:<\/b> 100% rPET (resirkulert fra PET-flasker fra forbrukere).<\/p>\n<\/li>\n<li>\n<p data-path-to-node=\"15,1,0\"><b>Innovasjon:<\/b> Sikkerhetsavbryter laget av biologisk nedbrytbart materiale <b>Hvetehalm<\/b>.<\/p>\n<\/li>\n<li>\n<p data-path-to-node=\"15,2,0\"><b>Printing:<\/b> Fullfarge, tosidig fargesublimering for kompleks grafikk.<\/p>\n<\/li>\n<li>\n<p data-path-to-node=\"15,3,0\"><b>Komplett sett:<\/b> Inkluderer en standard ID-holder av resirkulerbart papir.<\/p>\n<\/li>\n<li>\n<p data-path-to-node=\"15,4,0\"><b>Milj\u00f8bevisst:<\/b> Kombinerer resirkulert avfall og fornybare plantematerialer.<\/p>\n<\/li>\n<li>\n<p data-path-to-node=\"15,5,0\"><b>Sikkerhet:<\/b> Hvetestr\u00e5klipsen utl\u00f8ses under spenning for \u00e5 forhindre skader.<\/p>\n<\/li>\n<\/ul>","protected":false},"excerpt":{"rendered":"<ul data-path-to-node=\"9\">\n<li>\n<p data-path-to-node=\"9,0,0\"><b>Plastredusert maskinvare:<\/b> Har en unik sikkerhetsklips laget av biologisk nedbrytbart materiale <b>hvetestr\u00e5<\/b> i stedet for vanlig plast.<\/p>\n<\/li>\n<li>\n<p data-path-to-node=\"9,1,0\"><b>Komplett \u00f8kosett:<\/b> Inkluderer en 100% resirkulert PET-snor og en resirkulerbar <b>papir-ID-holder<\/b> for en fullstendig b\u00e6rekraftig l\u00f8sning.<\/p>\n<\/li>\n<li>\n<p data-path-to-node=\"9,2,0\"><b>Fullfargede merkevarebygging:<\/b> H\u00f8yoppl\u00f8selig fargesublimeringsutskrift gir livlige design fra kant til kant p\u00e5 begge sider.<\/p>\n<\/li>\n<li>\n<p data-path-to-node=\"9,3,0\"><b>Sirkul\u00e6r\u00f8konomi:<\/b> Gir nytt liv til plastavfall (1 snor \u2248 1 plastflaske) ved bruk av fornybare plantematerialer.<\/p>\n<\/li>\n<\/ul>","protected":false},"featured_media":6632,"comment_status":"closed","ping_status":"closed","template":"","meta":[],"product_brand":[],"product_cat":[104,106,107,68],"product_tag":[],"class_list":{"0":"post-3583","1":"product","2":"type-product","3":"status-publish","4":"has-post-thumbnail","6":"product_cat-custom-printed-lanyards","7":"product_cat-breakaway-lanyards","8":"product_cat-eco-friendly-lanyards","9":"product_cat-event-supplies","11":"first","12":"instock","13":"shipping-taxable","14":"purchasable","15":"product-type-simple"},"_links":{"self":[{"href":"https:\/\/displayproducts.eu\/nb\/wp-json\/wp\/v2\/product\/3583","targetHints":{"allow":["GET"]}}],"collection":[{"href":"https:\/\/displayproducts.eu\/nb\/wp-json\/wp\/v2\/product"}],"about":[{"href":"https:\/\/displayproducts.eu\/nb\/wp-json\/wp\/v2\/types\/product"}],"replies":[{"embeddable":true,"href":"https:\/\/displayproducts.eu\/nb\/wp-json\/wp\/v2\/comments?post=3583"}],"wp:featuredmedia":[{"embeddable":true,"href":"https:\/\/displayproducts.eu\/nb\/wp-json\/wp\/v2\/media\/6632"}],"wp:attachment":[{"href":"https:\/\/displayproducts.eu\/nb\/wp-json\/wp\/v2\/media?parent=3583"}],"wp:term":[{"taxonomy":"product_brand","embeddable":true,"href":"https:\/\/displayproducts.eu\/nb\/wp-json\/wp\/v2\/product_brand?post=3583"},{"taxonomy":"product_cat","embeddable":true,"href":"https:\/\/displayproducts.eu\/nb\/wp-json\/wp\/v2\/product_cat?post=3583"},{"taxonomy":"product_tag","embeddable":true,"href":"https:\/\/displayproducts.eu\/nb\/wp-json\/wp\/v2\/product_tag?post=3583"}],"curies":[{"name":"wp","href":"https:\/\/api.w.org\/{rel}","templated":true}]}}