{"id":3045,"date":"2025-02-05T15:13:29","date_gmt":"2025-02-05T12:13:29","guid":{"rendered":"https:\/\/wristbandfactory.eu\/toode\/silicone-printed-keychain\/"},"modified":"2026-04-01T21:52:04","modified_gmt":"2026-04-01T18:52:04","slug":"silicone-print-nylon-keychains","status":"publish","type":"product","link":"https:\/\/displayproducts.eu\/nb\/p\/silicone-print-nylon-keychains\/","title":{"rendered":"Nylon n\u00f8kkelringer med silikontrykk"},"content":{"rendered":"<p data-path-to-node=\"12\">Oppgrader reklamevarene dine med v\u00e5re <b data-path-to-node=\"12\" data-index-in-node=\"71\">Tilpassede silikontrykk nylon n\u00f8kkelringer<\/b>. Dette er ikke bare standard lanyards; de er sv\u00e6rt slitesterkt tilbeh\u00f8r designet for langvarig bruk. Den mest fremtredende funksjonen er <b data-path-to-node=\"12\" data-index-in-node=\"240\">hevet silikontrykkteknologi<\/b>, som legger et tykt, fleksibelt lag med silikon p\u00e5 nylonremmen. Dette skaper en levende, taktil 3D-effekt som er umulig \u00e5 ignorere og som er sv\u00e6rt motstandsdyktig mot falming, sprekkdannelser eller avskalling.<\/p>\n<h2 data-path-to-node=\"13\">Viktige funksjoner<\/h2>\n<ul data-path-to-node=\"14\">\n<li>\n<p data-path-to-node=\"14,0,0\"><b data-path-to-node=\"14,0,0\" data-index-in-node=\"0\">Premium silikontrykk:<\/b> I motsetning til matt blekk, gir silikontrykket v\u00e5rt tekstur og dimensjon til logoen din, noe som gir den et eksklusivt utseende og f\u00f8lelse.<\/p>\n<\/li>\n<li>\n<p data-path-to-node=\"14,1,1\"><span data-path-to-node=\"14,1,1,0\"><b data-path-to-node=\"14,1,1,0\" data-index-in-node=\"0\"><span class=\"citation-9\">Robust nylonkonstruksjon:<\/span><\/b><span class=\"citation-9\"> Laget av h\u00f8yfast nylonvev<\/span><\/span><span data-path-to-node=\"14,1,1,2\">, denne stroppen er laget for \u00e5 t\u00e5le daglig bruk, noe som gj\u00f8r den ideell for utend\u00f8rsmerker, bilfirmaer og aktive lag.<\/span><\/p>\n<\/li>\n<li>\n<p data-path-to-node=\"14,2,0\"><b data-path-to-node=\"14,2,0\" data-index-in-node=\"0\">Dobbelt festesystem:<\/b> Maksimal allsidighet sikres med en robust <b data-path-to-node=\"14,2,0\" data-index-in-node=\"69\">karabinkrok<\/b> for beltel\u00f8kker eller vesker, pluss en klassisk <b data-path-to-node=\"14,2,0\" data-index-in-node=\"118\">delt ring<\/b> for n\u00f8kkelb\u00e5nd.<\/p>\n<\/li>\n<li>\n<p data-path-to-node=\"14,3,0\"><b data-path-to-node=\"14,3,0\" data-index-in-node=\"0\">Pantone-presisjon:<\/b> Vi tilbyr full fargematching for nylonremmen for \u00e5 sikre at den passer perfekt til bedriftens identitet.<\/p>\n<\/li>\n<\/ul>\n<h2 data-path-to-node=\"15\">Spesifikasjoner<\/h2>\n<ul data-path-to-node=\"16\">\n<li>\n<p data-path-to-node=\"16,0,0\"><b data-path-to-node=\"16,0,0\" data-index-in-node=\"0\">Materiale:<\/b> Kraftig nylonvev.<\/p>\n<\/li>\n<li>\n<p data-path-to-node=\"16,1,0\"><b data-path-to-node=\"16,1,0\" data-index-in-node=\"0\">Trykkteknikk:<\/b> Hevet silikontrykk (3D-effekt).<\/p>\n<\/li>\n<li>\n<p data-path-to-node=\"16,2,0\"><b data-path-to-node=\"16,2,0\" data-index-in-node=\"0\">Dimensjoner:<\/b> Standard 25 x 150 mm (tilpassede st\u00f8rrelser tilgjengelig).<\/p>\n<\/li>\n<li>\n<p data-path-to-node=\"16,3,0\"><b data-path-to-node=\"16,3,0\" data-index-in-node=\"0\">Beslag:<\/b> Metallkarabinkrok + delt ring.<\/p>\n<\/li>\n<li>\n<p data-path-to-node=\"16,4,0\"><b data-path-to-node=\"16,4,0\" data-index-in-node=\"0\">MOQ:<\/b> 100 enheter.<\/p>\n<\/li>\n<li>\n<p data-path-to-node=\"16,5,0\"><b data-path-to-node=\"16,5,0\" data-index-in-node=\"0\">Produksjonstid:<\/b> Ca. 18\u201320 dager.<\/p>\n<\/li>\n<\/ul>\n<h2 data-path-to-node=\"17\">Brukstilfeller<\/h2>\n<ul data-path-to-node=\"18\">\n<li>\n<p data-path-to-node=\"18,0,0\"><b data-path-to-node=\"18,0,0\" data-index-in-node=\"0\">Bilforhandlere:<\/b> En verdifull gave til nye biln\u00f8kkelb\u00e5nd som kunder vil bruke daglig.<\/p>\n<\/li>\n<li>\n<p data-path-to-node=\"18,1,0\"><b data-path-to-node=\"18,1,0\" data-index-in-node=\"0\">Merker innen friluftsliv og eventyr:<\/b> Den robuste nylonen og karabinen passer perfekt til en aktiv livsstil.<\/p>\n<\/li>\n<li>\n<p data-path-to-node=\"18,2,0\"><b data-path-to-node=\"18,2,0\" data-index-in-node=\"0\">Firmagaver:<\/b> Et taktilt, f\u00f8rsteklasses alternativ til vanlige polyestern\u00f8kkelringer for velkomstpakker til ansatte.<\/p>\n<\/li>\n<li>\n<p data-path-to-node=\"18,3,0\"><b data-path-to-node=\"18,3,0\" data-index-in-node=\"0\">Eiendomsmeglere:<\/b> En slitesterk og minneverdig n\u00f8kkelring for overlevering av nytt hjem.<\/p>\n<\/li>\n<\/ul>","protected":false},"excerpt":{"rendered":"<ul>\n<li>\n<p data-path-to-node=\"11,0,0\"><b data-path-to-node=\"11,0,0\" data-index-in-node=\"0\">3D taktil merkevarebygging:<\/b> Hevet silikontrykk skaper en f\u00f8rsteklasses og slitesterk logoeffekt.<\/p>\n<\/li>\n<li>\n<p data-path-to-node=\"11,1,0\"><b data-path-to-node=\"11,1,0\" data-index-in-node=\"0\">Kraftig materiale:<\/b> Laget av sterk, slitesterk nylonvev.<\/p>\n<\/li>\n<li>\n<p data-path-to-node=\"11,2,0\"><b data-path-to-node=\"11,2,0\" data-index-in-node=\"0\">Allsidig vedlegg:<\/b> Leveres med b\u00e5de karabinkrok og standard splittring.<\/p>\n<\/li>\n<li>\n<p data-path-to-node=\"11,3,0\"><b data-path-to-node=\"11,3,0\" data-index-in-node=\"0\">Fullstendig tilpasset:<\/b> Pantone-fargematching tilgjengelig for reim og trykk.<\/p>\n<\/li>\n<\/ul>","protected":false},"featured_media":6655,"comment_status":"closed","ping_status":"closed","template":"","meta":[],"product_brand":[],"product_cat":[94],"product_tag":[],"class_list":{"0":"post-3045","1":"product","2":"type-product","3":"status-publish","4":"has-post-thumbnail","6":"product_cat-keychains","8":"first","9":"instock","10":"shipping-taxable","11":"purchasable","12":"product-type-simple"},"_links":{"self":[{"href":"https:\/\/displayproducts.eu\/nb\/wp-json\/wp\/v2\/product\/3045","targetHints":{"allow":["GET"]}}],"collection":[{"href":"https:\/\/displayproducts.eu\/nb\/wp-json\/wp\/v2\/product"}],"about":[{"href":"https:\/\/displayproducts.eu\/nb\/wp-json\/wp\/v2\/types\/product"}],"replies":[{"embeddable":true,"href":"https:\/\/displayproducts.eu\/nb\/wp-json\/wp\/v2\/comments?post=3045"}],"wp:featuredmedia":[{"embeddable":true,"href":"https:\/\/displayproducts.eu\/nb\/wp-json\/wp\/v2\/media\/6655"}],"wp:attachment":[{"href":"https:\/\/displayproducts.eu\/nb\/wp-json\/wp\/v2\/media?parent=3045"}],"wp:term":[{"taxonomy":"product_brand","embeddable":true,"href":"https:\/\/displayproducts.eu\/nb\/wp-json\/wp\/v2\/product_brand?post=3045"},{"taxonomy":"product_cat","embeddable":true,"href":"https:\/\/displayproducts.eu\/nb\/wp-json\/wp\/v2\/product_cat?post=3045"},{"taxonomy":"product_tag","embeddable":true,"href":"https:\/\/displayproducts.eu\/nb\/wp-json\/wp\/v2\/product_tag?post=3045"}],"curies":[{"name":"wp","href":"https:\/\/api.w.org\/{rel}","templated":true}]}}