{"id":1382,"date":"2024-07-17T13:03:02","date_gmt":"2024-07-17T10:03:02","guid":{"rendered":"https:\/\/wristbandfactory.eu\/toode\/lanyard-made-of-1-5-cm-rpet-with-cup-holder-sublimation-print\/"},"modified":"2026-04-01T21:52:36","modified_gmt":"2026-04-01T18:52:36","slug":"printed-lanyards-with-cup-holder","status":"publish","type":"product","link":"https:\/\/displayproducts.eu\/nb\/p\/printed-lanyards-with-cup-holder\/","title":{"rendered":"Trykte armbind med koppholder"},"content":{"rendered":"<div class=\"flex flex-grow flex-col max-w-full\">\n<div class=\"min-h-[20px] text-message flex flex-col items-start whitespace-pre-wrap break-words [.text-message+&amp;]:mt-5 juice:w-full juice:items-end overflow-x-auto gap-2\" dir=\"auto\" data-message-author-role=\"assistant\" data-message-id=\"29d0cc2f-9703-4b46-a2f3-f0401257c60f\">\n<div class=\"flex w-full flex-col gap-1 juice:empty:hidden juice:first:pt-[3px]\">\n<div class=\"markdown prose w-full break-words dark:prose-invert light\">\n<p>Forbedre deltakeropplevelsen p\u00e5 din neste festival, konferanse eller utend\u00f8rsarrangement. V\u00e5re trykte lanyards med koppholdere tilbyr en sv\u00e6rt praktisk l\u00f8sning, slik at gjestene, ansatte eller VIP-er kan holde hendene frie samtidig som merkevaren din er tydelig synlig.<\/p>\n<p>Denne funksjonelle snoren er laget av sterk, vevd RPET-polyester, som demonstrerer merkevarens forpliktelse til b\u00e6rekraftige valg. Prisen inkluderer et livlig sublimeringstrykk i fullfarge p\u00e5 begge sider, perfekt for komplekse logoer, detaljerte design og ubegrensede farger. Den fleksible, universelle silikonkoppholderen (6 cm diameter) griper sikkert de fleste standard kopper til arrangementer (merk: kopp er ikke inkludert). Denne snoren er det ideelle tilbeh\u00f8ret for ethvert arrangement der det serveres drikke, og sikrer at merkevaren din forblir i sentrum.<\/p>\n<p><b>Viktige funksjoner:<\/b><\/p>\n<ul>\n<li><b>Materiale:<\/b> 1,5 cm sterk vevd RPET (resirkulert polyester)<\/li>\n<li><b>Holder:<\/b> Universal silikon (\u00d8 6 cm)<\/li>\n<li><b>Printing:<\/b> Sublimeringstrykk i fullfarge (begge sider inkludert)<\/li>\n<li><b>Fordel:<\/b> Holder hendene frie; perfekt for gjenbrukbare koppprogrammer<\/li>\n<li><b>Ideell for:<\/b> Festivaler, konserter, messer og bedriftsutflukter<\/li>\n<li><b>Opprinnelse:<\/b> Laget i Europa<\/li>\n<\/ul>\n<p>&nbsp;<\/p>\n<\/div>\n<\/div>\n<\/div>\n<\/div>","protected":false},"excerpt":{"rendered":"<ul>\n<li>Gir h\u00e5ndfri bekvemmelighet p\u00e5 festivaler og utend\u00f8rsarrangementer.<\/li>\n<li>Fullfarge, dobbeltsidig sublimeringstrykk for maksimal merkevaresynlighet.<\/li>\n<li>Laget av slitesterkt, milj\u00f8vennlig RPET (resirkulert) materiale.<\/li>\n<li>Universell silikonholder (\u00d8 6 cm) passer til de fleste gjenbrukbare kopper.<\/li>\n<\/ul>","protected":false},"featured_media":6564,"comment_status":"closed","ping_status":"closed","template":"","meta":[],"product_brand":[],"product_cat":[43,108,68,119],"product_tag":[],"class_list":{"0":"post-1382","1":"product","2":"type-product","3":"status-publish","4":"has-post-thumbnail","6":"product_cat-lanyards","7":"product_cat-multifunctional-lanyards","8":"product_cat-event-supplies","9":"product_cat-drinkware-accessories","11":"first","12":"instock","13":"shipping-taxable","14":"purchasable","15":"product-type-simple"},"_links":{"self":[{"href":"https:\/\/displayproducts.eu\/nb\/wp-json\/wp\/v2\/product\/1382","targetHints":{"allow":["GET"]}}],"collection":[{"href":"https:\/\/displayproducts.eu\/nb\/wp-json\/wp\/v2\/product"}],"about":[{"href":"https:\/\/displayproducts.eu\/nb\/wp-json\/wp\/v2\/types\/product"}],"replies":[{"embeddable":true,"href":"https:\/\/displayproducts.eu\/nb\/wp-json\/wp\/v2\/comments?post=1382"}],"wp:featuredmedia":[{"embeddable":true,"href":"https:\/\/displayproducts.eu\/nb\/wp-json\/wp\/v2\/media\/6564"}],"wp:attachment":[{"href":"https:\/\/displayproducts.eu\/nb\/wp-json\/wp\/v2\/media?parent=1382"}],"wp:term":[{"taxonomy":"product_brand","embeddable":true,"href":"https:\/\/displayproducts.eu\/nb\/wp-json\/wp\/v2\/product_brand?post=1382"},{"taxonomy":"product_cat","embeddable":true,"href":"https:\/\/displayproducts.eu\/nb\/wp-json\/wp\/v2\/product_cat?post=1382"},{"taxonomy":"product_tag","embeddable":true,"href":"https:\/\/displayproducts.eu\/nb\/wp-json\/wp\/v2\/product_tag?post=1382"}],"curies":[{"name":"wp","href":"https:\/\/api.w.org\/{rel}","templated":true}]}}