{"id":1307,"date":"2024-10-27T11:53:50","date_gmt":"2024-10-27T08:53:50","guid":{"rendered":"https:\/\/wristbandfactory.eu\/toode\/glow-in-the-dark-silicone-wristbands\/"},"modified":"2026-04-01T21:52:36","modified_gmt":"2026-04-01T18:52:36","slug":"glow-in-the-dark-silicone-wristbands","status":"publish","type":"product","link":"https:\/\/displayproducts.eu\/nb\/p\/glow-in-the-dark-silicone-wristbands\/","title":{"rendered":"Silikonarmb\u00e5nd som lyser i m\u00f8rket"},"content":{"rendered":"<div class=\"mx-12 md:mx-24 lg:mx-48\">\n<div class=\"container my-8 svelte-zlsknf\">\n<div class=\"my-24 rounded-lg border-0 border-gray-700 bg-gray-100 px-16 py-24\">\n<div class=\"mt-11 !text-gray-500\">\n<p>S\u00f8rg for at merkevaren din skiller seg ut lenge etter solnedgang med v\u00e5re selvlysende silikonarmb\u00e5nd. Disse armb\u00e5ndene er et f\u00f8rsteklasses valg for arrang\u00f8rer, festivalpromot\u00f8rer og bedriftsarrangementsledere som trenger h\u00f8y synlighet i omgivelser med lite lys. De fungerer som et effektivt merkevareverkt\u00f8y og adgangspass til nattklubber, konserter og kveldsfester.<\/p>\n<p>Gl\u00f8deeffekten tilf\u00f8res silikonen og lades opp n\u00e5r den utsettes for lys. For \u00e5 oppn\u00e5 best mulig resultat anbefaler vi p\u00e5 det sterkeste \u00e5 velge lyse basisfarger (f.eks. hvit, gr\u00f8nn, rosa), ettersom gl\u00f8deeffekten er mindre effektiv p\u00e5 m\u00f8rkere silikon.<\/p>\n<p>Denne effekten kan kombineres med andre tilpasningsmetoder, inkludert trykte, pregede og pregede design, slik at du kan lage et unikt og funksjonelt armb\u00e5nd til arrangementet ditt. Med rask produksjon og levering kan vi overholde dine stramme tidsfrister.<\/p>\n<p><b>Viktige funksjoner:<\/b><\/p>\n<ul>\n<li><b>H\u00f8y synlighetsgl\u00f8d:<\/b> Lader opp i lyset for \u00e5 gi en sterk gl\u00f8d, perfekt for nattklubber og kveldsarrangementer.<\/li>\n<li><b>Slitesterk 100% silikon:<\/b> Vanntett, slitesterk og komfortabel for bruk i flere timer.<\/li>\n<li><b>Bred tilpasning:<\/b> Kan kombineres med trykte, pregede eller pregede merkemetoder.<\/li>\n<li><b>Rask behandlingstid:<\/b> Rask produksjon og levering for \u00e5 m\u00f8te stramme tidsfrister for arrangementer.<\/li>\n<li><b>Profftips:<\/b> Fungerer best p\u00e5 silikonbaser i sterke farger for sterkest effekt.<\/li>\n<\/ul>\n<\/div>\n<\/div>\n<\/div>\n<\/div>","protected":false},"excerpt":{"rendered":"<ul>\n<li>H\u00f8ysynlig gl\u00f8deffekt sikrer at merkevaren din blir synlig om natten.<\/li>\n<li>Ideell for festivaler, nattklubber og bedriftsarrangementer p\u00e5 kvelden.<\/li>\n<li>Rask produksjon og levering for rask arrangementsplanlegging.<\/li>\n<li>Best resultat oppn\u00e5s p\u00e5 silikonbaser i sterke farger.<\/li>\n<\/ul>","protected":false},"featured_media":6131,"comment_status":"closed","ping_status":"closed","template":"","meta":[],"product_brand":[],"product_cat":[66,49],"product_tag":[],"class_list":{"0":"post-1307","1":"product","2":"type-product","3":"status-publish","4":"has-post-thumbnail","6":"product_cat-wristbands","7":"product_cat-silicone","9":"first","10":"instock","11":"shipping-taxable","12":"purchasable","13":"product-type-simple"},"_links":{"self":[{"href":"https:\/\/displayproducts.eu\/nb\/wp-json\/wp\/v2\/product\/1307","targetHints":{"allow":["GET"]}}],"collection":[{"href":"https:\/\/displayproducts.eu\/nb\/wp-json\/wp\/v2\/product"}],"about":[{"href":"https:\/\/displayproducts.eu\/nb\/wp-json\/wp\/v2\/types\/product"}],"replies":[{"embeddable":true,"href":"https:\/\/displayproducts.eu\/nb\/wp-json\/wp\/v2\/comments?post=1307"}],"wp:featuredmedia":[{"embeddable":true,"href":"https:\/\/displayproducts.eu\/nb\/wp-json\/wp\/v2\/media\/6131"}],"wp:attachment":[{"href":"https:\/\/displayproducts.eu\/nb\/wp-json\/wp\/v2\/media?parent=1307"}],"wp:term":[{"taxonomy":"product_brand","embeddable":true,"href":"https:\/\/displayproducts.eu\/nb\/wp-json\/wp\/v2\/product_brand?post=1307"},{"taxonomy":"product_cat","embeddable":true,"href":"https:\/\/displayproducts.eu\/nb\/wp-json\/wp\/v2\/product_cat?post=1307"},{"taxonomy":"product_tag","embeddable":true,"href":"https:\/\/displayproducts.eu\/nb\/wp-json\/wp\/v2\/product_tag?post=1307"}],"curies":[{"name":"wp","href":"https:\/\/api.w.org\/{rel}","templated":true}]}}