{"id":1304,"date":"2024-10-27T11:53:50","date_gmt":"2024-10-27T08:53:50","guid":{"rendered":"https:\/\/wristbandfactory.eu\/toode\/silicone-wristbands\/"},"modified":"2026-04-01T21:52:04","modified_gmt":"2026-04-01T18:52:04","slug":"wide-printed-silicone-wristbands-25mm","status":"publish","type":"product","link":"https:\/\/displayproducts.eu\/nb\/p\/wide-printed-silicone-wristbands-25mm\/","title":{"rendered":"Brede silikonarmb\u00e5nd med trykk (25 mm)"},"content":{"rendered":"<p>Disse 25 mm brede armb\u00e5ndene er designet for maksimal synlighet, og er det beste valget for arrang\u00f8rer av arrangementer og festivaler som trenger at merkevaren deres skal skille seg ut fra mengden. Den store overflaten er perfekt for komplekse logoer, detaljert tekst og i\u00f8ynefallende design. Laget av slitesterk 100%-silikon, er disse armb\u00e5ndene komfortable for bruk i flere dager, vanntette og bygget for \u00e5 vare som en h\u00e5ndgripelig p\u00e5minnelse om arrangementet eller kampanjen din.<\/p>\n<p>Vi tilbyr fullstendig tilpasning for \u00e5 matche merkeidentiteten din perfekt. Silikonet v\u00e5rt er Pantone-matcht, noe som garanterer presis fargegjengivelse av merkevareretningslinjene dine. Du kan velge mellom et bredt utvalg av tilpasningsstiler for \u00e5 oppn\u00e5 \u00f8nsket utseende, fra klassisk silketrykk til sofistikerte pregede eller pregede effekter, med alternativer for fargefylling for \u00e5 gj\u00f8re designet ditt virkelig unikt.<\/p>\n<p><b>Viktige funksjoner:<\/b><\/p>\n<ul>\n<li><b>Ekstra bred overflate:<\/b> 25 mm bredde for maksimal design- og logosynlighet.<\/li>\n<li><b>Materiale:<\/b> 100% h\u00f8ykvalitets, slitesterk silikon.<\/li>\n<li><b>Tilpasningsalternativer:<\/b> Tilgjengelig med trykt, preget, preget med fargefyll, preget og preget trykk.<\/li>\n<li><b>Pantone\u00ae-matching:<\/b> Presis fargematching i henhold til dine eksakte merkespesifikasjoner.<\/li>\n<li><b>Minimumsbestilling:<\/b> Starter p\u00e5 bare 100 stykker.<\/li>\n<li><b>Emballasje:<\/b> Hvert armb\u00e5nd er pakket individuelt i en beskyttende polypose.<\/li>\n<li><b>Verdi\u00f8kning:<\/b> Gratis designhjelp for \u00e5 perfeksjonere kunstverket ditt.<\/li>\n<\/ul>","protected":false},"excerpt":{"rendered":"<p>N\u00e5r vanlige reklameartikler rett og slett ikke er nok, gj\u00f8r et st\u00f8rre inntrykk med v\u00e5re brede, spesialtilpassede silikonarmb\u00e5nd. Disse 25 mm armb\u00e5ndene har dobbelt s\u00e5 stor overflate som standardb\u00e5nd, og gir et dristig lerret for \u00e5 vise frem merkevaren din, slik at logoen eller budskapet ditt er umulig \u00e5 g\u00e5 glipp av og huskes lenge etter arrangementet.<\/p>","protected":false},"featured_media":5976,"comment_status":"closed","ping_status":"closed","template":"","meta":[],"product_brand":[],"product_cat":[66,49],"product_tag":[],"class_list":{"0":"post-1304","1":"product","2":"type-product","3":"status-publish","4":"has-post-thumbnail","6":"product_cat-wristbands","7":"product_cat-silicone","9":"first","10":"instock","11":"shipping-taxable","12":"purchasable","13":"product-type-simple"},"_links":{"self":[{"href":"https:\/\/displayproducts.eu\/nb\/wp-json\/wp\/v2\/product\/1304","targetHints":{"allow":["GET"]}}],"collection":[{"href":"https:\/\/displayproducts.eu\/nb\/wp-json\/wp\/v2\/product"}],"about":[{"href":"https:\/\/displayproducts.eu\/nb\/wp-json\/wp\/v2\/types\/product"}],"replies":[{"embeddable":true,"href":"https:\/\/displayproducts.eu\/nb\/wp-json\/wp\/v2\/comments?post=1304"}],"wp:featuredmedia":[{"embeddable":true,"href":"https:\/\/displayproducts.eu\/nb\/wp-json\/wp\/v2\/media\/5976"}],"wp:attachment":[{"href":"https:\/\/displayproducts.eu\/nb\/wp-json\/wp\/v2\/media?parent=1304"}],"wp:term":[{"taxonomy":"product_brand","embeddable":true,"href":"https:\/\/displayproducts.eu\/nb\/wp-json\/wp\/v2\/product_brand?post=1304"},{"taxonomy":"product_cat","embeddable":true,"href":"https:\/\/displayproducts.eu\/nb\/wp-json\/wp\/v2\/product_cat?post=1304"},{"taxonomy":"product_tag","embeddable":true,"href":"https:\/\/displayproducts.eu\/nb\/wp-json\/wp\/v2\/product_tag?post=1304"}],"curies":[{"name":"wp","href":"https:\/\/api.w.org\/{rel}","templated":true}]}}