{"id":1303,"date":"2024-07-15T21:28:59","date_gmt":"2024-07-15T18:28:59","guid":{"rendered":"https:\/\/wristbandfactory.eu\/toode\/vivid-wrist-silicone-keyholders-2\/"},"modified":"2026-04-01T21:52:04","modified_gmt":"2026-04-01T18:52:04","slug":"silicone-bangle-keyholders","status":"publish","type":"product","link":"https:\/\/displayproducts.eu\/nb\/p\/silicone-bangle-keyholders\/","title":{"rendered":"Silikon armb\u00e5nd n\u00f8kkelholdere"},"content":{"rendered":"<p>Kombiner praktisk bruk med tydelig merkevarebygging med v\u00e5re silikonarmb\u00e5ndsn\u00f8kkelholdere. Dette produktet er et effektivt markedsf\u00f8ringsverkt\u00f8y for bedriftsarrangementer, eiendomsmeglere eller som en funksjonell gave til ansatte og kunder.<\/p>\n<p>Den store armb\u00e5ndet med en diameter p\u00e5 8,6 cm er designet for \u00e5 b\u00e6res komfortabelt p\u00e5 h\u00e5ndleddet, og holder n\u00f8klene sikre og h\u00e5ndfrie. Dette designet er sv\u00e6rt praktisk for travle fagfolk, arrangementsdeltakere eller ansatte som trenger hyppig tilgang til n\u00f8kkelb\u00e5nd eller n\u00f8kkelb\u00e5nd.<\/p>\n<p>Denne n\u00f8kkelholderen er laget av slitesterk silikon av h\u00f8y kvalitet og er bygget for \u00e5 t\u00e5le daglig bruk. Hver enhet er utstyrt med en solid metallring for sikker organisering av flere n\u00f8kkelb\u00e5nd eller adgangskort. Disse n\u00f8kkelholderne er tilgjengelige i et bredt utvalg av farger, og kan uten trykkt matches med bedriftens identitet, slik at merkevaren din forblir synlig og nyttig lenge etter arrangementet.<\/p>\n<p><b>Viktige funksjoner:<\/b><\/p>\n<ul>\n<li><b>Slitesterk silikonarmb\u00e5nd:<\/b> Den store ringen med en diameter p\u00e5 8,6 cm passer uten trykkt p\u00e5 h\u00e5ndleddet for praktisk bruk av hender.<\/li>\n<li><b>H\u00f8ykvalitetsmateriale:<\/b> Laget av f\u00f8rsteklasses, slitesterk silikon, bygget for daglig profesjonell bruk.<\/li>\n<li><b>Sikker metalln\u00f8kkelring:<\/b> Har en robust metallring for \u00e5 holde n\u00f8kkelb\u00e5nd og adgangsbrikker sikre.<\/li>\n<li><b>Merkevarebygging med h\u00f8y synlighet:<\/b> En praktisk gaveeiendom som alltid har merkevaren din i h\u00e5nden eller p\u00e5 h\u00e5ndleddet.<\/li>\n<li><b>Flere fargealternativer:<\/b> Tilgjengelig i et bredt utvalg av farger som passer til bedriftens merkevare.<\/li>\n<\/ul>","protected":false},"excerpt":{"rendered":"<ul>\n<li>Holder n\u00f8klene lett tilgjengelige p\u00e5 h\u00e5ndleddet for h\u00e5ndfri bruk.<\/li>\n<li>Slitesterk silikonkonstruksjon av h\u00f8y kvalitet for daglig bruk.<\/li>\n<li>Tilgjengelig i et bredt utvalg av farger som matcher bedriftens identitet.<\/li>\n<li>Et praktisk og synlig reklameprodukt for messer.<\/li>\n<\/ul>","protected":false},"featured_media":6668,"comment_status":"closed","ping_status":"closed","template":"","meta":[],"product_brand":[],"product_cat":[94],"product_tag":[],"class_list":{"0":"post-1303","1":"product","2":"type-product","3":"status-publish","4":"has-post-thumbnail","6":"product_cat-keychains","8":"first","9":"instock","10":"shipping-taxable","11":"purchasable","12":"product-type-simple"},"_links":{"self":[{"href":"https:\/\/displayproducts.eu\/nb\/wp-json\/wp\/v2\/product\/1303","targetHints":{"allow":["GET"]}}],"collection":[{"href":"https:\/\/displayproducts.eu\/nb\/wp-json\/wp\/v2\/product"}],"about":[{"href":"https:\/\/displayproducts.eu\/nb\/wp-json\/wp\/v2\/types\/product"}],"replies":[{"embeddable":true,"href":"https:\/\/displayproducts.eu\/nb\/wp-json\/wp\/v2\/comments?post=1303"}],"wp:featuredmedia":[{"embeddable":true,"href":"https:\/\/displayproducts.eu\/nb\/wp-json\/wp\/v2\/media\/6668"}],"wp:attachment":[{"href":"https:\/\/displayproducts.eu\/nb\/wp-json\/wp\/v2\/media?parent=1303"}],"wp:term":[{"taxonomy":"product_brand","embeddable":true,"href":"https:\/\/displayproducts.eu\/nb\/wp-json\/wp\/v2\/product_brand?post=1303"},{"taxonomy":"product_cat","embeddable":true,"href":"https:\/\/displayproducts.eu\/nb\/wp-json\/wp\/v2\/product_cat?post=1303"},{"taxonomy":"product_tag","embeddable":true,"href":"https:\/\/displayproducts.eu\/nb\/wp-json\/wp\/v2\/product_tag?post=1303"}],"curies":[{"name":"wp","href":"https:\/\/api.w.org\/{rel}","templated":true}]}}