{"id":1299,"date":"2024-10-27T11:53:51","date_gmt":"2024-10-27T08:53:51","guid":{"rendered":"https:\/\/wristbandfactory.eu\/toode\/slim-silicone-wristbands\/"},"modified":"2026-04-01T21:52:04","modified_gmt":"2026-04-01T18:52:04","slug":"slim-silicone-wristbands","status":"publish","type":"product","link":"https:\/\/displayproducts.eu\/nb\/p\/slim-silicone-wristbands\/","title":{"rendered":"Tynne silikonarmb\u00e5nd"},"content":{"rendered":"<p>L\u00f8ft bedriftens merkevarebygging eller bevissthetskampanje med v\u00e5re slanke silikonarmb\u00e5nd. Deres slanke 5 mm-profil tilbyr et subtilt og moderne alternativ til standardb\u00e5nd, noe som gj\u00f8r dem til et popul\u00e6rt valg for bedriftsarrangementer, veldedighetsaksjoner og reklamegaver der et mer raffinert utseende er \u00f8nskelig.<\/p>\n<p>Vi tilbyr full tilpasning for \u00e5 matche merkeidentiteten din. Silikonet er Pantone-matcht for presis fargen\u00f8yaktighet. Du kan tilpasse budskapet ditt ytterligere med flere alternativer av h\u00f8y kvalitet: et rent silketrykk i \u00e9n farge, en slitesterk preget (nedsenket) logo, en premium preget (hevet) logo eller et preget design med enfarget fylling for maksimal kontrast og synlighet.<\/p>\n<p>Disse remmene er laget av slitesterk silikon av h\u00f8y kvalitet, er komfortable for daglig bruk og er i samsvar med alle relevante sikkerhetsforskrifter, noe som gir trygghet for organisasjonen og deltakerne.<\/p>\n<p><b>Viktige funksjoner:<\/b><\/p>\n<ul>\n<li><b>Slank 5 mm profil:<\/b> En smal, moderne design (tilgjengelig i 200 x 5 x 2 mm eller 180 x 5 x 2 mm) for et diskr\u00e9 merkevareuttrykk.<\/li>\n<li><b>Full tilpasning:<\/b> Velg mellom 1-farges trykk, preget (nedsenket), preget (hevet) eller blekkfylt preget design.<\/li>\n<li><b>Presis Pantone-matching:<\/b> Garanterer at silikonfargen matcher bedriftens identitet perfekt.<\/li>\n<li><b>Sikkerhetsgodkjent:<\/b> Laget av h\u00f8ykvalitets silikon som oppfyller alle relevante sikkerhetsstandarder.<\/li>\n<li><b>Bulkemballasje:<\/b> Minimumsbestilling p\u00e5 100 enheter, pakket i bulk som standard. Individuell polybagging er tilgjengelig p\u00e5 foresp\u00f8rsel.<\/li>\n<\/ul>","protected":false},"excerpt":{"rendered":"<ul>\n<li>Har en elegant, smal 5 mm profil for et subtilt og moderne utseende.<\/li>\n<li>Fullstendig tilpassbar: Velg mellom trykte, pregede eller pregede logoer.<\/li>\n<li>Pantone-matchet silikon sikrer perfekt fargekonsistens i merkevarens farger.<\/li>\n<li>Minimum bestillingsmengde: 100 enheter per design.<\/li>\n<\/ul>","protected":false},"featured_media":5953,"comment_status":"closed","ping_status":"closed","template":"","meta":[],"product_brand":[],"product_cat":[66,49],"product_tag":[],"class_list":{"0":"post-1299","1":"product","2":"type-product","3":"status-publish","4":"has-post-thumbnail","6":"product_cat-wristbands","7":"product_cat-silicone","9":"first","10":"instock","11":"shipping-taxable","12":"purchasable","13":"product-type-simple"},"_links":{"self":[{"href":"https:\/\/displayproducts.eu\/nb\/wp-json\/wp\/v2\/product\/1299","targetHints":{"allow":["GET"]}}],"collection":[{"href":"https:\/\/displayproducts.eu\/nb\/wp-json\/wp\/v2\/product"}],"about":[{"href":"https:\/\/displayproducts.eu\/nb\/wp-json\/wp\/v2\/types\/product"}],"replies":[{"embeddable":true,"href":"https:\/\/displayproducts.eu\/nb\/wp-json\/wp\/v2\/comments?post=1299"}],"wp:featuredmedia":[{"embeddable":true,"href":"https:\/\/displayproducts.eu\/nb\/wp-json\/wp\/v2\/media\/5953"}],"wp:attachment":[{"href":"https:\/\/displayproducts.eu\/nb\/wp-json\/wp\/v2\/media?parent=1299"}],"wp:term":[{"taxonomy":"product_brand","embeddable":true,"href":"https:\/\/displayproducts.eu\/nb\/wp-json\/wp\/v2\/product_brand?post=1299"},{"taxonomy":"product_cat","embeddable":true,"href":"https:\/\/displayproducts.eu\/nb\/wp-json\/wp\/v2\/product_cat?post=1299"},{"taxonomy":"product_tag","embeddable":true,"href":"https:\/\/displayproducts.eu\/nb\/wp-json\/wp\/v2\/product_tag?post=1299"}],"curies":[{"name":"wp","href":"https:\/\/api.w.org\/{rel}","templated":true}]}}