{"id":1292,"date":"2024-07-15T22:03:57","date_gmt":"2024-07-15T19:03:57","guid":{"rendered":"https:\/\/wristbandfactory.eu\/toode\/tyvek-wristbands-for-hospitals\/"},"modified":"2026-04-01T21:52:36","modified_gmt":"2026-04-01T18:52:36","slug":"direct-thermal-hospital-wristbands","status":"publish","type":"product","link":"https:\/\/displayproducts.eu\/nb\/p\/direct-thermal-hospital-wristbands\/","title":{"rendered":"Antibakterielle sykehusb\u00e5nd"},"content":{"rendered":"<p data-path-to-node=\"8\">Hev standardene for pasientidentifikasjon p\u00e5 sykehuset ditt med v\u00e5re Direct Thermal Hospital Wristbands. Disse armb\u00e5ndene er designet for s\u00f8ml\u00f8s integrering i eksisterende arbeidsflyter i helsevesenet, og eliminerer risikoen for h\u00e5ndskriftsfeil ved \u00e5 muliggj\u00f8re umiddelbar utskrift av strekkoder, tekst og pasientbilder. St\u00f8rrelsen p\u00e5 29 x 290 mm for voksne gir en komfortabel passform samtidig som den gir et stort overflateareal for skannbare data, noe som sikrer effektivitet fra triage til utskriving.<\/p>\n<h2 data-path-to-node=\"9\">Viktige funksjoner<\/h2>\n<ul data-path-to-node=\"10\">\n<li>\n<p data-path-to-node=\"10,0,0\"><b data-path-to-node=\"10,0,0\" data-index-in-node=\"0\">Antibakteriell beskyttelse:<\/b> Har et spesialisert belegg som aktivt hemmer bakterievekst, et kritisk krav i kliniske milj\u00f8er.<\/p>\n<\/li>\n<li>\n<p data-path-to-node=\"10,1,0\"><b data-path-to-node=\"10,1,0\" data-index-in-node=\"0\">Flekkfri holdbarhet:<\/b> Polypropylenfilmen av h\u00f8y kvalitet holder termisk utskrift inne, slik at pasientdataene er lesbare selv etter kontakt med vann, alkohol eller h\u00e5nddesinfeksjonsmidler.<\/p>\n<\/li>\n<li>\n<p data-path-to-node=\"10,2,0\"><b data-path-to-node=\"10,2,0\" data-index-in-node=\"0\">Sikkerhetssikring:<\/b> Bruker et sterkt lim som revner hvis det gj\u00f8res fors\u00f8k p\u00e5 \u00e5 fjerne eller overf\u00f8re b\u00e5ndet.<\/p>\n<\/li>\n<li>\n<p data-path-to-node=\"10,3,0\"><b data-path-to-node=\"10,3,0\" data-index-in-node=\"0\">Lateksfri og hypoallergenisk:<\/b> Trygg for alle hudtyper, og minimerer risikoen for allergiske reaksjoner under langvarig innleggelse.<\/p>\n<\/li>\n<\/ul>\n<h2 data-path-to-node=\"11\">Spesifikasjoner<\/h2>\n<ul data-path-to-node=\"12\">\n<li>\n<p data-path-to-node=\"12,0,0\"><b data-path-to-node=\"12,0,0\" data-index-in-node=\"0\">Dimensjoner:<\/b> 29 mm x 290 mm (standard voksenst\u00f8rrelse).<\/p>\n<\/li>\n<li>\n<p data-path-to-node=\"12,1,0\"><b data-path-to-node=\"12,1,0\" data-index-in-node=\"0\">Materiale:<\/b> Polypropylen med antibakteriell belegg.<\/p>\n<\/li>\n<li>\n<p data-path-to-node=\"12,2,0\"><b data-path-to-node=\"12,2,0\" data-index-in-node=\"0\">Utskriftsteknologi:<\/b> Direkte termisk (ingen b\u00e5nd eller blekk n\u00f8dvendig).<\/p>\n<\/li>\n<li>\n<p data-path-to-node=\"12,3,0\"><b data-path-to-node=\"12,3,0\" data-index-in-node=\"0\">Kompatibilitet:<\/b> Optimalisert for Zebra (GK-888T, TLP2824), Brother (TD-2020) og TSC skrivebordsskrivere.<\/p>\n<\/li>\n<li>\n<p data-path-to-node=\"12,4,0\"><b data-path-to-node=\"12,4,0\" data-index-in-node=\"0\">Emballasje:<\/b> Ruller med 100 armb\u00e5nd med en kjerne p\u00e5 25 mm (1 tomme).<\/p>\n<\/li>\n<li>\n<p data-path-to-node=\"12,5,0\"><b data-path-to-node=\"12,5,0\" data-index-in-node=\"0\">Minimumsbestillingsmengde (MOQ):<\/b> 100 enheter.<\/p>\n<\/li>\n<\/ul>\n<h2 data-path-to-node=\"13\">Brukstilfeller<\/h2>\n<ul data-path-to-node=\"14\">\n<li>\n<p data-path-to-node=\"14,0,0\"><b data-path-to-node=\"14,0,0\" data-index-in-node=\"0\">Opptak med h\u00f8yt volum:<\/b> Ideell for akuttmottak og \u00f8yeblikkelig hjelp-sentre som krever rask ID-generering.<\/p>\n<\/li>\n<li>\n<p data-path-to-node=\"14,1,0\"><b data-path-to-node=\"14,1,0\" data-index-in-node=\"0\">Innleggelsesbehandling:<\/b> Langtidsidentifikasjon for medisinadministrasjon og skanning ved sengekanten.<\/p>\n<\/li>\n<li>\n<p data-path-to-node=\"14,2,0\"><b data-path-to-node=\"14,2,0\" data-index-in-node=\"0\">Polikliniske prosedyrer:<\/b> Sikker merking for operasjoner p\u00e5 samme dag og diagnostiske tester.<\/p>\n<\/li>\n<li>\n<p data-path-to-node=\"14,3,0\"><b data-path-to-node=\"14,3,0\" data-index-in-node=\"0\">F\u00f8de- og barneavdelinger:<\/b> P\u00e5litelig identifikasjon der sikkerhet og komfort er avgj\u00f8rende.<\/p>\n<\/li>\n<\/ul>\n<p data-path-to-node=\"15\">","protected":false},"excerpt":{"rendered":"<p data-path-to-node=\"6\">Str\u00f8mlinjeform pasientinnleggelsesprosessen med v\u00e5re Direct Thermal Hospital Wristbands, konstruert for moderne helseinstitusjoner som krever umiddelbar utskrift av h\u00f8yoppl\u00f8selige data direkte fra innleggelsessystemer.<\/p>\n<ul data-path-to-node=\"7\">\n<li>\n<p data-path-to-node=\"7,0,0\"><b data-path-to-node=\"7,0,0\" data-index-in-node=\"0\">Skriverkompatibilitet:<\/b> Fullt optimalisert for industristandard direkte termiske skrivere som Zebra, Brother og TSC.<\/p>\n<\/li>\n<li>\n<p data-path-to-node=\"7,1,0\"><b data-path-to-node=\"7,1,0\" data-index-in-node=\"0\">Smittevern:<\/b> Spesialisert antibakterielt belegg hemmer bakterievekst og st\u00f8tter strenge hygieneprotokoller p\u00e5 sykehuset.<\/p>\n<\/li>\n<li>\n<p data-path-to-node=\"7,2,0\"><b data-path-to-node=\"7,2,0\" data-index-in-node=\"0\">Maksimal sikkerhet:<\/b> Sikkerhetssikkert akryllim med utstanset lukking forhindrer overf\u00f8ring og sikrer pasient-ID-integritet.<\/p>\n<\/li>\n<li>\n<p data-path-to-node=\"7,3,0\"><b data-path-to-node=\"7,3,0\" data-index-in-node=\"0\">B2B-effektivitet:<\/b> Leveres p\u00e5 ruller med 100 b\u00e5nd for rask lasting og behandling av store mengder opptak.<\/p>\n<\/li>\n<\/ul>","protected":false},"featured_media":631,"comment_status":"closed","ping_status":"closed","template":"","meta":[],"product_brand":[],"product_cat":[66,72],"product_tag":[],"class_list":{"0":"post-1292","1":"product","2":"type-product","3":"status-publish","4":"has-post-thumbnail","6":"product_cat-wristbands","7":"product_cat-medical-and-hospital","9":"first","10":"instock","11":"shipping-taxable","12":"purchasable","13":"product-type-simple"},"_links":{"self":[{"href":"https:\/\/displayproducts.eu\/nb\/wp-json\/wp\/v2\/product\/1292","targetHints":{"allow":["GET"]}}],"collection":[{"href":"https:\/\/displayproducts.eu\/nb\/wp-json\/wp\/v2\/product"}],"about":[{"href":"https:\/\/displayproducts.eu\/nb\/wp-json\/wp\/v2\/types\/product"}],"replies":[{"embeddable":true,"href":"https:\/\/displayproducts.eu\/nb\/wp-json\/wp\/v2\/comments?post=1292"}],"wp:featuredmedia":[{"embeddable":true,"href":"https:\/\/displayproducts.eu\/nb\/wp-json\/wp\/v2\/media\/631"}],"wp:attachment":[{"href":"https:\/\/displayproducts.eu\/nb\/wp-json\/wp\/v2\/media?parent=1292"}],"wp:term":[{"taxonomy":"product_brand","embeddable":true,"href":"https:\/\/displayproducts.eu\/nb\/wp-json\/wp\/v2\/product_brand?post=1292"},{"taxonomy":"product_cat","embeddable":true,"href":"https:\/\/displayproducts.eu\/nb\/wp-json\/wp\/v2\/product_cat?post=1292"},{"taxonomy":"product_tag","embeddable":true,"href":"https:\/\/displayproducts.eu\/nb\/wp-json\/wp\/v2\/product_tag?post=1292"}],"curies":[{"name":"wp","href":"https:\/\/api.w.org\/{rel}","templated":true}]}}