{"id":1291,"date":"2024-10-27T11:53:51","date_gmt":"2024-10-27T08:53:51","guid":{"rendered":"https:\/\/wristbandfactory.eu\/toode\/cord-lanyards-with-pvc-slider\/"},"modified":"2026-04-01T21:52:36","modified_gmt":"2026-04-01T18:52:36","slug":"custom-round-cord-lanyards-with-pvc-slider-metal-carabiner","status":"publish","type":"product","link":"https:\/\/displayproducts.eu\/nb\/p\/custom-round-cord-lanyards-with-pvc-slider-metal-carabiner\/","title":{"rendered":"Runde n\u00f8kkelb\u00e5nd med logo og PVC-slider"},"content":{"rendered":"<div class=\"mx-12 md:mx-24 lg:mx-48\">\n<div class=\"container my-8 svelte-zlsknf\">\n<div class=\"my-24 rounded-lg border-0 border-gray-700 bg-gray-100 px-16 py-24\">\n<div class=\"mt-11 !text-gray-500\">\n<p data-path-to-node=\"12\">Effektiviser bedriftens identifikasjon og sikkerhet for arrangementer med v\u00e5re <b>Tilpassede runde snorn\u00f8kkelb\u00e5nd<\/b>. Denne lanyarden er designet for fagfolk som trenger en minimalistisk, men slitesterk ID-l\u00f8sning, og tilbyr et sofistikert alternativ til flate b\u00e5nd, noe som gj\u00f8r den til det perfekte valget for daglig kontorbruk, konferanser og messer.<\/p>\n<p data-path-to-node=\"13\">Den runde snorprofilen er laget av slitesterk polyester av h\u00f8y kvalitet, og er konstruert for komfort under langvarig bruk, og forhindrer irritasjon rundt halsen. I motsetning til vanlige flate lanyards, tilbyr taumodellen et f\u00f8rsteklasses, diskr\u00e9 utseende som komplementerer forretningsantrekk.<\/p>\n<p data-path-to-node=\"14\">Det definerende trekket ved denne modellen er den funksjonelle <b>PVC-glidebryter<\/b>. Selv om den leveres i en elegant, gjennomsiktig finish som standard, tilbyr vi spesialtilpasset fargeproduksjon for bulkbestillinger, slik at du kan tilpasse maskinvaren n\u00f8yaktig til bedriftens merkeidentitet. Hver lanyard er ferdig med en robust finish. <b>metallkarabinkrok<\/b>, og gir et p\u00e5litelig og brukervennlig festepunkt for ID-kort, adgangskontrollkort eller n\u00f8kkelb\u00e5nd. Denne kombinasjonen av holdbarhet og profesjonell estetikk gj\u00f8r den til et foretrukket valg for organisasjoner som s\u00f8ker en avansert l\u00f8sning for ID-kortoppbevaring.<\/p>\n<p data-path-to-node=\"15\"><b>Viktige funksjoner:<\/b><\/p>\n<ul data-path-to-node=\"16\">\n<li>\n<p data-path-to-node=\"16,0,0\"><b>Slitesterk polyestersnor:<\/b> Rund tauprofil er ideell for komfortabel bruk hele dagen uten \u00e5 rakne.<\/p>\n<\/li>\n<li>\n<p data-path-to-node=\"16,1,0\"><b>Justerbar PVC-glider:<\/b> Standard gjennomsiktig finish gir et moderne utseende; spesialfarger er tilgjengelige p\u00e5 foresp\u00f8rsel.<\/p>\n<\/li>\n<li>\n<p data-path-to-node=\"16,2,0\"><b>Merkevarejustering:<\/b> Mulighet for \u00e5 matche glidebryterfargen med merkeidentiteten din for kvalifiserte bulkmengder.<\/p>\n<\/li>\n<li>\n<p data-path-to-node=\"16,3,0\"><b>Kraftig feste:<\/b> Inkluderer en sikker metallkarabinklips for \u00e5 holde legitimasjon trygg.<\/p>\n<\/li>\n<li>\n<p data-path-to-node=\"16,4,0\"><b>Allsidig bruk:<\/b> En praktisk og avansert l\u00f8sning for VIP-arrangementer, personalidentifikasjon og bedriftsmilj\u00f8er.<\/p>\n<\/li>\n<\/ul>\n<\/div>\n<\/div>\n<\/div>\n<\/div>","protected":false},"excerpt":{"rendered":"<ul>\n<li>\n<p data-path-to-node=\"10,0,0\"><b>Profesjonell profil:<\/b> Minimalistisk 5 mm rund ledningsdesign, ideell for kontormilj\u00f8er og VIP-arrangementer.<\/p>\n<\/li>\n<li>\n<p data-path-to-node=\"10,1,0\"><b>Tilpasset maskinvare:<\/b> Inkluderer en PVC-slider (tilpassbare farger tilgjengelig) for justering av merkevarebygging.<\/p>\n<\/li>\n<li>\n<p data-path-to-node=\"10,2,0\"><b>Sikker vedlegg:<\/b> Kraftig metallkarabinkrok s\u00f8rger for at ID-kort og n\u00f8kkelb\u00e5nd forblir trygge.<\/p>\n<\/li>\n<li>\n<p data-path-to-node=\"10,3,0\"><b>Holdbar komfort:<\/b> Mykt polyestertau forhindrer irritasjon i nakken under bruk hele dagen.<\/p>\n<\/li>\n<\/ul>","protected":false},"featured_media":6691,"comment_status":"closed","ping_status":"closed","template":"","meta":[],"product_brand":[],"product_cat":[125],"product_tag":[],"class_list":{"0":"post-1291","1":"product","2":"type-product","3":"status-publish","4":"has-post-thumbnail","6":"product_cat-cord-lanyards","8":"first","9":"instock","10":"shipping-taxable","11":"purchasable","12":"product-type-simple"},"_links":{"self":[{"href":"https:\/\/displayproducts.eu\/nb\/wp-json\/wp\/v2\/product\/1291","targetHints":{"allow":["GET"]}}],"collection":[{"href":"https:\/\/displayproducts.eu\/nb\/wp-json\/wp\/v2\/product"}],"about":[{"href":"https:\/\/displayproducts.eu\/nb\/wp-json\/wp\/v2\/types\/product"}],"replies":[{"embeddable":true,"href":"https:\/\/displayproducts.eu\/nb\/wp-json\/wp\/v2\/comments?post=1291"}],"wp:featuredmedia":[{"embeddable":true,"href":"https:\/\/displayproducts.eu\/nb\/wp-json\/wp\/v2\/media\/6691"}],"wp:attachment":[{"href":"https:\/\/displayproducts.eu\/nb\/wp-json\/wp\/v2\/media?parent=1291"}],"wp:term":[{"taxonomy":"product_brand","embeddable":true,"href":"https:\/\/displayproducts.eu\/nb\/wp-json\/wp\/v2\/product_brand?post=1291"},{"taxonomy":"product_cat","embeddable":true,"href":"https:\/\/displayproducts.eu\/nb\/wp-json\/wp\/v2\/product_cat?post=1291"},{"taxonomy":"product_tag","embeddable":true,"href":"https:\/\/displayproducts.eu\/nb\/wp-json\/wp\/v2\/product_tag?post=1291"}],"curies":[{"name":"wp","href":"https:\/\/api.w.org\/{rel}","templated":true}]}}