{"id":1288,"date":"2024-10-27T11:53:51","date_gmt":"2024-10-27T08:53:51","guid":{"rendered":"https:\/\/wristbandfactory.eu\/toode\/full-colour-cord-lanyards-with-woven-label\/"},"modified":"2026-04-01T21:52:36","modified_gmt":"2026-04-01T18:52:36","slug":"sublimation-cord-lanyards-with-woven-label","status":"publish","type":"product","link":"https:\/\/displayproducts.eu\/nb\/p\/sublimation-cord-lanyards-with-woven-label\/","title":{"rendered":"Sublimeringsarmbind med vevd etikett"},"content":{"rendered":"<div class=\"mx-12 md:mx-24 lg:mx-48\">\n<div class=\"container my-8 svelte-zlsknf\">\n<div class=\"my-24 rounded-lg border-0 border-gray-700 bg-gray-100 px-16 py-24\">\n<div class=\"mt-11 !text-gray-500\">\n<p>Oppn\u00e5 maksimal merkevarep\u00e5virkning med v\u00e5re premium sublimeringsarmbind. Denne modellen kombinerer to merkevarebyggingsmetoder av h\u00f8y kvalitet: et livlig sublimeringstrykk i fullfarge p\u00e5 snoren og en slitesterk, vevd etikett i fire farger for hovedlogoen din.<\/p>\n<p>Den 90 cm lange polyestersnoren starter som hvit og trykkes fullt ut med designet ditt ved hjelp av fargesublimering. Denne metoden er perfekt for komplekse m\u00f8nstre i full farge eller repeterende logoer, men v\u00e6r oppmerksom p\u00e5 at presis logoplassering ikke kan garanteres p\u00e5 snoren.<\/p>\n<p>Den HD-vevde etiketten i fire farger gir et skarpt og profesjonelt fokuspunkt for merkevaren din som ikke falmer eller ripes. Denne eksklusive snoren er et utmerket valg for bedriftsarrangementer, personalidentifikasjon eller premium konferansepass der en slitesterk og sofistikert merkepresentasjon er n\u00f8dvendig. Hver snor leveres som standard med en metallkarabinkrok, med andre klipsalternativer tilgjengelig.<\/p>\n<p><b>Viktige funksjoner:<\/b><\/p>\n<ul>\n<li><b>Dobbel merkevarebygging:<\/b> Kombinerer en sublimeringstrykt snor i fullfarge med en premium vevd etikett i fire farger.<\/li>\n<li><b>Levende sublimering:<\/b> Den 90 cm hvite polyestersnoren er ideell for \u00e5 gjenta design i fullfarge.<\/li>\n<li><b>Premium vevd etikett:<\/b> Tilbyr en slitesterk logo med h\u00f8y oppl\u00f8sning (opptil 4 farger).<\/li>\n<li><b>Metallkarabinkrok:<\/b> Inkluderer en solid metallkarabinkrok, med andre festealternativer tilgjengelig.<\/li>\n<li><b>H\u00f8y-p\u00e5virknings-ID:<\/b> En f\u00f8rsteklasses l\u00f8sning for bedriftsmerkevarebygging, personal-ID og premiumarrangementer.<\/li>\n<\/ul>\n<\/div>\n<\/div>\n<\/div>\n<\/div>","protected":false},"excerpt":{"rendered":"<ul>\n<li>Har en sublimeringstrykt ledning i fullfarge for livlige, gjentatte design.<\/li>\n<li>Inkluderer en f\u00f8rsteklasses, vevd etikett i fire farger for en slitesterk logo.<\/li>\n<li>Slitesterk 90 cm polyestersnor med standard metallkarabinkrok.<\/li>\n<li>Ideell for bedriftsarrangementer, personal-ID-er og messer.<\/li>\n<\/ul>","protected":false},"featured_media":6794,"comment_status":"closed","ping_status":"closed","template":"","meta":[],"product_brand":[],"product_cat":[43],"product_tag":[],"class_list":{"0":"post-1288","1":"product","2":"type-product","3":"status-publish","4":"has-post-thumbnail","6":"product_cat-lanyards","8":"first","9":"instock","10":"shipping-taxable","11":"purchasable","12":"product-type-simple"},"_links":{"self":[{"href":"https:\/\/displayproducts.eu\/nb\/wp-json\/wp\/v2\/product\/1288","targetHints":{"allow":["GET"]}}],"collection":[{"href":"https:\/\/displayproducts.eu\/nb\/wp-json\/wp\/v2\/product"}],"about":[{"href":"https:\/\/displayproducts.eu\/nb\/wp-json\/wp\/v2\/types\/product"}],"replies":[{"embeddable":true,"href":"https:\/\/displayproducts.eu\/nb\/wp-json\/wp\/v2\/comments?post=1288"}],"wp:featuredmedia":[{"embeddable":true,"href":"https:\/\/displayproducts.eu\/nb\/wp-json\/wp\/v2\/media\/6794"}],"wp:attachment":[{"href":"https:\/\/displayproducts.eu\/nb\/wp-json\/wp\/v2\/media?parent=1288"}],"wp:term":[{"taxonomy":"product_brand","embeddable":true,"href":"https:\/\/displayproducts.eu\/nb\/wp-json\/wp\/v2\/product_brand?post=1288"},{"taxonomy":"product_cat","embeddable":true,"href":"https:\/\/displayproducts.eu\/nb\/wp-json\/wp\/v2\/product_cat?post=1288"},{"taxonomy":"product_tag","embeddable":true,"href":"https:\/\/displayproducts.eu\/nb\/wp-json\/wp\/v2\/product_tag?post=1288"}],"curies":[{"name":"wp","href":"https:\/\/api.w.org\/{rel}","templated":true}]}}