{"id":1284,"date":"2024-10-27T11:53:51","date_gmt":"2024-10-27T08:53:51","guid":{"rendered":"https:\/\/wristbandfactory.eu\/toode\/3-tone-lanyards-with-pvc-badge\/"},"modified":"2026-04-01T21:52:36","modified_gmt":"2026-04-01T18:52:36","slug":"3-tone-cord-lanyards-with-pvc-badge","status":"publish","type":"product","link":"https:\/\/displayproducts.eu\/nb\/p\/3-tone-cord-lanyards-with-pvc-badge\/","title":{"rendered":"3-farget snorn\u00f8kkelb\u00e5nd med PVC-merke"},"content":{"rendered":"<div class=\"mx-12 md:mx-24 lg:mx-48\">\n<div class=\"container my-8 svelte-zlsknf\">\n<div class=\"my-24 rounded-lg border-0 border-gray-700 bg-gray-100 px-16 py-24\">\n<div class=\"mt-11 !text-gray-500\">\n<p>Skap en s\u00e6regen og sv\u00e6rt synlig identifikasjonsl\u00f8sning for teamet eller arrangementsdeltakerne dine med v\u00e5re 3-fargede snorarmbind. Denne snoren kombinerer slagkraftig merkevarebygging med slitesterkt og praktisk design.<\/p>\n<p>Den 90 cm lange ledningen er laget av slitesterk polyester og kan tilpasses fullt ut med ditt valg av tre forskjellige farger, slik at du kan matche bedriftens identitet eller arrangementstema perfekt.<\/p>\n<p>Hovedfunksjonen er den spesialtilpassede PVC-merket, som kan st\u00f8pes med logoen eller designet ditt i opptil tre farger. Dette gir et slitesterkt, taktilt og f\u00f8rsteklasses alternativ til et standard trykt pass. Hver lanyard har en solid metallring, med andre klipsalternativer tilgjengelig for \u00e5 passe dine spesifikke ID-innehaver- eller adgangskortkrav. Dette gj\u00f8r dem til et utmerket valg for bedriftspersonale, messeidentifikasjon eller flerdagers arrangementer.<\/p>\n<p><b>Viktige funksjoner:<\/b><\/p>\n<ul>\n<li><b>Tilpasning av trippelfarger:<\/b> Velg tre farger for den 90 cm lange polyestersnoren som matcher merket ditt.<\/li>\n<li><b>Tilpasset PVC-merke:<\/b> Har et spesialst\u00f8pt PVC-merke for logoen din (opptil 3 farger).<\/li>\n<li><b>Slitesterk polyestersnor:<\/b> Bygget for daglig bruk av ansatte eller for arrangementer over flere dager.<\/li>\n<li><b>Allsidige tilbeh\u00f8r:<\/b> Leveres standard med en metallring, eller velg blant andre klipsalternativer.<\/li>\n<li><b>H\u00f8y-p\u00e5virknings-ID:<\/b> Ideelt for visuelt segmentering av ansatte, VIP-er eller arrangementsteam.<\/li>\n<\/ul>\n<\/div>\n<\/div>\n<\/div>\n<\/div>","protected":false},"excerpt":{"rendered":"<ul>\n<li>Har en slitesterk trefarget polyestersnor (velg tre farger).<\/li>\n<li>Inkluderer et spesialdesignet PVC-merke (opptil 3 farger) for logoen din.<\/li>\n<li>Leveres standard med en metallring, med andre klipsalternativer tilgjengelig.<\/li>\n<li>Ideell for s\u00e6regen identifikasjon av ansatte eller adgangskort til bedriftsarrangementer.<\/li>\n<\/ul>","protected":false},"featured_media":6820,"comment_status":"closed","ping_status":"closed","template":"","meta":[],"product_brand":[],"product_cat":[43],"product_tag":[],"class_list":{"0":"post-1284","1":"product","2":"type-product","3":"status-publish","4":"has-post-thumbnail","6":"product_cat-lanyards","8":"first","9":"instock","10":"shipping-taxable","11":"purchasable","12":"product-type-simple"},"_links":{"self":[{"href":"https:\/\/displayproducts.eu\/nb\/wp-json\/wp\/v2\/product\/1284","targetHints":{"allow":["GET"]}}],"collection":[{"href":"https:\/\/displayproducts.eu\/nb\/wp-json\/wp\/v2\/product"}],"about":[{"href":"https:\/\/displayproducts.eu\/nb\/wp-json\/wp\/v2\/types\/product"}],"replies":[{"embeddable":true,"href":"https:\/\/displayproducts.eu\/nb\/wp-json\/wp\/v2\/comments?post=1284"}],"wp:featuredmedia":[{"embeddable":true,"href":"https:\/\/displayproducts.eu\/nb\/wp-json\/wp\/v2\/media\/6820"}],"wp:attachment":[{"href":"https:\/\/displayproducts.eu\/nb\/wp-json\/wp\/v2\/media?parent=1284"}],"wp:term":[{"taxonomy":"product_brand","embeddable":true,"href":"https:\/\/displayproducts.eu\/nb\/wp-json\/wp\/v2\/product_brand?post=1284"},{"taxonomy":"product_cat","embeddable":true,"href":"https:\/\/displayproducts.eu\/nb\/wp-json\/wp\/v2\/product_cat?post=1284"},{"taxonomy":"product_tag","embeddable":true,"href":"https:\/\/displayproducts.eu\/nb\/wp-json\/wp\/v2\/product_tag?post=1284"}],"curies":[{"name":"wp","href":"https:\/\/api.w.org\/{rel}","templated":true}]}}