{"id":1280,"date":"2024-10-27T11:53:51","date_gmt":"2024-10-27T08:53:51","guid":{"rendered":"https:\/\/wristbandfactory.eu\/toode\/3-tone-lanyards-with-woven-label\/"},"modified":"2026-04-01T21:52:36","modified_gmt":"2026-04-01T18:52:36","slug":"3-tone-cord-lanyards-with-woven-label","status":"publish","type":"product","link":"https:\/\/displayproducts.eu\/nb\/p\/3-tone-cord-lanyards-with-woven-label\/","title":{"rendered":"3-farget snorarmbind med vevd etikett"},"content":{"rendered":"<div class=\"mx-12 md:mx-24 lg:mx-48\">\n<div class=\"container my-8 svelte-zlsknf\">\n<div class=\"my-24 rounded-lg border-0 border-gray-700 bg-gray-100 px-16 py-24\">\n<div class=\"mt-11 !text-gray-500\">\n<p>Forsterk bedriftens identitet med v\u00e5re 3-fargede snorarmbind, som har en f\u00f8rsteklasses vevd etikett. Denne snoren er et sofistikert og sv\u00e6rt slitesterkt alternativ til standard trykte alternativer, noe som gj\u00f8r den ideell for personal-ID eller flerdagskonferanser.<\/p>\n<p>N\u00f8kkelsnoren er laget av en robust 90 cm lang, trefarget polyestersnor, som kan tilpasses fullt ut med ditt valg av tre farger for \u00e5 matche merkeidentiteten din.<\/p>\n<p>I stedet for et trykt merke har denne modellen en vevd etikett med h\u00f8y definisjon som er sikkert festet til snoren med en slitesterk elastisk beslag (tilgjengelig i hvitt eller svart). Denne vevde etiketten kan vise frem logoen eller designet ditt i opptil fire farger, noe som gir en langvarig, profesjonell finish som ikke falmer eller riper. Hver lanyard leveres som standard med en metallring, med andre klipsalternativer tilgjengelig.<\/p>\n<p><b>Viktige funksjoner:<\/b><\/p>\n<ul>\n<li><b>Tilpasset 3-toners ledning:<\/b> Velg tre farger for den 90 cm lange polyestersnoren som passer til bedriftens merkevare.<\/li>\n<li><b>Premium vevd etikett:<\/b> Har en vevd etikett med h\u00f8y oppl\u00f8sning for logoen din (opptil 4 farger), som gir en f\u00f8rsteklasses og slitesterk finish.<\/li>\n<li><b>Slitesterkt feste:<\/b> Etiketten festes sikkert med en hvit eller svart strikk.<\/li>\n<li><b>Allsidig maskinvare:<\/b> Leveres standard med en metallring, med andre klipsalternativer tilgjengelig for \u00e5 passe enhver ID-holder.<\/li>\n<li><b>Langvarig merkevarebygging:<\/b> Et overlegent valg for daglig bruk av ansatte eller identifisering av arrangementer over flere dager.<\/li>\n<\/ul>\n<\/div>\n<\/div>\n<\/div>\n<\/div>","protected":false},"excerpt":{"rendered":"<ul>\n<li>Har en slitesterk 90 cm polyestersnor (velg 3 spesialfarger).<\/li>\n<li>Inkluderer en vevd etikett av h\u00f8y kvalitet til logoen din (opptil 4 farger).<\/li>\n<li>Leveres med metallring eller andre klipsalternativer for allsidig bruk.<\/li>\n<li>Ideell for en slitesterk og langvarig l\u00f8sning for bedrifts-ID eller arrangementskort.<\/li>\n<\/ul>","protected":false},"featured_media":6823,"comment_status":"closed","ping_status":"closed","template":"","meta":[],"product_brand":[],"product_cat":[43],"product_tag":[],"class_list":{"0":"post-1280","1":"product","2":"type-product","3":"status-publish","4":"has-post-thumbnail","6":"product_cat-lanyards","8":"first","9":"instock","10":"shipping-taxable","11":"purchasable","12":"product-type-simple"},"_links":{"self":[{"href":"https:\/\/displayproducts.eu\/nb\/wp-json\/wp\/v2\/product\/1280","targetHints":{"allow":["GET"]}}],"collection":[{"href":"https:\/\/displayproducts.eu\/nb\/wp-json\/wp\/v2\/product"}],"about":[{"href":"https:\/\/displayproducts.eu\/nb\/wp-json\/wp\/v2\/types\/product"}],"replies":[{"embeddable":true,"href":"https:\/\/displayproducts.eu\/nb\/wp-json\/wp\/v2\/comments?post=1280"}],"wp:featuredmedia":[{"embeddable":true,"href":"https:\/\/displayproducts.eu\/nb\/wp-json\/wp\/v2\/media\/6823"}],"wp:attachment":[{"href":"https:\/\/displayproducts.eu\/nb\/wp-json\/wp\/v2\/media?parent=1280"}],"wp:term":[{"taxonomy":"product_brand","embeddable":true,"href":"https:\/\/displayproducts.eu\/nb\/wp-json\/wp\/v2\/product_brand?post=1280"},{"taxonomy":"product_cat","embeddable":true,"href":"https:\/\/displayproducts.eu\/nb\/wp-json\/wp\/v2\/product_cat?post=1280"},{"taxonomy":"product_tag","embeddable":true,"href":"https:\/\/displayproducts.eu\/nb\/wp-json\/wp\/v2\/product_tag?post=1280"}],"curies":[{"name":"wp","href":"https:\/\/api.w.org\/{rel}","templated":true}]}}