{"id":1279,"date":"2024-10-27T11:53:51","date_gmt":"2024-10-27T08:53:51","guid":{"rendered":"https:\/\/wristbandfactory.eu\/toode\/glitter-lanyards\/"},"modified":"2026-04-01T21:52:36","modified_gmt":"2026-04-01T18:52:36","slug":"printed-glitter-lanyards-vip-gala-events","status":"publish","type":"product","link":"https:\/\/displayproducts.eu\/nb\/p\/printed-glitter-lanyards-vip-gala-events\/","title":{"rendered":"Glitrende n\u00f8kkelb\u00e5nd med trykk"},"content":{"rendered":"<div class=\"mx-12 md:mx-24 lg:mx-48\">\n<div class=\"container my-8 svelte-zlsknf\">\n<div class=\"my-24 rounded-lg border-0 border-gray-700 bg-gray-100 px-16 py-24\">\n<div class=\"mt-11 !text-gray-500\">\n<p data-path-to-node=\"11\">F\u00e5 merkevaren din til \u00e5 skinne og s\u00f8rg for at gjestene dine f\u00f8ler seg eksklusive med v\u00e5re <b>Tilpassede trykte glitter-armbind<\/b>. Denne lanyarden er det beste valget for prisutdelingskvelder, VIP-gallaer, musikkfestivaler og bedriftsfeiringer der standard lanyards ganske uten trykkt glir i ett med bakgrunnen.<\/p>\n<p data-path-to-node=\"12\">Snoren er laget av et slitesterkt 90 cm polyesterb\u00e5ndfundament, som deretter er lagt over med et distinkt <b>h\u00f8yglans glittermateriale<\/b>. Dette skaper et unikt, blendende lerret som fanger opp belysningen i lokalet og sikrer h\u00f8y synlighet selv i svake omgivelser. Det er et utmerket verkt\u00f8y for sikkerhets- og gjestfrihetsteam for raskt \u00e5 identifisere VIP-er, backstage-personell eller sponsorer p\u00e5 h\u00f8yt niv\u00e5.<\/p>\n<p data-path-to-node=\"13\">Vi trykker logoen din p\u00e5 den ene siden av glitteroverflaten ved hjelp av <b>presis Pantone-fargematching<\/b>. P\u00e5 grunn av glitterets tekstur anbefaler vi dristige, enkle logoer for best mulig lesbarhet. Hver lanyard leveres som standard med en robust <b>metallkarabinkrok<\/b>, noe som gir produktet en profesjonell tyngde og f\u00f8lelse, selv om andre festealternativer er tilgjengelige for \u00e5 passe dine spesifikke ID-kortkrav.<\/p>\n<p data-path-to-node=\"14\"><b>Viktige funksjoner:<\/b><\/p>\n<ul data-path-to-node=\"15\">\n<li>\n<p data-path-to-node=\"15,0,0\"><b>Materiale:<\/b> Polyesterbase med et smeltet h\u00f8yglansglitteroverlegg.<\/p>\n<\/li>\n<li>\n<p data-path-to-node=\"15,1,0\"><b>Visuell effekt:<\/b> Glitrende finish gir f\u00f8rsteklasses estetikk for eksklusive arrangementer.<\/p>\n<\/li>\n<li>\n<p data-path-to-node=\"15,2,0\"><b>Printing:<\/b> Ensidig spesialtilpasset silketrykk med Pantone-matching (best for dristige logoer).<\/p>\n<\/li>\n<li>\n<p data-path-to-node=\"15,3,0\"><b>S\u00f8knad:<\/b> Ideell for \u00e5 skille VIP-gjester, foredragsholdere og ansatte p\u00e5 fester og gallaer.<\/p>\n<\/li>\n<li>\n<p data-path-to-node=\"15,4,0\"><b>Maskinvare:<\/b> Inkluderer en solid metallkarabinkrok for sikker oppbevaring av merket.<\/p>\n<\/li>\n<\/ul>\n<\/div>\n<\/div>\n<\/div>\n<\/div>","protected":false},"excerpt":{"rendered":"<ul>\n<li>\n<p data-path-to-node=\"9,0,0\"><b>Effektiv gnist:<\/b> Et f\u00f8rsteklasses glitteroverlegg skaper en skimrende og i\u00f8ynefallende finish som er ideell for kveldsarrangementer.<\/p>\n<\/li>\n<li>\n<p data-path-to-node=\"9,1,0\"><b>VIP-differensiering:<\/b> Det distinkte visuelle utseendet skiller umiddelbart spesielle gjester, ansatte eller prisvinnere.<\/p>\n<\/li>\n<li>\n<p data-path-to-node=\"9,2,0\"><b>Tilpasset merkevarebygging:<\/b> Logoen din blir silketrykket i \u00e9n farge (Pantone-matchet) direkte p\u00e5 glitteroverflaten.<\/p>\n<\/li>\n<li>\n<p data-path-to-node=\"9,3,0\"><b>Holdbar komfort:<\/b> Bygget p\u00e5 en sterk 90 cm polyesterbase som sikrer holdbarhet uten at det g\u00e5r p\u00e5 bekostning av stilen.<\/p>\n<\/li>\n<\/ul>","protected":false},"featured_media":6741,"comment_status":"closed","ping_status":"closed","template":"","meta":[],"product_brand":[],"product_cat":[104],"product_tag":[],"class_list":{"0":"post-1279","1":"product","2":"type-product","3":"status-publish","4":"has-post-thumbnail","6":"product_cat-custom-printed-lanyards","8":"first","9":"instock","10":"shipping-taxable","11":"purchasable","12":"product-type-simple"},"_links":{"self":[{"href":"https:\/\/displayproducts.eu\/nb\/wp-json\/wp\/v2\/product\/1279","targetHints":{"allow":["GET"]}}],"collection":[{"href":"https:\/\/displayproducts.eu\/nb\/wp-json\/wp\/v2\/product"}],"about":[{"href":"https:\/\/displayproducts.eu\/nb\/wp-json\/wp\/v2\/types\/product"}],"replies":[{"embeddable":true,"href":"https:\/\/displayproducts.eu\/nb\/wp-json\/wp\/v2\/comments?post=1279"}],"wp:featuredmedia":[{"embeddable":true,"href":"https:\/\/displayproducts.eu\/nb\/wp-json\/wp\/v2\/media\/6741"}],"wp:attachment":[{"href":"https:\/\/displayproducts.eu\/nb\/wp-json\/wp\/v2\/media?parent=1279"}],"wp:term":[{"taxonomy":"product_brand","embeddable":true,"href":"https:\/\/displayproducts.eu\/nb\/wp-json\/wp\/v2\/product_brand?post=1279"},{"taxonomy":"product_cat","embeddable":true,"href":"https:\/\/displayproducts.eu\/nb\/wp-json\/wp\/v2\/product_cat?post=1279"},{"taxonomy":"product_tag","embeddable":true,"href":"https:\/\/displayproducts.eu\/nb\/wp-json\/wp\/v2\/product_tag?post=1279"}],"curies":[{"name":"wp","href":"https:\/\/api.w.org\/{rel}","templated":true}]}}