{"id":1276,"date":"2024-10-27T11:53:51","date_gmt":"2024-10-27T08:53:51","guid":{"rendered":"https:\/\/wristbandfactory.eu\/toode\/round-lanyard-with-domed-slider\/"},"modified":"2026-04-01T21:52:36","modified_gmt":"2026-04-01T18:52:36","slug":"round-cord-lanyards-with-dome-logo-slider-epoxy-3d","status":"publish","type":"product","link":"https:\/\/displayproducts.eu\/nb\/p\/round-cord-lanyards-with-dome-logo-slider-epoxy-3d\/","title":{"rendered":"Runde snorarmbind med kuppellogo-slider (epoxy 3D)"},"content":{"rendered":"<div class=\"mx-12 md:mx-24 lg:mx-48\">\n<div class=\"container my-8 svelte-zlsknf\">\n<div class=\"my-24 rounded-lg border-0 border-gray-700 bg-gray-100 px-16 py-24\">\n<div class=\"mt-11 !text-gray-500\">\n<p data-path-to-node=\"7\">Tilbyr en elegant, moderne og eksklusiv m\u00e5te \u00e5 vise identifikasjon p\u00e5 med v\u00e5re runde snorarmbind med kuppellogo-slider. Denne minimalistiske designen er foretrukket av teknologiselskaper, oppstartsbedrifter og arrang\u00f8rer av premiumkonferanser som \u00f8nsker \u00e5 bevege seg bort fra tradisjonelle brede \u201cbillboard\u201d-armbind.<\/p>\n<p data-path-to-node=\"8\"><b>\u201cKuppelen\u201d-fordelen<\/b> Det mest fremtredende med dette produktet er slideren for merkevarebygging. I motsetning til vanlig flattrykk er logoen din dekket med et lag med klar epoksyharpiks (doming). Dette skaper et forst\u00f8rrelsesglass. <b>3D-effekt<\/b> som gj\u00f8r fargene mer levende og gir merkevaren en smykkelignende finish av h\u00f8y kvalitet. Harpiksen beskytter ogs\u00e5 logoen mot riper, falming eller vannskader, noe som sikrer at merkevaren din ser plettfri ut gjennom langvarig bruk.<\/p>\n<p data-path-to-node=\"9\"><b>Komfort og holdbarhet<\/b> Denne halssnoren er laget av en slitesterk polyestersnor (~5 mm tykkelse), og er lett og komfortabel p\u00e5 halsen. Den leveres som standard med en karabinkrok av h\u00f8y kvalitet i metall for sikker oppbevaring av ID-kort, n\u00f8kkelb\u00e5nd eller adgangsbrikker. Skyvedekselet er standard svart, men vi kan produsere det i spesialtilpassede merkefarger for st\u00f8rre bestillinger, noe som sikrer en perfekt match til bedriftens identitet.<\/p>\n<p data-path-to-node=\"10\"><b>Viktige funksjoner:<\/b><\/p>\n<ul data-path-to-node=\"11\">\n<li>\n<p data-path-to-node=\"11,0,0\"><b>Epoxy-kuppelglider:<\/b> Det harpiksbelagte merkeomr\u00e5det skaper et f\u00f8rsteklasses, ripebestandig 3D-utseende.<\/p>\n<\/li>\n<li>\n<p data-path-to-node=\"11,1,0\"><b>Rund polyestersnor:<\/b> Slitesterkt og komfortabelt alternativ til flate halsb\u00e5nd.<\/p>\n<\/li>\n<li>\n<p data-path-to-node=\"11,2,0\"><b>Livlig merkevarebygging:<\/b> Ideell for fargerike logoer som m\u00e5 skille seg ut.<\/p>\n<\/li>\n<li>\n<p data-path-to-node=\"11,3,0\"><b>Metallkarabinkrok:<\/b> Kraftig klips sikrer sikkert feste for merker og n\u00f8kkelb\u00e5nd.<\/p>\n<\/li>\n<li>\n<p data-path-to-node=\"11,4,0\"><b>Profesjonell estetikk:<\/b> Minimalistisk design egnet for VIP-er og bedriftsansatte.<\/p>\n<\/li>\n<\/ul>\n<\/div>\n<\/div>\n<\/div>\n<\/div>","protected":false},"excerpt":{"rendered":"<ul>\n<li>\n<p data-path-to-node=\"6,0,0\"><b>Premium merkevarebygging:<\/b> Den glidende logoplaten har et krystallklart epoksyharpiksbelegg (doming) for en 3D-effekt.<\/p>\n<\/li>\n<li>\n<p data-path-to-node=\"6,1,0\"><b>Fullfargetrykk:<\/b> Gir livlige, detaljerte logoer som er beskyttet mot riper og falming.<\/p>\n<\/li>\n<li>\n<p data-path-to-node=\"6,2,0\"><b>Slank design:<\/b> 90 cm rund polyestersnor tilbyr et moderne og minimalistisk alternativ til flate b\u00e5nd.<\/p>\n<\/li>\n<li>\n<p data-path-to-node=\"6,3,0\"><b>Sikker vedlegg:<\/b> Leveres som standard med en solid metallkarabinkrok for ID-kort.<\/p>\n<\/li>\n<li><\/li>\n<\/ul>","protected":false},"featured_media":6765,"comment_status":"closed","ping_status":"closed","template":"","meta":[],"product_brand":[],"product_cat":[43,125,104],"product_tag":[],"class_list":{"0":"post-1276","1":"product","2":"type-product","3":"status-publish","4":"has-post-thumbnail","6":"product_cat-lanyards","7":"product_cat-cord-lanyards","8":"product_cat-custom-printed-lanyards","10":"first","11":"instock","12":"shipping-taxable","13":"purchasable","14":"product-type-simple"},"_links":{"self":[{"href":"https:\/\/displayproducts.eu\/nb\/wp-json\/wp\/v2\/product\/1276","targetHints":{"allow":["GET"]}}],"collection":[{"href":"https:\/\/displayproducts.eu\/nb\/wp-json\/wp\/v2\/product"}],"about":[{"href":"https:\/\/displayproducts.eu\/nb\/wp-json\/wp\/v2\/types\/product"}],"replies":[{"embeddable":true,"href":"https:\/\/displayproducts.eu\/nb\/wp-json\/wp\/v2\/comments?post=1276"}],"wp:featuredmedia":[{"embeddable":true,"href":"https:\/\/displayproducts.eu\/nb\/wp-json\/wp\/v2\/media\/6765"}],"wp:attachment":[{"href":"https:\/\/displayproducts.eu\/nb\/wp-json\/wp\/v2\/media?parent=1276"}],"wp:term":[{"taxonomy":"product_brand","embeddable":true,"href":"https:\/\/displayproducts.eu\/nb\/wp-json\/wp\/v2\/product_brand?post=1276"},{"taxonomy":"product_cat","embeddable":true,"href":"https:\/\/displayproducts.eu\/nb\/wp-json\/wp\/v2\/product_cat?post=1276"},{"taxonomy":"product_tag","embeddable":true,"href":"https:\/\/displayproducts.eu\/nb\/wp-json\/wp\/v2\/product_tag?post=1276"}],"curies":[{"name":"wp","href":"https:\/\/api.w.org\/{rel}","templated":true}]}}