{"id":1275,"date":"2024-10-27T11:53:51","date_gmt":"2024-10-27T08:53:51","guid":{"rendered":"https:\/\/wristbandfactory.eu\/toode\/reflective-lanyards\/"},"modified":"2026-04-01T21:52:36","modified_gmt":"2026-04-01T18:52:36","slug":"printed-reflective-lanyards","status":"publish","type":"product","link":"https:\/\/displayproducts.eu\/nb\/p\/printed-reflective-lanyards\/","title":{"rendered":"Trykte reflekterende armbind"},"content":{"rendered":"<div class=\"mx-12 md:mx-24 lg:mx-48\">\n<div class=\"container my-8 svelte-zlsknf\">\n<div class=\"my-24 rounded-lg border-0 border-gray-700 bg-gray-100 px-16 py-24\">\n<div class=\"mt-11 !text-gray-500\">\n<p>Maksimer sikkerheten og synligheten til teamet ditt med v\u00e5re <b>Trykte reflekterende armbind<\/b>. Dette produktet er et viktig verkt\u00f8y for enhver organisasjon som krever h\u00f8y synlighet for sine ansatte, for eksempel p\u00e5 kveldsarrangementer, p\u00e5 byggeplasser eller innen logistikk.<\/p>\n<p>Denne 90 cm lange snoren er laget av et slitesterkt polyesterb\u00e5nd, som deretter er dekket med en <b>gr\u00e5tt reflekterende overlegg<\/b>. Dette heldekkende overtrekket gir maksimal overflate for \u00e5 fange lys i m\u00f8rke forhold, noe som gj\u00f8r brukeren godt synlig.<\/p>\n<p>Organisasjonens logo trykkes deretter direkte p\u00e5 denne reflekterende overflaten i dine spesifikke Pantone-matchede farger. Dette sikrer at merkevaren din er tydelig og profesjonell, samtidig som den opprettholder snorens prim\u00e6re sikkerhetsfunksjon. Hver snor leveres som standard med en metallkarabinkrok for sikkert feste av ID-kort eller adgangskort.<\/p>\n<p><b>Viktige funksjoner:<\/b><\/p>\n<ul>\n<li><b>Full reflekterende overlegg:<\/b> Har et gr\u00e5tt reflekterende overlegg for 360-graders synlighet under d\u00e5rlige lysforhold.<\/li>\n<li><b>Tilpasset ensidig utskrift:<\/b> Logoen din trykkes direkte p\u00e5 den reflekterende overflaten med Pantone-fargetilpasning.<\/li>\n<li><b>Slitesterk polyesterbase:<\/b> Et 90 cm polyesterb\u00e5nd gir en sterk og komfortabel base.<\/li>\n<li><b>Forbedret sikkerhet:<\/b> Ideell for ansatte, kveldsarrangementer eller andre milj\u00f8er som krever h\u00f8y synlighet.<\/li>\n<li><b>Standard metallkarabinkrok:<\/b> Inkluderer en sikker metallkarabinkrok (andre klipsalternativer tilgjengelig).<\/li>\n<\/ul>\n<p>&nbsp;<\/p>\n<\/div>\n<\/div>\n<\/div>\n<\/div>","protected":false},"excerpt":{"rendered":"<ul>\n<li>Har et gr\u00e5tt reflekterende overlag i full bredde for maksimal synlighet.<\/li>\n<li>Spesialtrykk p\u00e5 den ene siden med din Pantone-matchede logo.<\/li>\n<li>Ideell for arrangementspersonale, bygg og anlegg eller sikkerhetsprogrammer i bedrifter.<\/li>\n<li>Slitesterk 90 cm polyesterstropp med metallkarabinkrok.<\/li>\n<\/ul>","protected":false},"featured_media":6750,"comment_status":"closed","ping_status":"closed","template":"","meta":[],"product_brand":[],"product_cat":[43,109],"product_tag":[],"class_list":{"0":"post-1275","1":"product","2":"type-product","3":"status-publish","4":"has-post-thumbnail","6":"product_cat-lanyards","7":"product_cat-reflective-lanyards","9":"first","10":"instock","11":"shipping-taxable","12":"purchasable","13":"product-type-simple"},"_links":{"self":[{"href":"https:\/\/displayproducts.eu\/nb\/wp-json\/wp\/v2\/product\/1275","targetHints":{"allow":["GET"]}}],"collection":[{"href":"https:\/\/displayproducts.eu\/nb\/wp-json\/wp\/v2\/product"}],"about":[{"href":"https:\/\/displayproducts.eu\/nb\/wp-json\/wp\/v2\/types\/product"}],"replies":[{"embeddable":true,"href":"https:\/\/displayproducts.eu\/nb\/wp-json\/wp\/v2\/comments?post=1275"}],"wp:featuredmedia":[{"embeddable":true,"href":"https:\/\/displayproducts.eu\/nb\/wp-json\/wp\/v2\/media\/6750"}],"wp:attachment":[{"href":"https:\/\/displayproducts.eu\/nb\/wp-json\/wp\/v2\/media?parent=1275"}],"wp:term":[{"taxonomy":"product_brand","embeddable":true,"href":"https:\/\/displayproducts.eu\/nb\/wp-json\/wp\/v2\/product_brand?post=1275"},{"taxonomy":"product_cat","embeddable":true,"href":"https:\/\/displayproducts.eu\/nb\/wp-json\/wp\/v2\/product_cat?post=1275"},{"taxonomy":"product_tag","embeddable":true,"href":"https:\/\/displayproducts.eu\/nb\/wp-json\/wp\/v2\/product_tag?post=1275"}],"curies":[{"name":"wp","href":"https:\/\/api.w.org\/{rel}","templated":true}]}}