{"id":1272,"date":"2024-10-27T11:53:51","date_gmt":"2024-10-27T08:53:51","guid":{"rendered":"https:\/\/wristbandfactory.eu\/toode\/flat-polyester-lanyards-with-metal-bottle-opener\/"},"modified":"2026-04-01T21:52:04","modified_gmt":"2026-04-01T18:52:04","slug":"polyester-lanyards-with-bottle-opener","status":"publish","type":"product","link":"https:\/\/displayproducts.eu\/nb\/p\/polyester-lanyards-with-bottle-opener\/","title":{"rendered":"Polyester-armbind med flaske\u00e5pner"},"content":{"rendered":"<div class=\"mx-12 md:mx-24 lg:mx-48\">\n<div class=\"container my-8 svelte-zlsknf\">\n<div class=\"my-24 rounded-lg border-0 border-gray-700 bg-gray-100 px-16 py-24\">\n<div class=\"mt-11 !text-gray-500\">\n<p>Kombiner merkevaresynlighet med praktisk nytteverdi med v\u00e5re polyester-armbind med innebygd flaske\u00e5pner. Denne multifunksjonelle snoren er et utmerket markedsf\u00f8ringsverkt\u00f8y for festivaler, arrangementer innen gjestfrihet, messer og firmafester, og s\u00f8rger for at merkevaren din forblir i h\u00e5nden.<\/p>\n<p>B\u00e5ndet er laget av slitesterk 90 cm polyester, og gir en stor, glatt overflate til logoen din. Vi kan trykke designet ditt med presis Pantone-fargematching p\u00e5 \u00e9n eller to sider.<\/p>\n<p>Denne lanyarden er designet for maksimal funksjonalitet. Den inkluderer b\u00e5de en solid metallflaske\u00e5pner og en separat metallkarabinkrok, slik at deltakerne kan vise frem ID-kortet sitt samtidig som de har et praktisk verkt\u00f8y lett tilgjengelig. Dette gj\u00f8r den til en minneverdig og effektiv gave som kunder og deltakere vil beholde og bruke.<\/p>\n<p><b>Viktige funksjoner:<\/b><\/p>\n<ul>\n<li><b>Integrert flaske\u00e5pner:<\/b> Har en slitesterk, innebygd flaske\u00e5pner i metall for et sv\u00e6rt nyttig reklameprodukt.<\/li>\n<li><b>Doble vedlegg:<\/b> Leveres med b\u00e5de flaske\u00e5pner og en metallkarabinkrok, slik at den kan brukes som ID-holder samtidig.<\/li>\n<li><b>Tilpasset polyesterstropp:<\/b> Slitesterk 90 cm stropp, spesialtrykt med din Pantone-matchede logo.<\/li>\n<li><b>1- eller 2-sidig utskrift:<\/b> Velg mellom ensidig eller tosidig utskrift for maksimal merkevareeksponering.<\/li>\n<li><b>Ideell arrangementsgave:<\/b> Et sv\u00e6rt praktisk og minneverdig element for festivaler, messer og bedriftsarrangementer.<\/li>\n<\/ul>\n<\/div>\n<\/div>\n<\/div>\n<\/div>","protected":false},"excerpt":{"rendered":"<ul>\n<li>Har en funksjonell, integrert metallflaske\u00e5pner for h\u00f8y nytteverdi.<\/li>\n<li>Slitesterk 90 cm polyesterstropp, spesialtrykket med din logo.<\/li>\n<li>Pantone-matchet logotrykk tilgjengelig p\u00e5 \u00e9n eller to sider.<\/li>\n<li>Inkluderer en separat metallkarabinkrok for ID-kort eller n\u00f8kkelb\u00e5nd.<\/li>\n<\/ul>","protected":false},"featured_media":6724,"comment_status":"closed","ping_status":"closed","template":"","meta":[],"product_brand":[],"product_cat":[43,108],"product_tag":[],"class_list":{"0":"post-1272","1":"product","2":"type-product","3":"status-publish","4":"has-post-thumbnail","6":"product_cat-lanyards","7":"product_cat-multifunctional-lanyards","9":"first","10":"instock","11":"shipping-taxable","12":"purchasable","13":"product-type-simple"},"_links":{"self":[{"href":"https:\/\/displayproducts.eu\/nb\/wp-json\/wp\/v2\/product\/1272","targetHints":{"allow":["GET"]}}],"collection":[{"href":"https:\/\/displayproducts.eu\/nb\/wp-json\/wp\/v2\/product"}],"about":[{"href":"https:\/\/displayproducts.eu\/nb\/wp-json\/wp\/v2\/types\/product"}],"replies":[{"embeddable":true,"href":"https:\/\/displayproducts.eu\/nb\/wp-json\/wp\/v2\/comments?post=1272"}],"wp:featuredmedia":[{"embeddable":true,"href":"https:\/\/displayproducts.eu\/nb\/wp-json\/wp\/v2\/media\/6724"}],"wp:attachment":[{"href":"https:\/\/displayproducts.eu\/nb\/wp-json\/wp\/v2\/media?parent=1272"}],"wp:term":[{"taxonomy":"product_brand","embeddable":true,"href":"https:\/\/displayproducts.eu\/nb\/wp-json\/wp\/v2\/product_brand?post=1272"},{"taxonomy":"product_cat","embeddable":true,"href":"https:\/\/displayproducts.eu\/nb\/wp-json\/wp\/v2\/product_cat?post=1272"},{"taxonomy":"product_tag","embeddable":true,"href":"https:\/\/displayproducts.eu\/nb\/wp-json\/wp\/v2\/product_tag?post=1272"}],"curies":[{"name":"wp","href":"https:\/\/api.w.org\/{rel}","templated":true}]}}